{"id":17276,"date":"2024-01-26T09:48:54","date_gmt":"2024-01-26T09:48:54","guid":{"rendered":"http:\/\/citywall.eu\/?page_id=17276"},"modified":"2026-03-02T14:11:11","modified_gmt":"2026-03-02T14:11:11","slug":"dienstleistungen","status":"publish","type":"page","link":"https:\/\/citywall.eu\/de\/dienstleistungen\/","title":{"rendered":"Dienstleistungen"},"content":{"rendered":"\n<style type=\"text\/css\" data-created_by=\"avia_inline_auto\" id=\"style-css-av-kzmjptlx-e38383fd036054dc7e87487feded62f4\">\n.avia-section.av-kzmjptlx-e38383fd036054dc7e87487feded62f4{\nbackground-repeat:no-repeat;\nbackground-image:url(https:\/\/citywall.eu\/wp-content\/uploads\/2021\/03\/Montaza-Beljak-15-1500x630.jpg);\nbackground-position:50% 50%;\nbackground-attachment:fixed;\n}\n.avia-section.av-kzmjptlx-e38383fd036054dc7e87487feded62f4 .av-section-color-overlay{\nopacity:0.5;\nbackground-color:#1c75bc;\n}\n<\/style>\n<div id='av_section_1'  class='avia-section av-kzmjptlx-e38383fd036054dc7e87487feded62f4 main_color avia-section-default avia-no-border-styling  avia-builder-el-0  el_before_av_one_full  avia-builder-el-first  avia-full-stretch avia-bg-style-fixed av-section-color-overlay-active av-minimum-height av-minimum-height-custom av-height-custom  container_wrap fullsize'  data-section-bg-repeat='stretch' data-av_minimum_height_px='500'><div class=\"av-section-color-overlay-wrap\"><div class=\"av-section-color-overlay\"><\/div><div class='container av-section-cont-open' style='height:500px'><main  role=\"main\" itemprop=\"mainContentOfPage\"  class='template-page content  av-content-full alpha units'><div class='post-entry post-entry-type-page post-entry-17276'><div class='entry-content-wrapper clearfix'>\n\n<style type=\"text\/css\" data-created_by=\"avia_inline_auto\" id=\"style-css-av-kzmjq8fe-91f1fe0a40560d6232ab4080dc309f75\">\n#top .av_textblock_section.av-kzmjq8fe-91f1fe0a40560d6232ab4080dc309f75 .avia_textblock{\ncolor:#ffffff;\n}\n<\/style>\n<section  class='av_textblock_section av-kzmjq8fe-91f1fe0a40560d6232ab4080dc309f75 '   itemscope=\"itemscope\" itemtype=\"https:\/\/schema.org\/CreativeWork\" ><div class='avia_textblock av_inherit_color'  itemprop=\"text\" ><h1 style=\"text-align: center;\">Unsere Dienstleistungen<\/h1>\n<\/div><\/section>\n\n<style type=\"text\/css\" data-created_by=\"avia_inline_auto\" id=\"style-css-av-jztv5pus-d9b636b11075aa0993b22db579260408\">\n#top .hr.hr-invisible.av-jztv5pus-d9b636b11075aa0993b22db579260408{\nheight:40px;\n}\n<\/style>\n<div  class='hr av-jztv5pus-d9b636b11075aa0993b22db579260408 hr-invisible  avia-builder-el-2  el_after_av_textblock  el_before_av_textblock '><span class='hr-inner '><span class=\"hr-inner-style\"><\/span><\/span><\/div>\n\n<style type=\"text\/css\" data-created_by=\"avia_inline_auto\" id=\"style-css-av-kzmjq8fe-19-b4d380e1a25e92271eb6904da9752c19\">\n#top .av_textblock_section.av-kzmjq8fe-19-b4d380e1a25e92271eb6904da9752c19 .avia_textblock{\ncolor:#ffffff;\n}\n<\/style>\n<section  class='av_textblock_section av-kzmjq8fe-19-b4d380e1a25e92271eb6904da9752c19 '   itemscope=\"itemscope\" itemtype=\"https:\/\/schema.org\/CreativeWork\" ><div class='avia_textblock av_inherit_color'  itemprop=\"text\" ><h2 style=\"text-align: center;\">Bringen Sie Ihre Kletterprojekte mit unseren ganzheitlichen L\u00f6sungen auf ein neues Niveau.<\/h2>\n<\/div><\/section>\n<\/div><\/div><\/main><!-- close content main element --><\/div><\/div><\/div><div id='after_section_1'  class='main_color av_default_container_wrap container_wrap fullsize'  ><div class='container av-section-cont-open' ><div class='template-page content  av-content-full alpha units'><div class='post-entry post-entry-type-page post-entry-17276'><div class='entry-content-wrapper clearfix'>\n\n<style type=\"text\/css\" data-created_by=\"avia_inline_auto\" id=\"style-css-av-2gyl1w-a1223579b51221cd55110d060e2c1149\">\n.flex_column.av-2gyl1w-a1223579b51221cd55110d060e2c1149{\n-webkit-border-radius:0px 0px 0px 0px;\n-moz-border-radius:0px 0px 0px 0px;\nborder-radius:0px 0px 0px 0px;\npadding:0px 0px 0px 0px;\n}\n<\/style>\n<div  class='flex_column av-2gyl1w-a1223579b51221cd55110d060e2c1149 av_one_full  avia-builder-el-4  el_after_av_section  el_before_av_hr  avia-builder-el-first  first flex_column_div av-zero-column-padding  '     ><style type=\"text\/css\" data-created_by=\"avia_inline_auto\" id=\"style-css-av-kzmjq8fe-17-d2c89e0d306ce72e2376c161d567ffb6\">\n#top .av_textblock_section.av-kzmjq8fe-17-d2c89e0d306ce72e2376c161d567ffb6 .avia_textblock{\ncolor:#000000;\n}\n<\/style>\n<section  class='av_textblock_section av-kzmjq8fe-17-d2c89e0d306ce72e2376c161d567ffb6 '   itemscope=\"itemscope\" itemtype=\"https:\/\/schema.org\/CreativeWork\" ><div class='avia_textblock av_inherit_color'  itemprop=\"text\" ><h3 style=\"text-align: center;\">Entdecken Sie unser umfassendes Dienstleistungsportfolio zur Optimierung Ihrer Kletteranlage. Von pr\u00e4zisem Routenbau bis hin zu modernstem 3D-Scanning bieten wir fachkundige L\u00f6sungen, die individuell auf Ihre Anforderungen abgestimmt sind.<\/h3>\n<\/div><\/section><\/div>\n\n<style type=\"text\/css\" data-created_by=\"avia_inline_auto\" id=\"style-css-av-jztv5pus-18-2be253c871aeeac4bc379a7e049cd495\">\n#top .hr.hr-invisible.av-jztv5pus-18-2be253c871aeeac4bc379a7e049cd495{\nheight:100px;\n}\n<\/style>\n<div  class='hr av-jztv5pus-18-2be253c871aeeac4bc379a7e049cd495 hr-invisible  avia-builder-el-6  el_after_av_one_full  el_before_av_one_fourth '><span class='hr-inner '><span class=\"hr-inner-style\"><\/span><\/span><\/div>\n\n<style type=\"text\/css\" data-created_by=\"avia_inline_auto\" id=\"style-css-av-5j9ed-a7eee84c16668d85a503d66cf3e99e15\">\n.flex_column.av-5j9ed-a7eee84c16668d85a503d66cf3e99e15{\n-webkit-border-radius:0px 0px 0px 0px;\n-moz-border-radius:0px 0px 0px 0px;\nborder-radius:0px 0px 0px 0px;\npadding:0px 0px 0px 0px;\n}\n<\/style>\n<div  class='flex_column av-5j9ed-a7eee84c16668d85a503d66cf3e99e15 av_one_fourth  avia-builder-el-7  el_after_av_hr  el_before_av_one_fourth  first flex_column_div av-zero-column-padding  '     ><p>\n<style type=\"text\/css\" data-created_by=\"avia_inline_auto\" id=\"style-css-av-jzlaxabs-cd2defbf541641195381b510c90733c5\">\n.avia-image-container.av-jzlaxabs-cd2defbf541641195381b510c90733c5 img.avia_image{\n-webkit-box-shadow:none;\n-moz-box-shadow:none;\nbox-shadow:none;\n}\n.avia-image-container.av-jzlaxabs-cd2defbf541641195381b510c90733c5 .av-image-caption-overlay-center{\ncolor:#ffffff;\n}\n<\/style>\n<div  class='avia-image-container av-jzlaxabs-cd2defbf541641195381b510c90733c5 av-styling- av-hover-grow av-img-linked avia-align-center  avia-builder-el-8  el_before_av_heading  avia-builder-el-first '   itemprop=\"image\" itemscope=\"itemscope\" itemtype=\"https:\/\/schema.org\/ImageObject\" ><div class=\"avia-image-container-inner\"><div class=\"avia-image-overlay-wrap\"><a href=\"https:\/\/citywall.eu\/design-and-projecting\/\" class='avia_image '  aria-label='Ikona_customdesign'><img class='avia_image ' src='https:\/\/citywall.eu\/wp-content\/uploads\/2019\/08\/Ikona_customdesign.png' alt='' title='Ikona_customdesign'  height=\"129\" width=\"111\"  itemprop=\"thumbnailUrl\"  \/><\/a><\/div><\/div><\/div><br \/>\n\n<style type=\"text\/css\" data-created_by=\"avia_inline_auto\" id=\"style-css-av-m13fyl2h-63c3def0989acbcfa3e4850f2f725905\">\n#top .av-special-heading.av-m13fyl2h-63c3def0989acbcfa3e4850f2f725905{\npadding-bottom:10px;\n}\nbody .av-special-heading.av-m13fyl2h-63c3def0989acbcfa3e4850f2f725905 .av-special-heading-tag .heading-char{\nfont-size:25px;\n}\n.av-special-heading.av-m13fyl2h-63c3def0989acbcfa3e4850f2f725905 .av-subheading{\nfont-size:15px;\n}\n<\/style>\n<div  class='av-special-heading av-m13fyl2h-63c3def0989acbcfa3e4850f2f725905 av-special-heading-h3 blockquote modern-quote modern-centered  avia-builder-el-9  el_after_av_image  avia-builder-el-last  av-linked-heading'><h3 class='av-special-heading-tag '  itemprop=\"headline\"  ><a class=\"av-heading-link\" href=\"http:\/\/citywall.eu\/design-and-projecting\/\" >Projektierung<\/a><\/h3><div class='av-subheading av-subheading_below'><p>Innovatives Design und professionelle Projektplanung f\u00fcr neue Kletteranlagen oder Modernisierungen. Wir verwandeln Ihre Vision in eine pr\u00e4zise und erfolgreich umgesetzte L\u00f6sung.<\/p>\n<\/div><div class=\"special-heading-border\"><div class=\"special-heading-inner-border\"><\/div><\/div><\/div><\/p><\/div>\n\n<style type=\"text\/css\" data-created_by=\"avia_inline_auto\" id=\"style-css-av-5j9ed-14-e9711c8eee8b60cf35918b942f401de9\">\n.flex_column.av-5j9ed-14-e9711c8eee8b60cf35918b942f401de9{\n-webkit-border-radius:0px 0px 0px 0px;\n-moz-border-radius:0px 0px 0px 0px;\nborder-radius:0px 0px 0px 0px;\npadding:0px 0px 0px 0px;\n}\n<\/style>\n<div  class='flex_column av-5j9ed-14-e9711c8eee8b60cf35918b942f401de9 av_one_fourth  avia-builder-el-10  el_after_av_one_fourth  el_before_av_one_fourth  flex_column_div av-zero-column-padding  '     ><p>\n<style type=\"text\/css\" data-created_by=\"avia_inline_auto\" id=\"style-css-av-jzlaxabs-13-37db4320851cf3afd1d6fbb0376156bd\">\n.avia-image-container.av-jzlaxabs-13-37db4320851cf3afd1d6fbb0376156bd img.avia_image{\n-webkit-box-shadow:none;\n-moz-box-shadow:none;\nbox-shadow:none;\n}\n.avia-image-container.av-jzlaxabs-13-37db4320851cf3afd1d6fbb0376156bd .av-image-caption-overlay-center{\ncolor:#ffffff;\n}\n<\/style>\n<div  class='avia-image-container av-jzlaxabs-13-37db4320851cf3afd1d6fbb0376156bd av-styling- av-hover-grow av-img-linked avia-align-center  avia-builder-el-11  el_before_av_heading  avia-builder-el-first '   itemprop=\"image\" itemscope=\"itemscope\" itemtype=\"https:\/\/schema.org\/ImageObject\" ><div class=\"avia-image-container-inner\"><div class=\"avia-image-overlay-wrap\"><a href=\"https:\/\/citywall.eu\/3d-scanning\/\" class='avia_image '  aria-label='Ikone_target'><img class='avia_image ' src='https:\/\/citywall.eu\/wp-content\/uploads\/2019\/08\/Ikone_target.png' alt='' title='Ikone_target'  height=\"129\" width=\"111\"  itemprop=\"thumbnailUrl\"  \/><\/a><\/div><\/div><\/div><br \/>\n\n<style type=\"text\/css\" data-created_by=\"avia_inline_auto\" id=\"style-css-av-m13fyw6l-ccbf0abedbc5abfcce7e989196c9802d\">\n#top .av-special-heading.av-m13fyw6l-ccbf0abedbc5abfcce7e989196c9802d{\npadding-bottom:10px;\n}\nbody .av-special-heading.av-m13fyw6l-ccbf0abedbc5abfcce7e989196c9802d .av-special-heading-tag .heading-char{\nfont-size:25px;\n}\n.av-special-heading.av-m13fyw6l-ccbf0abedbc5abfcce7e989196c9802d .av-subheading{\nfont-size:15px;\n}\n<\/style>\n<div  class='av-special-heading av-m13fyw6l-ccbf0abedbc5abfcce7e989196c9802d av-special-heading-h3 blockquote modern-quote modern-centered  avia-builder-el-12  el_after_av_image  avia-builder-el-last  av-linked-heading'><h3 class='av-special-heading-tag '  itemprop=\"headline\"  ><a class=\"av-heading-link\" href=\"https:\/\/citywall.eu\/de\/3d-scanning\/\" >3D-Scanning<\/a><\/h3><div class='av-subheading av-subheading_below'><p>Modernste 3D-Scanning-Technologie zur exakten Vermessung und Modellierung von Kletterfl\u00e4chen. F\u00fcr pr\u00e4zise Planungs- und Wartungsgrundlagen.<\/p>\n<\/div><div class=\"special-heading-border\"><div class=\"special-heading-inner-border\"><\/div><\/div><\/div><\/p><\/div>\n\n<style type=\"text\/css\" data-created_by=\"avia_inline_auto\" id=\"style-css-av-2egclg-5843a6ece4943aa55c461257122bbacc\">\n.flex_column.av-2egclg-5843a6ece4943aa55c461257122bbacc{\n-webkit-border-radius:0px 0px 0px 0px;\n-moz-border-radius:0px 0px 0px 0px;\nborder-radius:0px 0px 0px 0px;\npadding:0px 0px 0px 0px;\n}\n<\/style>\n<div  class='flex_column av-2egclg-5843a6ece4943aa55c461257122bbacc av_one_fourth  avia-builder-el-13  el_after_av_one_fourth  el_before_av_one_fourth  flex_column_div av-zero-column-padding  '     ><p>\n<style type=\"text\/css\" data-created_by=\"avia_inline_auto\" id=\"style-css-av-m2eja1pq-e4b1cfd58a65e2499e1628897e478535\">\n.avia-image-container.av-m2eja1pq-e4b1cfd58a65e2499e1628897e478535 img.avia_image{\n-webkit-box-shadow:none;\n-moz-box-shadow:none;\nbox-shadow:none;\n}\n.avia-image-container.av-m2eja1pq-e4b1cfd58a65e2499e1628897e478535 .av-image-caption-overlay-center{\ncolor:#ffffff;\n}\n<\/style>\n<div  class='avia-image-container av-m2eja1pq-e4b1cfd58a65e2499e1628897e478535 av-styling- av-hover-grow av-img-linked avia-align-center  avia-builder-el-14  el_before_av_heading  avia-builder-el-first '   itemprop=\"image\" itemscope=\"itemscope\" itemtype=\"https:\/\/schema.org\/ImageObject\" ><div class=\"avia-image-container-inner\"><div class=\"avia-image-overlay-wrap\"><a href=\"https:\/\/citywall.eu\/3d-scanning\/\" class='avia_image '  aria-label='icon innovation'><img class='avia_image ' src='https:\/\/citywall.eu\/wp-content\/uploads\/2022\/01\/icon-innovation.svg' alt='icon innovation' title='icon innovation'  height=\"128\" width=\"115\"  itemprop=\"thumbnailUrl\"  \/><\/a><\/div><\/div><\/div><br \/>\n\n<style type=\"text\/css\" data-created_by=\"avia_inline_auto\" id=\"style-css-av-m13fzh13-df73cbc155f41703d1037071f897bd02\">\n#top .av-special-heading.av-m13fzh13-df73cbc155f41703d1037071f897bd02{\npadding-bottom:10px;\n}\nbody .av-special-heading.av-m13fzh13-df73cbc155f41703d1037071f897bd02 .av-special-heading-tag .heading-char{\nfont-size:25px;\n}\n.av-special-heading.av-m13fzh13-df73cbc155f41703d1037071f897bd02 .av-subheading{\nfont-size:15px;\n}\n<\/style>\n<div  class='av-special-heading av-m13fzh13-df73cbc155f41703d1037071f897bd02 av-special-heading-h3 blockquote modern-quote modern-centered  avia-builder-el-15  el_after_av_image  avia-builder-el-last  av-linked-heading'><h3 class='av-special-heading-tag '  itemprop=\"headline\"  ><a class=\"av-heading-link\" href=\"https:\/\/citywall.eu\/de\/beratung\/\" >Beratung<\/a><\/h3><div class='av-subheading av-subheading_below'><p>Arbeiten Sie mit unseren Experten zusammen, um klare Zielsetzungen zu definieren und einen strategischen Fahrplan f\u00fcr Ihr Kletterwandprojekt zu entwickeln.<\/p>\n<\/div><div class=\"special-heading-border\"><div class=\"special-heading-inner-border\"><\/div><\/div><\/div><\/p><\/div>\n\n<style type=\"text\/css\" data-created_by=\"avia_inline_auto\" id=\"style-css-av-5j9ed-10-274fc250bf09369de0bb2f3c7a12a2c0\">\n.flex_column.av-5j9ed-10-274fc250bf09369de0bb2f3c7a12a2c0{\n-webkit-border-radius:0px 0px 0px 0px;\n-moz-border-radius:0px 0px 0px 0px;\nborder-radius:0px 0px 0px 0px;\npadding:0px 0px 0px 0px;\n}\n<\/style>\n<div  class='flex_column av-5j9ed-10-274fc250bf09369de0bb2f3c7a12a2c0 av_one_fourth  avia-builder-el-16  el_after_av_one_fourth  el_before_av_section  avia-builder-el-last  flex_column_div av-zero-column-padding  '     ><p>\n<style type=\"text\/css\" data-created_by=\"avia_inline_auto\" id=\"style-css-av-jzlaxabs-9-1d848e5ce967bc08085c7bedf2178345\">\n.avia-image-container.av-jzlaxabs-9-1d848e5ce967bc08085c7bedf2178345 img.avia_image{\n-webkit-box-shadow:none;\n-moz-box-shadow:none;\nbox-shadow:none;\n}\n.avia-image-container.av-jzlaxabs-9-1d848e5ce967bc08085c7bedf2178345 .av-image-caption-overlay-center{\ncolor:#ffffff;\n}\n<\/style>\n<div  class='avia-image-container av-jzlaxabs-9-1d848e5ce967bc08085c7bedf2178345 av-styling- av-hover-grow av-img-linked avia-align-center  avia-builder-el-17  el_before_av_heading  avia-builder-el-first '   itemprop=\"image\" itemscope=\"itemscope\" itemtype=\"https:\/\/schema.org\/ImageObject\" ><div class=\"avia-image-container-inner\"><div class=\"avia-image-overlay-wrap\"><a href=\"https:\/\/citywall.eu\/inspection-and-service-checks\/\" class='avia_image '  aria-label='Ikone_inspection'><img class='avia_image ' src='https:\/\/citywall.eu\/wp-content\/uploads\/2019\/08\/Ikone_inspection.png' alt='' title='Ikone_inspection'  height=\"129\" width=\"111\"  itemprop=\"thumbnailUrl\"  \/><\/a><\/div><\/div><\/div><br \/>\n\n<style type=\"text\/css\" data-created_by=\"avia_inline_auto\" id=\"style-css-av-m13fyd8x-46ed7933800169ee6252d2436cc42146\">\n#top .av-special-heading.av-m13fyd8x-46ed7933800169ee6252d2436cc42146{\npadding-bottom:10px;\n}\nbody .av-special-heading.av-m13fyd8x-46ed7933800169ee6252d2436cc42146 .av-special-heading-tag .heading-char{\nfont-size:25px;\n}\n.av-special-heading.av-m13fyd8x-46ed7933800169ee6252d2436cc42146 .av-subheading{\nfont-size:15px;\n}\n<\/style>\n<div  class='av-special-heading av-m13fyd8x-46ed7933800169ee6252d2436cc42146 av-special-heading-h3 blockquote modern-quote modern-centered  avia-builder-el-18  el_after_av_image  avia-builder-el-last  av-linked-heading'><h3 class='av-special-heading-tag '  itemprop=\"headline\"  ><a class=\"av-heading-link\" href=\"http:\/\/citywall.eu\/inspection-and-service-checks\/\" >Inspektions- und Wartungspr\u00fcfungen<\/a><\/h3><div class='av-subheading av-subheading_below'><p>Umfassende Inspektionen und regelm\u00e4\u00dfige Servicepr\u00fcfungen zur Sicherstellung h\u00f6chster Sicherheits- und Leistungsstandards Ihrer Kletterw\u00e4nde.<\/p>\n<\/div><div class=\"special-heading-border\"><div class=\"special-heading-inner-border\"><\/div><\/div><\/div><\/p><\/div>\n<\/div><\/div><\/div><!-- close content main div --><\/div><\/div>\n<style type=\"text\/css\" data-created_by=\"avia_inline_auto\" id=\"style-css-av-kzmjptlx-20-6dc67c785e88349a087e23fc76960857\">\n.avia-section.av-kzmjptlx-20-6dc67c785e88349a087e23fc76960857{\nbackground-color:#f8f8f8;\nbackground-image:unset;\n}\n<\/style>\n<div id='av_section_2'  class='avia-section av-kzmjptlx-20-6dc67c785e88349a087e23fc76960857 main_color avia-section-default avia-no-border-styling  avia-builder-el-19  el_after_av_one_fourth  avia-builder-el-last  avia-bg-style-fixed av-minimum-height av-minimum-height-custom av-height-custom  container_wrap fullsize'   data-av_minimum_height_px='500'><div class='container av-section-cont-open' style='height:500px'><div class='template-page content  av-content-full alpha units'><div class='post-entry post-entry-type-page post-entry-17276'><div class='entry-content-wrapper clearfix'>\n\n<style type=\"text\/css\" data-created_by=\"avia_inline_auto\" id=\"style-css-av-kzmjq8fe-16-98692ade65f52eb5fa7d9d49493a5c18\">\n#top .av_textblock_section.av-kzmjq8fe-16-98692ade65f52eb5fa7d9d49493a5c18 .avia_textblock{\ncolor:#ffffff;\n}\n<\/style>\n<section  class='av_textblock_section av-kzmjq8fe-16-98692ade65f52eb5fa7d9d49493a5c18 '   itemscope=\"itemscope\" itemtype=\"https:\/\/schema.org\/CreativeWork\" ><div class='avia_textblock av_inherit_color'  itemprop=\"text\" ><h2 style=\"text-align: center;\"><span style=\"color: #000000;\">KONTAKTIEREN SIE UNS<\/span><\/h2>\n<\/div><\/section>\n\n<style type=\"text\/css\" data-created_by=\"avia_inline_auto\" id=\"style-css-av-jztv5pus-6-350fbcee6a3332975af0582ac09c1348\">\n#top .hr.hr-invisible.av-jztv5pus-6-350fbcee6a3332975af0582ac09c1348{\nheight:20px;\n}\n<\/style>\n<div  class='hr av-jztv5pus-6-350fbcee6a3332975af0582ac09c1348 hr-invisible  avia-builder-el-21  el_after_av_textblock  el_before_av_textblock '><span class='hr-inner '><span class=\"hr-inner-style\"><\/span><\/span><\/div>\n\n<style type=\"text\/css\" data-created_by=\"avia_inline_auto\" id=\"style-css-av-kzmjq8fe-4-ce697df1c9babe272c3530707190ad0e\">\n#top .av_textblock_section.av-kzmjq8fe-4-ce697df1c9babe272c3530707190ad0e .avia_textblock{\ncolor:#ffffff;\n}\n<\/style>\n<section  class='av_textblock_section av-kzmjq8fe-4-ce697df1c9babe272c3530707190ad0e '   itemscope=\"itemscope\" itemtype=\"https:\/\/schema.org\/CreativeWork\" ><div class='avia_textblock av_inherit_color'  itemprop=\"text\" ><h2 style=\"text-align: center;\"><span style=\"color: #000000;\">E-mail:<\/span><\/h2>\n<\/div><\/section>\n\n<style type=\"text\/css\" data-created_by=\"avia_inline_auto\" id=\"style-css-av-kzmjq8fe-3-f1e5c18561f4b898525f00c60e40574c\">\n#top .av_textblock_section.av-kzmjq8fe-3-f1e5c18561f4b898525f00c60e40574c .avia_textblock{\ncolor:#ffffff;\n}\n<\/style>\n<section  class='av_textblock_section av-kzmjq8fe-3-f1e5c18561f4b898525f00c60e40574c '   itemscope=\"itemscope\" itemtype=\"https:\/\/schema.org\/CreativeWork\" ><div class='avia_textblock av_inherit_color'  itemprop=\"text\" ><h3 style=\"text-align: center;\"><a href=\"mailto:germany@citywall.eu\"><span style=\"color: #000000;\">germany@citywall.eu<\/span><\/a><\/h3>\n<\/div><\/section>\n\n","protected":false},"excerpt":{"rendered":"","protected":false},"author":1,"featured_media":0,"parent":0,"menu_order":0,"comment_status":"closed","ping_status":"closed","template":"","meta":{"inline_featured_image":false,"footnotes":""},"class_list":["post-17276","page","type-page","status-publish","hentry"],"acf":[],"yoast_head":"<!-- This site is optimized with the Yoast SEO plugin v27.3 - https:\/\/yoast.com\/product\/yoast-seo-wordpress\/ -->\n<title>Dienstleistungen - Citywall.eu<\/title>\n<meta name=\"robots\" content=\"index, follow, max-snippet:-1, max-image-preview:large, max-video-preview:-1\" \/>\n<link rel=\"canonical\" href=\"https:\/\/citywall.eu\/de\/dienstleistungen\/\" \/>\n<meta property=\"og:locale\" content=\"de_DE\" \/>\n<meta property=\"og:type\" content=\"article\" \/>\n<meta property=\"og:title\" content=\"Dienstleistungen - Citywall.eu\" \/>\n<meta property=\"og:url\" content=\"https:\/\/citywall.eu\/de\/dienstleistungen\/\" \/>\n<meta property=\"og:site_name\" content=\"Citywall.eu\" \/>\n<meta property=\"article:modified_time\" content=\"2026-03-02T14:11:11+00:00\" \/>\n<meta name=\"twitter:card\" content=\"summary_large_image\" \/>\n<meta name=\"twitter:label1\" content=\"Gesch\u00e4tzte Lesezeit\" \/>\n\t<meta name=\"twitter:data1\" content=\"2\u00a0Minuten\" \/>\n<script type=\"application\/ld+json\" class=\"yoast-schema-graph\">{\"@context\":\"https:\\\/\\\/schema.org\",\"@graph\":[{\"@type\":\"WebPage\",\"@id\":\"https:\\\/\\\/citywall.eu\\\/de\\\/dienstleistungen\\\/\",\"url\":\"https:\\\/\\\/citywall.eu\\\/de\\\/dienstleistungen\\\/\",\"name\":\"Dienstleistungen - Citywall.eu\",\"isPartOf\":{\"@id\":\"https:\\\/\\\/citywall.eu\\\/de\\\/#website\"},\"datePublished\":\"2024-01-26T09:48:54+00:00\",\"dateModified\":\"2026-03-02T14:11:11+00:00\",\"breadcrumb\":{\"@id\":\"https:\\\/\\\/citywall.eu\\\/de\\\/dienstleistungen\\\/#breadcrumb\"},\"inLanguage\":\"de\",\"potentialAction\":[{\"@type\":\"ReadAction\",\"target\":[\"https:\\\/\\\/citywall.eu\\\/de\\\/dienstleistungen\\\/\"]}]},{\"@type\":\"BreadcrumbList\",\"@id\":\"https:\\\/\\\/citywall.eu\\\/de\\\/dienstleistungen\\\/#breadcrumb\",\"itemListElement\":[{\"@type\":\"ListItem\",\"position\":1,\"name\":\"Home\",\"item\":\"https:\\\/\\\/citywall.eu\\\/de\\\/homepage\\\/\"},{\"@type\":\"ListItem\",\"position\":2,\"name\":\"Dienstleistungen\"}]},{\"@type\":\"WebSite\",\"@id\":\"https:\\\/\\\/citywall.eu\\\/de\\\/#website\",\"url\":\"https:\\\/\\\/citywall.eu\\\/de\\\/\",\"name\":\"Citywall.eu\",\"description\":\"Climbing Walls Manufacturer\",\"potentialAction\":[{\"@type\":\"SearchAction\",\"target\":{\"@type\":\"EntryPoint\",\"urlTemplate\":\"https:\\\/\\\/citywall.eu\\\/de\\\/?s={search_term_string}\"},\"query-input\":{\"@type\":\"PropertyValueSpecification\",\"valueRequired\":true,\"valueName\":\"search_term_string\"}}],\"inLanguage\":\"de\"}]}<\/script>\n<!-- \/ Yoast SEO plugin. -->","yoast_head_json":{"title":"Dienstleistungen - Citywall.eu","robots":{"index":"index","follow":"follow","max-snippet":"max-snippet:-1","max-image-preview":"max-image-preview:large","max-video-preview":"max-video-preview:-1"},"canonical":"https:\/\/citywall.eu\/de\/dienstleistungen\/","og_locale":"de_DE","og_type":"article","og_title":"Dienstleistungen - Citywall.eu","og_url":"https:\/\/citywall.eu\/de\/dienstleistungen\/","og_site_name":"Citywall.eu","article_modified_time":"2026-03-02T14:11:11+00:00","twitter_card":"summary_large_image","twitter_misc":{"Gesch\u00e4tzte Lesezeit":"2\u00a0Minuten"},"schema":{"@context":"https:\/\/schema.org","@graph":[{"@type":"WebPage","@id":"https:\/\/citywall.eu\/de\/dienstleistungen\/","url":"https:\/\/citywall.eu\/de\/dienstleistungen\/","name":"Dienstleistungen - Citywall.eu","isPartOf":{"@id":"https:\/\/citywall.eu\/de\/#website"},"datePublished":"2024-01-26T09:48:54+00:00","dateModified":"2026-03-02T14:11:11+00:00","breadcrumb":{"@id":"https:\/\/citywall.eu\/de\/dienstleistungen\/#breadcrumb"},"inLanguage":"de","potentialAction":[{"@type":"ReadAction","target":["https:\/\/citywall.eu\/de\/dienstleistungen\/"]}]},{"@type":"BreadcrumbList","@id":"https:\/\/citywall.eu\/de\/dienstleistungen\/#breadcrumb","itemListElement":[{"@type":"ListItem","position":1,"name":"Home","item":"https:\/\/citywall.eu\/de\/homepage\/"},{"@type":"ListItem","position":2,"name":"Dienstleistungen"}]},{"@type":"WebSite","@id":"https:\/\/citywall.eu\/de\/#website","url":"https:\/\/citywall.eu\/de\/","name":"Citywall.eu","description":"Climbing Walls Manufacturer","potentialAction":[{"@type":"SearchAction","target":{"@type":"EntryPoint","urlTemplate":"https:\/\/citywall.eu\/de\/?s={search_term_string}"},"query-input":{"@type":"PropertyValueSpecification","valueRequired":true,"valueName":"search_term_string"}}],"inLanguage":"de"}]}},"_links":{"self":[{"href":"https:\/\/citywall.eu\/de\/wp-json\/wp\/v2\/pages\/17276","targetHints":{"allow":["GET"]}}],"collection":[{"href":"https:\/\/citywall.eu\/de\/wp-json\/wp\/v2\/pages"}],"about":[{"href":"https:\/\/citywall.eu\/de\/wp-json\/wp\/v2\/types\/page"}],"author":[{"embeddable":true,"href":"https:\/\/citywall.eu\/de\/wp-json\/wp\/v2\/users\/1"}],"replies":[{"embeddable":true,"href":"https:\/\/citywall.eu\/de\/wp-json\/wp\/v2\/comments?post=17276"}],"version-history":[{"count":7,"href":"https:\/\/citywall.eu\/de\/wp-json\/wp\/v2\/pages\/17276\/revisions"}],"predecessor-version":[{"id":17768,"href":"https:\/\/citywall.eu\/de\/wp-json\/wp\/v2\/pages\/17276\/revisions\/17768"}],"wp:attachment":[{"href":"https:\/\/citywall.eu\/de\/wp-json\/wp\/v2\/media?parent=17276"}],"curies":[{"name":"wp","href":"https:\/\/api.w.org\/{rel}","templated":true}]}}