{"id":17285,"date":"2024-01-29T07:13:51","date_gmt":"2024-01-29T07:13:51","guid":{"rendered":"http:\/\/citywall.eu\/?page_id=17285"},"modified":"2026-02-23T08:38:18","modified_gmt":"2026-02-23T08:38:18","slug":"3d-scanning","status":"publish","type":"page","link":"https:\/\/citywall.eu\/de\/3d-scanning\/","title":{"rendered":"3D scanning"},"content":{"rendered":"\n<style type=\"text\/css\" data-created_by=\"avia_inline_auto\" id=\"style-css-av-jzl895pb-f4af73b96aa3a67aa628edfa3228ad09\">\n.avia-section.av-jzl895pb-f4af73b96aa3a67aa628edfa3228ad09{\nbackground-repeat:no-repeat;\nbackground-image:url(https:\/\/citywall.eu\/wp-content\/uploads\/2021\/03\/IMG_20201223_194936-1500x630.jpg);\nbackground-position:50% 50%;\nbackground-attachment:fixed;\n}\n.avia-section.av-jzl895pb-f4af73b96aa3a67aa628edfa3228ad09 .av-section-color-overlay{\nopacity:0.5;\nbackground-color:#1c75bc;\n}\n<\/style>\n<div id='av_section_1'  class='avia-section av-jzl895pb-f4af73b96aa3a67aa628edfa3228ad09 main_color avia-section-default avia-no-border-styling  avia-builder-el-0  el_before_av_one_full  avia-builder-el-first  avia-full-stretch avia-bg-style-fixed av-section-color-overlay-active av-minimum-height av-minimum-height-custom av-height-custom  container_wrap fullsize'  data-section-bg-repeat='stretch' data-av_minimum_height_px='500'><div class=\"av-section-color-overlay-wrap\"><div class=\"av-section-color-overlay\"><\/div><div class='container av-section-cont-open' style='height:500px'><main  role=\"main\" itemprop=\"mainContentOfPage\"  class='template-page content  av-content-full alpha units'><div class='post-entry post-entry-type-page post-entry-17285'><div class='entry-content-wrapper clearfix'>\n\n<style type=\"text\/css\" data-created_by=\"avia_inline_auto\" id=\"style-css-av-lrylfden-5bd809f6aaffa72849c8e43c6ade5315\">\n#top .av-special-heading.av-lrylfden-5bd809f6aaffa72849c8e43c6ade5315{\npadding-bottom:20px;\ncolor:#ffffff;\nfont-size:60px;\n}\nbody .av-special-heading.av-lrylfden-5bd809f6aaffa72849c8e43c6ade5315 .av-special-heading-tag .heading-char{\nfont-size:25px;\n}\n#top #wrap_all .av-special-heading.av-lrylfden-5bd809f6aaffa72849c8e43c6ade5315 .av-special-heading-tag{\nfont-size:60px;\n}\n.av-special-heading.av-lrylfden-5bd809f6aaffa72849c8e43c6ade5315 .special-heading-inner-border{\nborder-color:#ffffff;\n}\n.av-special-heading.av-lrylfden-5bd809f6aaffa72849c8e43c6ade5315 .av-subheading{\nfont-size:15px;\n}\n\n@media only screen and (min-width: 480px) and (max-width: 767px){ \n#top #wrap_all .av-special-heading.av-lrylfden-5bd809f6aaffa72849c8e43c6ade5315 .av-special-heading-tag{\nfont-size:0.8em;\n}\n}\n\n@media only screen and (max-width: 479px){ \n#top #wrap_all .av-special-heading.av-lrylfden-5bd809f6aaffa72849c8e43c6ade5315 .av-special-heading-tag{\nfont-size:0.8em;\n}\n}\n<\/style>\n<div  class='av-special-heading av-lrylfden-5bd809f6aaffa72849c8e43c6ade5315 av-special-heading-h1 custom-color-heading blockquote modern-quote modern-centered  avia-builder-el-1  avia-builder-el-no-sibling  av-inherit-size av-linked-heading'><h1 class='av-special-heading-tag '  itemprop=\"headline\"  >3D scanning<\/h1><div class=\"special-heading-border\"><div class=\"special-heading-inner-border\"><\/div><\/div><\/div>\n<\/div><\/div><\/main><!-- close content main element --><\/div><\/div><\/div><div id='after_section_1'  class='main_color av_default_container_wrap container_wrap fullsize'  ><div class='container av-section-cont-open' ><div class='template-page content  av-content-full alpha units'><div class='post-entry post-entry-type-page post-entry-17285'><div class='entry-content-wrapper clearfix'>\n\n<style type=\"text\/css\" data-created_by=\"avia_inline_auto\" id=\"style-css-av-pawd-4be5a6f3c617e5f4a67817f190a1b490\">\n.flex_column.av-pawd-4be5a6f3c617e5f4a67817f190a1b490{\n-webkit-border-radius:0px 0px 0px 0px;\n-moz-border-radius:0px 0px 0px 0px;\nborder-radius:0px 0px 0px 0px;\npadding:0px 0px 0px 0px;\n}\n<\/style>\n<div  class='flex_column av-pawd-4be5a6f3c617e5f4a67817f190a1b490 av_one_full  avia-builder-el-2  el_after_av_section  el_before_av_hr  avia-builder-el-first  first flex_column_div av-animated-generic fade-in av-zero-column-padding  '     ><style type=\"text\/css\" data-created_by=\"avia_inline_auto\" id=\"style-css-av-160fx-8515b25039cd8409f28ccece11341d88\">\n#top .av_textblock_section.av-160fx-8515b25039cd8409f28ccece11341d88 .avia_textblock{\nfont-size:22px;\ncolor:#a0a0a0;\n}\n<\/style>\n<section  class='av_textblock_section av-160fx-8515b25039cd8409f28ccece11341d88 '   itemscope=\"itemscope\" itemtype=\"https:\/\/schema.org\/CreativeWork\" ><div class='avia_textblock av_inherit_color'  itemprop=\"text\" ><h3 style=\"text-align: center;\">Unsere pr\u00e4zisen 3D-Scanning-Dienstleistungen liefern exakte Vermessungen von Geb\u00e4uden und R\u00e4umen und erm\u00f6glichen dadurch optimal angepasste Wandkonstruktionen. Dar\u00fcber hinaus bieten wir 3D-Scans einzelner Produkte an, sodass jedes Detail erfasst wird und eine nahtlose Integration in Ihr Projekt gew\u00e4hrleistet ist. So werden Planungsfehler reduziert und die Effizienz gesteigert.<\/h3>\n<\/div><\/section><\/div>\n<style type=\"text\/css\" data-created_by=\"avia_inline_auto\" id=\"style-css-av-m13gtoix-e71455ab14845609892706ca2de0a465\">\n#top .hr.hr-invisible.av-m13gtoix-e71455ab14845609892706ca2de0a465{\nheight:50px;\n}\n<\/style>\n<div  class='hr av-m13gtoix-e71455ab14845609892706ca2de0a465 hr-invisible  avia-builder-el-4  el_after_av_one_full  el_before_av_image '><span class='hr-inner '><span class=\"hr-inner-style\"><\/span><\/span><\/div><\/p>\n\n<style type=\"text\/css\" data-created_by=\"avia_inline_auto\" id=\"style-css-av-jznz2ubb-29bf50259f48fe18339e4e4edc347e30\">\n.avia-image-container.av-jznz2ubb-29bf50259f48fe18339e4e4edc347e30 img.avia_image{\n-webkit-box-shadow:none;\n-moz-box-shadow:none;\nbox-shadow:none;\n}\n.avia-image-container.av-jznz2ubb-29bf50259f48fe18339e4e4edc347e30 .av-image-caption-overlay-center{\ncolor:#ffffff;\n}\n<\/style>\n<div  class='avia-image-container av-jznz2ubb-29bf50259f48fe18339e4e4edc347e30 av-styling- avia-align-center  avia-builder-el-5  el_after_av_hr  el_before_av_hr '   itemprop=\"image\" itemscope=\"itemscope\" itemtype=\"https:\/\/schema.org\/ImageObject\" ><div class=\"avia-image-container-inner\"><div class=\"avia-image-overlay-wrap\"><img class='avia_image ' src='https:\/\/citywall.eu\/wp-content\/uploads\/2024\/01\/Point-Cloud-1030x524.jpg' alt='' title='Point Cloud'  height=\"524\" width=\"1030\"  itemprop=\"thumbnailUrl\"  \/><\/div><\/div><\/div>\n\n<style type=\"text\/css\" data-created_by=\"avia_inline_auto\" id=\"style-css-av-m13gtoix-10-2f11578df2b6ab02b3c7a45935956bea\">\n#top .hr.hr-invisible.av-m13gtoix-10-2f11578df2b6ab02b3c7a45935956bea{\nheight:20px;\n}\n<\/style>\n<div  class='hr av-m13gtoix-10-2f11578df2b6ab02b3c7a45935956bea hr-invisible  avia-builder-el-6  el_after_av_image  el_before_av_heading '><span class='hr-inner '><span class=\"hr-inner-style\"><\/span><\/span><\/div>\n\n<style type=\"text\/css\" data-created_by=\"avia_inline_auto\" id=\"style-css-av-updr2d-88ddd1de8620d9ca0f3bb0beb4c02b7f\">\n#top .av-special-heading.av-updr2d-88ddd1de8620d9ca0f3bb0beb4c02b7f{\npadding-bottom:20px;\ncolor:#000000;\nfont-size:50px;\n}\nbody .av-special-heading.av-updr2d-88ddd1de8620d9ca0f3bb0beb4c02b7f .av-special-heading-tag .heading-char{\nfont-size:25px;\n}\n#top #wrap_all .av-special-heading.av-updr2d-88ddd1de8620d9ca0f3bb0beb4c02b7f .av-special-heading-tag{\nfont-size:50px;\n}\n.av-special-heading.av-updr2d-88ddd1de8620d9ca0f3bb0beb4c02b7f .special-heading-inner-border{\nborder-color:#000000;\n}\n.av-special-heading.av-updr2d-88ddd1de8620d9ca0f3bb0beb4c02b7f .av-subheading{\nfont-size:15px;\n}\n\n@media only screen and (min-width: 480px) and (max-width: 767px){ \n#top #wrap_all .av-special-heading.av-updr2d-88ddd1de8620d9ca0f3bb0beb4c02b7f .av-special-heading-tag{\nfont-size:0.8em;\n}\n}\n\n@media only screen and (max-width: 479px){ \n#top #wrap_all .av-special-heading.av-updr2d-88ddd1de8620d9ca0f3bb0beb4c02b7f .av-special-heading-tag{\nfont-size:0.8em;\n}\n}\n<\/style>\n<div  class='av-special-heading av-updr2d-88ddd1de8620d9ca0f3bb0beb4c02b7f av-special-heading-h2 custom-color-heading blockquote modern-quote modern-centered  avia-builder-el-7  el_after_av_hr  el_before_av_textblock  av-inherit-size av-linked-heading'><h2 class='av-special-heading-tag '  itemprop=\"headline\"  >KONTAKTIEREN SIE UNS<\/h2><div class=\"special-heading-border\"><div class=\"special-heading-inner-border\"><\/div><\/div><\/div>\n\n<style type=\"text\/css\" data-created_by=\"avia_inline_auto\" id=\"style-css-av-160fx-11-26e0165183e332ab8b89e507f709f486\">\n#top .av_textblock_section.av-160fx-11-26e0165183e332ab8b89e507f709f486 .avia_textblock{\nfont-size:22px;\ncolor:#a0a0a0;\n}\n<\/style>\n<section  class='av_textblock_section av-160fx-11-26e0165183e332ab8b89e507f709f486 '   itemscope=\"itemscope\" itemtype=\"https:\/\/schema.org\/CreativeWork\" ><div class='avia_textblock av_inherit_color'  itemprop=\"text\" ><h3 style=\"text-align: center;\">Get precise measurements and optimize your designs with our 3D scanning services.<\/h3>\n<\/div><\/section>\n\n<style type=\"text\/css\" data-created_by=\"avia_inline_auto\" id=\"style-css-av-m13gtoix-9-a811e8595601765ecaee90f160e58e3d\">\n#top .hr.hr-invisible.av-m13gtoix-9-a811e8595601765ecaee90f160e58e3d{\nheight:30px;\n}\n<\/style>\n<div  class='hr av-m13gtoix-9-a811e8595601765ecaee90f160e58e3d hr-invisible  avia-builder-el-9  el_after_av_textblock  el_before_av_textblock '><span class='hr-inner '><span class=\"hr-inner-style\"><\/span><\/span><\/div>\n\n<style type=\"text\/css\" data-created_by=\"avia_inline_auto\" id=\"style-css-av-160fx-8-c63f4b02a3ba8ddb94d1a8699baf8754\">\n#top .av_textblock_section.av-160fx-8-c63f4b02a3ba8ddb94d1a8699baf8754 .avia_textblock{\nfont-size:22px;\ncolor:#a0a0a0;\n}\n<\/style>\n<section  class='av_textblock_section av-160fx-8-c63f4b02a3ba8ddb94d1a8699baf8754 '   itemscope=\"itemscope\" itemtype=\"https:\/\/schema.org\/CreativeWork\" ><div class='avia_textblock av_inherit_color'  itemprop=\"text\" ><h2 style=\"text-align: center;\"><span style=\"color: #1c75bc;\">Telefon:<\/span><\/h2>\n<\/div><\/section>\n\n<style type=\"text\/css\" data-created_by=\"avia_inline_auto\" id=\"style-css-av-160fx-6-8d8f050a58b4a5a14512d5c41480a9df\">\n#top .av_textblock_section.av-160fx-6-8d8f050a58b4a5a14512d5c41480a9df .avia_textblock{\nfont-size:22px;\ncolor:#a0a0a0;\n}\n<\/style>\n<section  class='av_textblock_section av-160fx-6-8d8f050a58b4a5a14512d5c41480a9df '   itemscope=\"itemscope\" itemtype=\"https:\/\/schema.org\/CreativeWork\" ><div class='avia_textblock av_inherit_color'  itemprop=\"text\" ><h3 class=\"av-special-heading-tag \" style=\"text-align: center;\"><span style=\"color: #000000;\">+386 41 953 855<\/span><\/h3>\n<\/div><\/section>\n\n<style type=\"text\/css\" data-created_by=\"avia_inline_auto\" id=\"style-css-av-m13gtoix-7-31bd9794ef43d4da2b6fc4c9b5c0f8fa\">\n#top .hr.hr-invisible.av-m13gtoix-7-31bd9794ef43d4da2b6fc4c9b5c0f8fa{\nheight:30px;\n}\n<\/style>\n<div  class='hr av-m13gtoix-7-31bd9794ef43d4da2b6fc4c9b5c0f8fa hr-invisible  avia-builder-el-12  el_after_av_textblock  el_before_av_textblock '><span class='hr-inner '><span class=\"hr-inner-style\"><\/span><\/span><\/div>\n\n<style type=\"text\/css\" data-created_by=\"avia_inline_auto\" id=\"style-css-av-160fx-5-998595fa2a26da2a4253cfc96c0594a8\">\n#top .av_textblock_section.av-160fx-5-998595fa2a26da2a4253cfc96c0594a8 .avia_textblock{\nfont-size:22px;\ncolor:#a0a0a0;\n}\n<\/style>\n<section  class='av_textblock_section av-160fx-5-998595fa2a26da2a4253cfc96c0594a8 '   itemscope=\"itemscope\" itemtype=\"https:\/\/schema.org\/CreativeWork\" ><div class='avia_textblock av_inherit_color'  itemprop=\"text\" ><h2 style=\"text-align: center;\"><span style=\"color: #1c75bc;\">E-mail:<\/span><\/h2>\n<\/div><\/section>\n\n<style type=\"text\/css\" data-created_by=\"avia_inline_auto\" id=\"style-css-av-160fx-4-cfcbd400a12798a7d8bd59b90c7ff8c5\">\n#top .av_textblock_section.av-160fx-4-cfcbd400a12798a7d8bd59b90c7ff8c5 .avia_textblock{\nfont-size:22px;\ncolor:#a0a0a0;\n}\n<\/style>\n<section  class='av_textblock_section av-160fx-4-cfcbd400a12798a7d8bd59b90c7ff8c5 '   itemscope=\"itemscope\" itemtype=\"https:\/\/schema.org\/CreativeWork\" ><div class='avia_textblock av_inherit_color'  itemprop=\"text\" ><h3 class=\"av-special-heading-tag \" style=\"text-align: center;\"><span style=\"color: #000000;\"><a style=\"color: #000000;\" href=\"mailto:info@citywall.eu\">info@citywall.eu<\/a><\/span><\/h3>\n<\/div><\/section>\n","protected":false},"excerpt":{"rendered":"","protected":false},"author":1,"featured_media":0,"parent":0,"menu_order":0,"comment_status":"closed","ping_status":"closed","template":"","meta":{"inline_featured_image":false,"footnotes":""},"class_list":["post-17285","page","type-page","status-publish","hentry"],"acf":[],"yoast_head":"<!-- This site is optimized with the Yoast SEO plugin v27.3 - https:\/\/yoast.com\/product\/yoast-seo-wordpress\/ -->\n<title>3D scanning - Citywall.eu<\/title>\n<meta name=\"robots\" content=\"index, follow, max-snippet:-1, max-image-preview:large, max-video-preview:-1\" \/>\n<link rel=\"canonical\" href=\"https:\/\/citywall.eu\/de\/3d-scanning\/\" \/>\n<meta property=\"og:locale\" content=\"de_DE\" \/>\n<meta property=\"og:type\" content=\"article\" \/>\n<meta property=\"og:title\" content=\"3D scanning - Citywall.eu\" \/>\n<meta property=\"og:url\" content=\"https:\/\/citywall.eu\/de\/3d-scanning\/\" \/>\n<meta property=\"og:site_name\" content=\"Citywall.eu\" \/>\n<meta property=\"article:modified_time\" content=\"2026-02-23T08:38:18+00:00\" \/>\n<meta name=\"twitter:card\" content=\"summary_large_image\" \/>\n<meta name=\"twitter:label1\" content=\"Gesch\u00e4tzte Lesezeit\" \/>\n\t<meta name=\"twitter:data1\" content=\"1\u00a0Minute\" \/>\n<script type=\"application\/ld+json\" class=\"yoast-schema-graph\">{\"@context\":\"https:\\\/\\\/schema.org\",\"@graph\":[{\"@type\":\"WebPage\",\"@id\":\"https:\\\/\\\/citywall.eu\\\/de\\\/3d-scanning\\\/\",\"url\":\"https:\\\/\\\/citywall.eu\\\/de\\\/3d-scanning\\\/\",\"name\":\"3D scanning - Citywall.eu\",\"isPartOf\":{\"@id\":\"https:\\\/\\\/citywall.eu\\\/de\\\/#website\"},\"datePublished\":\"2024-01-29T07:13:51+00:00\",\"dateModified\":\"2026-02-23T08:38:18+00:00\",\"breadcrumb\":{\"@id\":\"https:\\\/\\\/citywall.eu\\\/de\\\/3d-scanning\\\/#breadcrumb\"},\"inLanguage\":\"de\",\"potentialAction\":[{\"@type\":\"ReadAction\",\"target\":[\"https:\\\/\\\/citywall.eu\\\/de\\\/3d-scanning\\\/\"]}]},{\"@type\":\"BreadcrumbList\",\"@id\":\"https:\\\/\\\/citywall.eu\\\/de\\\/3d-scanning\\\/#breadcrumb\",\"itemListElement\":[{\"@type\":\"ListItem\",\"position\":1,\"name\":\"Home\",\"item\":\"https:\\\/\\\/citywall.eu\\\/de\\\/homepage\\\/\"},{\"@type\":\"ListItem\",\"position\":2,\"name\":\"3D scanning\"}]},{\"@type\":\"WebSite\",\"@id\":\"https:\\\/\\\/citywall.eu\\\/de\\\/#website\",\"url\":\"https:\\\/\\\/citywall.eu\\\/de\\\/\",\"name\":\"Citywall.eu\",\"description\":\"Climbing Walls Manufacturer\",\"potentialAction\":[{\"@type\":\"SearchAction\",\"target\":{\"@type\":\"EntryPoint\",\"urlTemplate\":\"https:\\\/\\\/citywall.eu\\\/de\\\/?s={search_term_string}\"},\"query-input\":{\"@type\":\"PropertyValueSpecification\",\"valueRequired\":true,\"valueName\":\"search_term_string\"}}],\"inLanguage\":\"de\"}]}<\/script>\n<!-- \/ Yoast SEO plugin. -->","yoast_head_json":{"title":"3D scanning - Citywall.eu","robots":{"index":"index","follow":"follow","max-snippet":"max-snippet:-1","max-image-preview":"max-image-preview:large","max-video-preview":"max-video-preview:-1"},"canonical":"https:\/\/citywall.eu\/de\/3d-scanning\/","og_locale":"de_DE","og_type":"article","og_title":"3D scanning - Citywall.eu","og_url":"https:\/\/citywall.eu\/de\/3d-scanning\/","og_site_name":"Citywall.eu","article_modified_time":"2026-02-23T08:38:18+00:00","twitter_card":"summary_large_image","twitter_misc":{"Gesch\u00e4tzte Lesezeit":"1\u00a0Minute"},"schema":{"@context":"https:\/\/schema.org","@graph":[{"@type":"WebPage","@id":"https:\/\/citywall.eu\/de\/3d-scanning\/","url":"https:\/\/citywall.eu\/de\/3d-scanning\/","name":"3D scanning - Citywall.eu","isPartOf":{"@id":"https:\/\/citywall.eu\/de\/#website"},"datePublished":"2024-01-29T07:13:51+00:00","dateModified":"2026-02-23T08:38:18+00:00","breadcrumb":{"@id":"https:\/\/citywall.eu\/de\/3d-scanning\/#breadcrumb"},"inLanguage":"de","potentialAction":[{"@type":"ReadAction","target":["https:\/\/citywall.eu\/de\/3d-scanning\/"]}]},{"@type":"BreadcrumbList","@id":"https:\/\/citywall.eu\/de\/3d-scanning\/#breadcrumb","itemListElement":[{"@type":"ListItem","position":1,"name":"Home","item":"https:\/\/citywall.eu\/de\/homepage\/"},{"@type":"ListItem","position":2,"name":"3D scanning"}]},{"@type":"WebSite","@id":"https:\/\/citywall.eu\/de\/#website","url":"https:\/\/citywall.eu\/de\/","name":"Citywall.eu","description":"Climbing Walls Manufacturer","potentialAction":[{"@type":"SearchAction","target":{"@type":"EntryPoint","urlTemplate":"https:\/\/citywall.eu\/de\/?s={search_term_string}"},"query-input":{"@type":"PropertyValueSpecification","valueRequired":true,"valueName":"search_term_string"}}],"inLanguage":"de"}]}},"_links":{"self":[{"href":"https:\/\/citywall.eu\/de\/wp-json\/wp\/v2\/pages\/17285","targetHints":{"allow":["GET"]}}],"collection":[{"href":"https:\/\/citywall.eu\/de\/wp-json\/wp\/v2\/pages"}],"about":[{"href":"https:\/\/citywall.eu\/de\/wp-json\/wp\/v2\/types\/page"}],"author":[{"embeddable":true,"href":"https:\/\/citywall.eu\/de\/wp-json\/wp\/v2\/users\/1"}],"replies":[{"embeddable":true,"href":"https:\/\/citywall.eu\/de\/wp-json\/wp\/v2\/comments?post=17285"}],"version-history":[{"count":4,"href":"https:\/\/citywall.eu\/de\/wp-json\/wp\/v2\/pages\/17285\/revisions"}],"predecessor-version":[{"id":17623,"href":"https:\/\/citywall.eu\/de\/wp-json\/wp\/v2\/pages\/17285\/revisions\/17623"}],"wp:attachment":[{"href":"https:\/\/citywall.eu\/de\/wp-json\/wp\/v2\/media?parent=17285"}],"curies":[{"name":"wp","href":"https:\/\/api.w.org\/{rel}","templated":true}]}}