{"id":3879,"date":"2019-08-23T12:06:11","date_gmt":"2019-08-23T12:06:11","guid":{"rendered":"http:\/\/citywall.eu\/klettergriffe-und-volumen\/"},"modified":"2026-03-02T08:41:21","modified_gmt":"2026-03-02T08:41:21","slug":"kletter-makros-volumen-und-griffe","status":"publish","type":"page","link":"https:\/\/citywall.eu\/de\/kletter-makros-volumen-und-griffe\/","title":{"rendered":"Kletter-Makros, Volumen und Griffe"},"content":{"rendered":"\n<style type=\"text\/css\" data-created_by=\"avia_inline_auto\" id=\"style-css-av-jzl895pb-cb3225d90845482a5a10c58bb98b8c2b\">\n.avia-section.av-jzl895pb-cb3225d90845482a5a10c58bb98b8c2b{\nbackground-repeat:no-repeat;\nbackground-image:url(https:\/\/citywall.eu\/wp-content\/uploads\/2024\/09\/macros-volumes-and-holds-1500x630.png);\nbackground-position:50% 50%;\nbackground-attachment:fixed;\n}\n.avia-section.av-jzl895pb-cb3225d90845482a5a10c58bb98b8c2b .av-section-color-overlay{\nopacity:0.5;\nbackground-color:#1c75bc;\n}\n<\/style>\n<div id='av_section_1'  class='avia-section av-jzl895pb-cb3225d90845482a5a10c58bb98b8c2b main_color avia-section-default avia-no-border-styling  avia-builder-el-0  el_before_av_one_full  avia-builder-el-first  avia-full-stretch avia-bg-style-fixed av-section-color-overlay-active av-minimum-height av-minimum-height-custom av-height-custom  container_wrap fullsize'  data-section-bg-repeat='stretch' data-av_minimum_height_px='500'><div class=\"av-section-color-overlay-wrap\"><div class=\"av-section-color-overlay\"><\/div><div class='container av-section-cont-open' style='height:500px'><main  role=\"main\" itemprop=\"mainContentOfPage\"  class='template-page content  av-content-full alpha units'><div class='post-entry post-entry-type-page post-entry-3879'><div class='entry-content-wrapper clearfix'>\n\n<style type=\"text\/css\" data-created_by=\"avia_inline_auto\" id=\"style-css-av-9g9jr-0c2955da8cfc90e0a70c860f18b9fff1\">\n#top .av-special-heading.av-9g9jr-0c2955da8cfc90e0a70c860f18b9fff1{\npadding-bottom:20px;\ncolor:#ffffff;\nfont-size:50px;\n}\nbody .av-special-heading.av-9g9jr-0c2955da8cfc90e0a70c860f18b9fff1 .av-special-heading-tag .heading-char{\nfont-size:25px;\n}\n#top #wrap_all .av-special-heading.av-9g9jr-0c2955da8cfc90e0a70c860f18b9fff1 .av-special-heading-tag{\nfont-size:50px;\n}\n.av-special-heading.av-9g9jr-0c2955da8cfc90e0a70c860f18b9fff1 .special-heading-inner-border{\nborder-color:#ffffff;\n}\n.av-special-heading.av-9g9jr-0c2955da8cfc90e0a70c860f18b9fff1 .av-subheading{\nfont-size:15px;\n}\n\n@media only screen and (min-width: 480px) and (max-width: 767px){ \n#top #wrap_all .av-special-heading.av-9g9jr-0c2955da8cfc90e0a70c860f18b9fff1 .av-special-heading-tag{\nfont-size:0.8em;\n}\n}\n\n@media only screen and (max-width: 479px){ \n#top #wrap_all .av-special-heading.av-9g9jr-0c2955da8cfc90e0a70c860f18b9fff1 .av-special-heading-tag{\nfont-size:0.8em;\n}\n}\n<\/style>\n<div  class='av-special-heading av-9g9jr-0c2955da8cfc90e0a70c860f18b9fff1 av-special-heading-h2 custom-color-heading blockquote modern-quote modern-centered  avia-builder-el-1  el_before_av_heading  avia-builder-el-first  av-inherit-size av-linked-heading'><h2 class='av-special-heading-tag '  itemprop=\"headline\"  >KLETTER-MAKROS, VOLUMEN UND GRIFFE<\/h2><div class=\"special-heading-border\"><div class=\"special-heading-inner-border\"><\/div><\/div><\/div>\n\n<style type=\"text\/css\" data-created_by=\"avia_inline_auto\" id=\"style-css-av-m12b9byc-6b09656afe4d15d4eedaf8fd4b2c4083\">\n#top .av-special-heading.av-m12b9byc-6b09656afe4d15d4eedaf8fd4b2c4083{\npadding-bottom:20px;\ncolor:#ffffff;\nfont-size:40px;\n}\nbody .av-special-heading.av-m12b9byc-6b09656afe4d15d4eedaf8fd4b2c4083 .av-special-heading-tag .heading-char{\nfont-size:25px;\n}\n#top #wrap_all .av-special-heading.av-m12b9byc-6b09656afe4d15d4eedaf8fd4b2c4083 .av-special-heading-tag{\nfont-size:40px;\n}\n.av-special-heading.av-m12b9byc-6b09656afe4d15d4eedaf8fd4b2c4083 .special-heading-inner-border{\nborder-color:#ffffff;\n}\n.av-special-heading.av-m12b9byc-6b09656afe4d15d4eedaf8fd4b2c4083 .av-subheading{\nfont-size:15px;\n}\n\n@media only screen and (min-width: 480px) and (max-width: 767px){ \n#top #wrap_all .av-special-heading.av-m12b9byc-6b09656afe4d15d4eedaf8fd4b2c4083 .av-special-heading-tag{\nfont-size:0.8em;\n}\n}\n\n@media only screen and (max-width: 479px){ \n#top #wrap_all .av-special-heading.av-m12b9byc-6b09656afe4d15d4eedaf8fd4b2c4083 .av-special-heading-tag{\nfont-size:0.8em;\n}\n}\n<\/style>\n<div  class='av-special-heading av-m12b9byc-6b09656afe4d15d4eedaf8fd4b2c4083 av-special-heading-h2 custom-color-heading blockquote modern-quote modern-centered  avia-builder-el-2  el_after_av_heading  avia-builder-el-last  av-inherit-size av-linked-heading'><h2 class='av-special-heading-tag '  itemprop=\"headline\"  >Entdecken Sie die perfekte Erg\u00e4nzung f\u00fcr Ihre Kletterwand \u2013 von f\u00fchrenden Marken, die f\u00fcr Innovation und Qualit\u00e4t stehen.<\/h2><div class=\"special-heading-border\"><div class=\"special-heading-inner-border\"><\/div><\/div><\/div>\n<\/div><\/div><\/main><!-- close content main element --><\/div><\/div><\/div><div id='after_section_1'  class='main_color av_default_container_wrap container_wrap fullsize'  ><div class='container av-section-cont-open' ><div class='template-page content  av-content-full alpha units'><div class='post-entry post-entry-type-page post-entry-3879'><div class='entry-content-wrapper clearfix'>\n<style type=\"text\/css\" data-created_by=\"avia_inline_auto\" id=\"style-css-av-pawd-ca3c9eed0b00d3af6dbf251f79a379b3\">\n.flex_column.av-pawd-ca3c9eed0b00d3af6dbf251f79a379b3{\n-webkit-border-radius:0px 0px 0px 0px;\n-moz-border-radius:0px 0px 0px 0px;\nborder-radius:0px 0px 0px 0px;\npadding:0px 0px 0px 0px;\n}\n<\/style>\n<div  class='flex_column av-pawd-ca3c9eed0b00d3af6dbf251f79a379b3 av_one_full  avia-builder-el-3  el_after_av_section  el_before_av_hr  avia-builder-el-first  first flex_column_div av-zero-column-padding  '     ><style type=\"text\/css\" data-created_by=\"avia_inline_auto\" id=\"style-css-av-160fx-b03e4eb33a8ca7001f5204445434dafb\">\n#top .av_textblock_section.av-160fx-b03e4eb33a8ca7001f5204445434dafb .avia_textblock{\nfont-size:22px;\ncolor:#000000;\n}\n<\/style>\n<section  class='av_textblock_section av-160fx-b03e4eb33a8ca7001f5204445434dafb '   itemscope=\"itemscope\" itemtype=\"https:\/\/schema.org\/CreativeWork\" ><div class='avia_textblock av_inherit_color'  itemprop=\"text\" ><h3 style=\"text-align: center;\">Wir sind stolze Eigent\u00fcmer der Marken <a href=\"https:\/\/climbinggymheaven.com\/illusion\/\">Illusion<\/a> (IFSC) und <a href=\"https:\/\/climbinggymheaven.com\/infinity\/\">Infinity<\/a>. Dar\u00fcber hinaus arbeiten wir mit Agripp, So iLL, Expression Holds, Ember, Play und Trinity Original zusammen \u2013 hochwertigen und vielseitigen Anbietern von Kletter-Makros, Volumen und Griffen. Deren Produkte k\u00f6nnen wir gemeinsam mit unseren Kletterwandpaneelen versenden, wodurch erhebliche Einsparungen bei den Transportkosten entstehen. Diese Kostenvorteile geben wir in Form attraktiver Preisnachl\u00e4sse auf ausgew\u00e4hlte Kletteraccessoires an unsere Kunden weiter.<\/h3>\n<\/div><\/section><\/div>\n<style type=\"text\/css\" data-created_by=\"avia_inline_auto\" id=\"style-css-av-jztw168i-75b7d40b4a02a848bd84c674dd1ae0fd\">\n#top .hr.hr-invisible.av-jztw168i-75b7d40b4a02a848bd84c674dd1ae0fd{\nheight:50px;\n}\n<\/style>\n<div  class='hr av-jztw168i-75b7d40b4a02a848bd84c674dd1ae0fd hr-invisible  avia-builder-el-5  el_after_av_one_full  el_before_av_image '><span class='hr-inner '><span class=\"hr-inner-style\"><\/span><\/span><\/div><\/p>\n\n<style type=\"text\/css\" data-created_by=\"avia_inline_auto\" id=\"style-css-av-jznz2ubb-6a913675e58d1038f85be3c7b6e29d5f\">\n.avia-image-container.av-jznz2ubb-6a913675e58d1038f85be3c7b6e29d5f img.avia_image{\n-webkit-box-shadow:none;\n-moz-box-shadow:none;\nbox-shadow:none;\n}\n.avia-image-container.av-jznz2ubb-6a913675e58d1038f85be3c7b6e29d5f .av-image-caption-overlay-center{\ncolor:#ffffff;\n}\n<\/style>\n<div  class='avia-image-container av-jznz2ubb-6a913675e58d1038f85be3c7b6e29d5f av-styling- avia-align-center  avia-builder-el-6  el_after_av_hr  el_before_av_hr '   itemprop=\"image\" itemscope=\"itemscope\" itemtype=\"https:\/\/schema.org\/ImageObject\" ><div class=\"avia-image-container-inner\"><div class=\"avia-image-overlay-wrap\"><img class='avia_image ' src='https:\/\/citywall.eu\/wp-content\/uploads\/2019\/08\/Holds-and-volumes.jpg' alt='' title='Holds-and-volumes'  height=\"555\" width=\"1140\"  itemprop=\"thumbnailUrl\"  \/><\/div><\/div><\/div>\n\n<style type=\"text\/css\" data-created_by=\"avia_inline_auto\" id=\"style-css-av-jztw168i-10-6f65832559724f7373a8811186d845d6\">\n#top .hr.hr-invisible.av-jztw168i-10-6f65832559724f7373a8811186d845d6{\nheight:50px;\n}\n<\/style>\n<div  class='hr av-jztw168i-10-6f65832559724f7373a8811186d845d6 hr-invisible  avia-builder-el-7  el_after_av_image  el_before_av_section  avia-builder-el-last '><span class='hr-inner '><span class=\"hr-inner-style\"><\/span><\/span><\/div>\n<\/div><\/div><\/div><!-- close content main div --><\/div><\/div>\n<style type=\"text\/css\" data-created_by=\"avia_inline_auto\" id=\"style-css-av-26ttj-62df393aebffc334d59ed2089824ecfb\">\n.avia-section.av-26ttj-62df393aebffc334d59ed2089824ecfb{\nbackground-repeat:repeat;\nbackground-image:url(https:\/\/citywall.eu\/wp-content\/uploads\/2019\/08\/Ozadje-brand_02.jpg);\nbackground-position:50% 100%;\nbackground-attachment:scroll;\n}\n<\/style>\n<div id='av_section_2'  class='avia-section av-26ttj-62df393aebffc334d59ed2089824ecfb main_color avia-section-default avia-no-border-styling  avia-builder-el-8  el_after_av_hr  el_before_av_image  avia-bg-style-scroll container_wrap fullsize'  data-section-bg-repeat='repeat'><div class='container av-section-cont-open' ><div class='template-page content  av-content-full alpha units'><div class='post-entry post-entry-type-page post-entry-3879'><div class='entry-content-wrapper clearfix'>\n\n<style type=\"text\/css\" data-created_by=\"avia_inline_auto\" id=\"style-css-av-jz9teztm-eb6ff4ab0de3ecc9e72c789981279088\">\n#top .hr.hr-invisible.av-jz9teztm-eb6ff4ab0de3ecc9e72c789981279088{\nheight:20px;\n}\n<\/style>\n<div  class='hr av-jz9teztm-eb6ff4ab0de3ecc9e72c789981279088 hr-invisible  avia-builder-el-9  el_before_av_one_full  avia-builder-el-first '><span class='hr-inner '><span class=\"hr-inner-style\"><\/span><\/span><\/div>\n\n<style type=\"text\/css\" data-created_by=\"avia_inline_auto\" id=\"style-css-av-y2jz-35f22dadf6deaff7fbad455ada4da7d2\">\n.flex_column.av-y2jz-35f22dadf6deaff7fbad455ada4da7d2{\n-webkit-border-radius:0px 0px 0px 0px;\n-moz-border-radius:0px 0px 0px 0px;\nborder-radius:0px 0px 0px 0px;\npadding:0px 0px 0px 0px;\n}\n<\/style>\n<div  class='flex_column av-y2jz-35f22dadf6deaff7fbad455ada4da7d2 av_one_full  avia-builder-el-10  el_after_av_hr  el_before_av_hr  first flex_column_div av-animated-generic fade-in av-zero-column-padding  '     ><style type=\"text\/css\" data-created_by=\"avia_inline_auto\" id=\"style-css-av-m12c44wx-158665b9ab5274a70f6e9c6a3fbaef7a\">\n#top .av-special-heading.av-m12c44wx-158665b9ab5274a70f6e9c6a3fbaef7a{\npadding-bottom:10px;\ncolor:#ffffff;\nfont-size:46px;\n}\nbody .av-special-heading.av-m12c44wx-158665b9ab5274a70f6e9c6a3fbaef7a .av-special-heading-tag .heading-char{\nfont-size:25px;\n}\n#top #wrap_all .av-special-heading.av-m12c44wx-158665b9ab5274a70f6e9c6a3fbaef7a .av-special-heading-tag{\nfont-size:46px;\n}\n.av-special-heading.av-m12c44wx-158665b9ab5274a70f6e9c6a3fbaef7a .special-heading-inner-border{\nborder-color:#ffffff;\n}\n.av-special-heading.av-m12c44wx-158665b9ab5274a70f6e9c6a3fbaef7a .av-subheading{\nfont-size:15px;\n}\n\n@media only screen and (min-width: 480px) and (max-width: 767px){ \n#top #wrap_all .av-special-heading.av-m12c44wx-158665b9ab5274a70f6e9c6a3fbaef7a .av-special-heading-tag{\nfont-size:0.8em;\n}\n}\n\n@media only screen and (max-width: 479px){ \n#top #wrap_all .av-special-heading.av-m12c44wx-158665b9ab5274a70f6e9c6a3fbaef7a .av-special-heading-tag{\nfont-size:0.8em;\n}\n}\n<\/style>\n<div  class='av-special-heading av-m12c44wx-158665b9ab5274a70f6e9c6a3fbaef7a av-special-heading-h2 custom-color-heading blockquote modern-quote modern-centered  avia-builder-el-11  avia-builder-el-no-sibling  av-inherit-size av-linked-heading'><h2 class='av-special-heading-tag '  itemprop=\"headline\"  >UNSERE EIGENEN MARKEN F\u00dcR KLETTER-MAKROS, VOLUMEN UND GRIFFE<\/h2><div class=\"special-heading-border\"><div class=\"special-heading-inner-border\"><\/div><\/div><\/div><\/div>\n<style type=\"text\/css\" data-created_by=\"avia_inline_auto\" id=\"style-css-av-jz9teztm-9-5a9036ce55a5e9de8ae8af1a333d6447\">\n#top .hr.hr-invisible.av-jz9teztm-9-5a9036ce55a5e9de8ae8af1a333d6447{\nheight:20px;\n}\n<\/style>\n<div  class='hr av-jz9teztm-9-5a9036ce55a5e9de8ae8af1a333d6447 hr-invisible  avia-builder-el-12  el_after_av_one_full  el_before_av_image '><span class='hr-inner '><span class=\"hr-inner-style\"><\/span><\/span><\/div>\n\n<style type=\"text\/css\" data-created_by=\"avia_inline_auto\" id=\"style-css-av-m12bgu3r-bd7fd54a51c4622e2a7946886bb94f52\">\n.avia-image-container.av-m12bgu3r-bd7fd54a51c4622e2a7946886bb94f52 img.avia_image{\n-webkit-box-shadow:none;\n-moz-box-shadow:none;\nbox-shadow:none;\n}\n.avia-image-container.av-m12bgu3r-bd7fd54a51c4622e2a7946886bb94f52 .av-image-caption-overlay-center{\ncolor:#ffffff;\n}\n<\/style>\n<div  class='avia-image-container av-m12bgu3r-bd7fd54a51c4622e2a7946886bb94f52 av-styling- av-img-linked avia-align-center  avia-builder-el-13  el_after_av_hr  el_before_av_hr '   itemprop=\"image\" itemscope=\"itemscope\" itemtype=\"https:\/\/schema.org\/ImageObject\" ><div class=\"avia-image-container-inner\"><div class=\"avia-image-overlay-wrap\"><a href=\"https:\/\/climbinggymheaven.com\/\" class='avia_image '  aria-label='Logo CGH'><img class='avia_image ' src='https:\/\/citywall.eu\/wp-content\/uploads\/2022\/01\/Logo-CGH.svg' alt='Logo CGH' title='Logo CGH'  height=\"300\" width=\"300\"  itemprop=\"thumbnailUrl\"  \/><\/a><\/div><\/div><\/div>\n\n<style type=\"text\/css\" data-created_by=\"avia_inline_auto\" id=\"style-css-av-jz9teztm-8-85d0faf0094e37219f83287b38e1dce5\">\n#top .hr.hr-invisible.av-jz9teztm-8-85d0faf0094e37219f83287b38e1dce5{\nheight:20px;\n}\n<\/style>\n<div  class='hr av-jz9teztm-8-85d0faf0094e37219f83287b38e1dce5 hr-invisible  avia-builder-el-14  el_after_av_image  el_before_av_one_half '><span class='hr-inner '><span class=\"hr-inner-style\"><\/span><\/span><\/div>\n\n<style type=\"text\/css\" data-created_by=\"avia_inline_auto\" id=\"style-css-av-1rprf-28da05c25e2159c15a1f0b388d2d9848\">\n.flex_column.av-1rprf-28da05c25e2159c15a1f0b388d2d9848{\n-webkit-border-radius:0px 0px 0px 0px;\n-moz-border-radius:0px 0px 0px 0px;\nborder-radius:0px 0px 0px 0px;\npadding:0px 0px 0px 0px;\n}\n<\/style>\n<div  class='flex_column av-1rprf-28da05c25e2159c15a1f0b388d2d9848 av_one_half  avia-builder-el-15  el_after_av_hr  el_before_av_one_half  first flex_column_div av-animated-generic fade-in av-zero-column-padding  '     ><p>\n<style type=\"text\/css\" data-created_by=\"avia_inline_auto\" id=\"style-css-av-jzb2wetb-3748bd3453d50a95cff36d18a1cf2ad2\">\n.avia-image-container.av-jzb2wetb-3748bd3453d50a95cff36d18a1cf2ad2 img.avia_image{\n-webkit-box-shadow:none;\n-moz-box-shadow:none;\nbox-shadow:none;\n}\n.avia-image-container.av-jzb2wetb-3748bd3453d50a95cff36d18a1cf2ad2 .av-image-caption-overlay-center{\ncolor:#ffffff;\n}\n<\/style>\n<div  class='avia-image-container av-jzb2wetb-3748bd3453d50a95cff36d18a1cf2ad2 av-styling-circle av-img-linked avia-align-center  avia-builder-el-16  el_before_av_textblock  avia-builder-el-first '   itemprop=\"image\" itemscope=\"itemscope\" itemtype=\"https:\/\/schema.org\/ImageObject\" ><div class=\"avia-image-container-inner\"><div class=\"avia-image-overlay-wrap\"><a href=\"https:\/\/climbinggymheaven.com\/illusion\/\" class='avia_image '  aria-label='Illusion'><img class='avia_image ' src='https:\/\/citywall.eu\/wp-content\/uploads\/2021\/04\/Illusion-1-300x225.png' alt='' title='Illusion'  height=\"225\" width=\"300\"  itemprop=\"thumbnailUrl\"  \/><\/a><\/div><\/div><\/div><br \/>\n\n<style type=\"text\/css\" data-created_by=\"avia_inline_auto\" id=\"style-css-av-jzb4j731-aca31634c3c8f52dfb228f23420e1e61\">\n#top .av_textblock_section.av-jzb4j731-aca31634c3c8f52dfb228f23420e1e61 .avia_textblock{\nfont-size:20px;\ncolor:#ffffff;\n}\n<\/style>\n<section  class='av_textblock_section av-jzb4j731-aca31634c3c8f52dfb228f23420e1e61 '   itemscope=\"itemscope\" itemtype=\"https:\/\/schema.org\/CreativeWork\" ><div class='avia_textblock av_inherit_color'  itemprop=\"text\" ><h3 style=\"text-align: center;\"><a href=\"https:\/\/climbinggymheaven.com\/illusion\/\">Website besuchen\u2026<\/a><\/h3>\n<\/div><\/section><\/p><\/div>\n<style type=\"text\/css\" data-created_by=\"avia_inline_auto\" id=\"style-css-av-1rprf-5-339e0ebe80554fe5df6a1e852f2cb428\">\n.flex_column.av-1rprf-5-339e0ebe80554fe5df6a1e852f2cb428{\n-webkit-border-radius:0px 0px 0px 0px;\n-moz-border-radius:0px 0px 0px 0px;\nborder-radius:0px 0px 0px 0px;\npadding:0px 0px 0px 0px;\n}\n<\/style>\n<div  class='flex_column av-1rprf-5-339e0ebe80554fe5df6a1e852f2cb428 av_one_half  avia-builder-el-18  el_after_av_one_half  el_before_av_hr  flex_column_div av-animated-generic fade-in av-zero-column-padding  '     ><p>\n<style type=\"text\/css\" data-created_by=\"avia_inline_auto\" id=\"style-css-av-jzb2w7sz-3e9c7b89187cc49ad1adfa3c9079b307\">\n.avia-image-container.av-jzb2w7sz-3e9c7b89187cc49ad1adfa3c9079b307 img.avia_image{\n-webkit-box-shadow:none;\n-moz-box-shadow:none;\nbox-shadow:none;\n}\n.avia-image-container.av-jzb2w7sz-3e9c7b89187cc49ad1adfa3c9079b307 .av-image-caption-overlay-center{\ncolor:#ffffff;\n}\n<\/style>\n<div  class='avia-image-container av-jzb2w7sz-3e9c7b89187cc49ad1adfa3c9079b307 av-styling-circle av-img-linked avia-align-center  avia-builder-el-19  el_before_av_textblock  avia-builder-el-first '   itemprop=\"image\" itemscope=\"itemscope\" itemtype=\"https:\/\/schema.org\/ImageObject\" ><div class=\"avia-image-container-inner\"><div class=\"avia-image-overlay-wrap\"><a href=\"https:\/\/climbinggymheaven.com\/infinity\/\" class='avia_image '  aria-label='Infinity'><img class='avia_image ' src='https:\/\/citywall.eu\/wp-content\/uploads\/2021\/04\/Infinity-300x225.png' alt='' title='Infinity'  height=\"225\" width=\"300\"  itemprop=\"thumbnailUrl\"  \/><\/a><\/div><\/div><\/div><br \/>\n\n<style type=\"text\/css\" data-created_by=\"avia_inline_auto\" id=\"style-css-av-jzb4j731-4-f8f019c9b5931a6797193fe012db5b63\">\n#top .av_textblock_section.av-jzb4j731-4-f8f019c9b5931a6797193fe012db5b63 .avia_textblock{\nfont-size:20px;\ncolor:#ffffff;\n}\n<\/style>\n<section  class='av_textblock_section av-jzb4j731-4-f8f019c9b5931a6797193fe012db5b63 '   itemscope=\"itemscope\" itemtype=\"https:\/\/schema.org\/CreativeWork\" ><div class='avia_textblock av_inherit_color'  itemprop=\"text\" ><h3 style=\"text-align: center;\"><a href=\"https:\/\/climbinggymheaven.com\/infinity\/\">Website besuchen\u2026<\/a><\/h3>\n<\/div><\/section><\/p><\/div>\n<style type=\"text\/css\" data-created_by=\"avia_inline_auto\" id=\"style-css-av-jz9teztm-6-5218c1b3d54697aa4ca0a19e640a1293\">\n#top .hr.hr-invisible.av-jz9teztm-6-5218c1b3d54697aa4ca0a19e640a1293{\nheight:10px;\n}\n<\/style>\n<div  class='hr av-jz9teztm-6-5218c1b3d54697aa4ca0a19e640a1293 hr-invisible  avia-builder-el-21  el_after_av_one_half  avia-builder-el-last '><span class='hr-inner '><span class=\"hr-inner-style\"><\/span><\/span><\/div>\n<\/div><\/div><\/div><!-- close content main div --><\/div><\/div><div id='after_section_2'  class='main_color av_default_container_wrap container_wrap fullsize'  ><div class='container av-section-cont-open' ><div class='template-page content  av-content-full alpha units'><div class='post-entry post-entry-type-page post-entry-3879'><div class='entry-content-wrapper clearfix'>\n<style type=\"text\/css\" data-created_by=\"avia_inline_auto\" id=\"style-css-av-m12bgu3r-7-2cf76d493b52008a7b12b6d63c190818\">\n.avia-image-container.av-m12bgu3r-7-2cf76d493b52008a7b12b6d63c190818 img.avia_image{\n-webkit-box-shadow:none;\n-moz-box-shadow:none;\nbox-shadow:none;\n}\n.avia-image-container.av-m12bgu3r-7-2cf76d493b52008a7b12b6d63c190818 .av-image-caption-overlay-center{\ncolor:#ffffff;\n}\n<\/style>\n<div  class='avia-image-container av-m12bgu3r-7-2cf76d493b52008a7b12b6d63c190818 av-styling- av-img-linked avia-align-center  avia-builder-el-22  el_after_av_section  avia-builder-el-no-sibling '   itemprop=\"image\" itemscope=\"itemscope\" itemtype=\"https:\/\/schema.org\/ImageObject\" ><div class=\"avia-image-container-inner\"><div class=\"avia-image-overlay-wrap\"><a href=\"https:\/\/climbinggymheaven.com\/\" class='avia_image '  aria-label='logo cgh'><img class='avia_image ' src='https:\/\/citywall.eu\/wp-content\/uploads\/2021\/09\/logo-cgh-300x187.jpg' alt='' title='logo cgh'  height=\"187\" width=\"300\"  itemprop=\"thumbnailUrl\"  \/><\/a><\/div><\/div><\/div><\/p>\n","protected":false},"excerpt":{"rendered":"","protected":false},"author":2,"featured_media":0,"parent":0,"menu_order":0,"comment_status":"closed","ping_status":"closed","template":"","meta":{"inline_featured_image":false,"footnotes":""},"class_list":["post-3879","page","type-page","status-publish","hentry"],"acf":[],"yoast_head":"<!-- This site is optimized with the Yoast SEO plugin v27.3 - https:\/\/yoast.com\/product\/yoast-seo-wordpress\/ -->\n<title>Kletter-Makros, Volumen und Griffe - Citywall.eu<\/title>\n<meta name=\"robots\" content=\"index, follow, max-snippet:-1, max-image-preview:large, max-video-preview:-1\" \/>\n<link rel=\"canonical\" href=\"https:\/\/citywall.eu\/de\/kletter-makros-volumen-und-griffe\/\" \/>\n<meta property=\"og:locale\" content=\"de_DE\" \/>\n<meta property=\"og:type\" content=\"article\" \/>\n<meta property=\"og:title\" content=\"Kletter-Makros, Volumen und Griffe - Citywall.eu\" \/>\n<meta property=\"og:url\" content=\"https:\/\/citywall.eu\/de\/kletter-makros-volumen-und-griffe\/\" \/>\n<meta property=\"og:site_name\" content=\"Citywall.eu\" \/>\n<meta property=\"article:modified_time\" content=\"2026-03-02T08:41:21+00:00\" \/>\n<meta name=\"twitter:card\" content=\"summary_large_image\" \/>\n<meta name=\"twitter:label1\" content=\"Gesch\u00e4tzte Lesezeit\" \/>\n\t<meta name=\"twitter:data1\" content=\"2\u00a0Minuten\" \/>\n<script type=\"application\/ld+json\" class=\"yoast-schema-graph\">{\"@context\":\"https:\\\/\\\/schema.org\",\"@graph\":[{\"@type\":\"WebPage\",\"@id\":\"https:\\\/\\\/citywall.eu\\\/de\\\/kletter-makros-volumen-und-griffe\\\/\",\"url\":\"https:\\\/\\\/citywall.eu\\\/de\\\/kletter-makros-volumen-und-griffe\\\/\",\"name\":\"Kletter-Makros, Volumen und Griffe - Citywall.eu\",\"isPartOf\":{\"@id\":\"https:\\\/\\\/citywall.eu\\\/de\\\/#website\"},\"datePublished\":\"2019-08-23T12:06:11+00:00\",\"dateModified\":\"2026-03-02T08:41:21+00:00\",\"breadcrumb\":{\"@id\":\"https:\\\/\\\/citywall.eu\\\/de\\\/kletter-makros-volumen-und-griffe\\\/#breadcrumb\"},\"inLanguage\":\"de\",\"potentialAction\":[{\"@type\":\"ReadAction\",\"target\":[\"https:\\\/\\\/citywall.eu\\\/de\\\/kletter-makros-volumen-und-griffe\\\/\"]}]},{\"@type\":\"BreadcrumbList\",\"@id\":\"https:\\\/\\\/citywall.eu\\\/de\\\/kletter-makros-volumen-und-griffe\\\/#breadcrumb\",\"itemListElement\":[{\"@type\":\"ListItem\",\"position\":1,\"name\":\"Home\",\"item\":\"https:\\\/\\\/citywall.eu\\\/de\\\/homepage\\\/\"},{\"@type\":\"ListItem\",\"position\":2,\"name\":\"Kletter-Makros, Volumen und Griffe\"}]},{\"@type\":\"WebSite\",\"@id\":\"https:\\\/\\\/citywall.eu\\\/de\\\/#website\",\"url\":\"https:\\\/\\\/citywall.eu\\\/de\\\/\",\"name\":\"Citywall.eu\",\"description\":\"Climbing Walls Manufacturer\",\"potentialAction\":[{\"@type\":\"SearchAction\",\"target\":{\"@type\":\"EntryPoint\",\"urlTemplate\":\"https:\\\/\\\/citywall.eu\\\/de\\\/?s={search_term_string}\"},\"query-input\":{\"@type\":\"PropertyValueSpecification\",\"valueRequired\":true,\"valueName\":\"search_term_string\"}}],\"inLanguage\":\"de\"}]}<\/script>\n<!-- \/ Yoast SEO plugin. -->","yoast_head_json":{"title":"Kletter-Makros, Volumen und Griffe - Citywall.eu","robots":{"index":"index","follow":"follow","max-snippet":"max-snippet:-1","max-image-preview":"max-image-preview:large","max-video-preview":"max-video-preview:-1"},"canonical":"https:\/\/citywall.eu\/de\/kletter-makros-volumen-und-griffe\/","og_locale":"de_DE","og_type":"article","og_title":"Kletter-Makros, Volumen und Griffe - Citywall.eu","og_url":"https:\/\/citywall.eu\/de\/kletter-makros-volumen-und-griffe\/","og_site_name":"Citywall.eu","article_modified_time":"2026-03-02T08:41:21+00:00","twitter_card":"summary_large_image","twitter_misc":{"Gesch\u00e4tzte Lesezeit":"2\u00a0Minuten"},"schema":{"@context":"https:\/\/schema.org","@graph":[{"@type":"WebPage","@id":"https:\/\/citywall.eu\/de\/kletter-makros-volumen-und-griffe\/","url":"https:\/\/citywall.eu\/de\/kletter-makros-volumen-und-griffe\/","name":"Kletter-Makros, Volumen und Griffe - Citywall.eu","isPartOf":{"@id":"https:\/\/citywall.eu\/de\/#website"},"datePublished":"2019-08-23T12:06:11+00:00","dateModified":"2026-03-02T08:41:21+00:00","breadcrumb":{"@id":"https:\/\/citywall.eu\/de\/kletter-makros-volumen-und-griffe\/#breadcrumb"},"inLanguage":"de","potentialAction":[{"@type":"ReadAction","target":["https:\/\/citywall.eu\/de\/kletter-makros-volumen-und-griffe\/"]}]},{"@type":"BreadcrumbList","@id":"https:\/\/citywall.eu\/de\/kletter-makros-volumen-und-griffe\/#breadcrumb","itemListElement":[{"@type":"ListItem","position":1,"name":"Home","item":"https:\/\/citywall.eu\/de\/homepage\/"},{"@type":"ListItem","position":2,"name":"Kletter-Makros, Volumen und Griffe"}]},{"@type":"WebSite","@id":"https:\/\/citywall.eu\/de\/#website","url":"https:\/\/citywall.eu\/de\/","name":"Citywall.eu","description":"Climbing Walls Manufacturer","potentialAction":[{"@type":"SearchAction","target":{"@type":"EntryPoint","urlTemplate":"https:\/\/citywall.eu\/de\/?s={search_term_string}"},"query-input":{"@type":"PropertyValueSpecification","valueRequired":true,"valueName":"search_term_string"}}],"inLanguage":"de"}]}},"_links":{"self":[{"href":"https:\/\/citywall.eu\/de\/wp-json\/wp\/v2\/pages\/3879","targetHints":{"allow":["GET"]}}],"collection":[{"href":"https:\/\/citywall.eu\/de\/wp-json\/wp\/v2\/pages"}],"about":[{"href":"https:\/\/citywall.eu\/de\/wp-json\/wp\/v2\/types\/page"}],"author":[{"embeddable":true,"href":"https:\/\/citywall.eu\/de\/wp-json\/wp\/v2\/users\/2"}],"replies":[{"embeddable":true,"href":"https:\/\/citywall.eu\/de\/wp-json\/wp\/v2\/comments?post=3879"}],"version-history":[{"count":6,"href":"https:\/\/citywall.eu\/de\/wp-json\/wp\/v2\/pages\/3879\/revisions"}],"predecessor-version":[{"id":17782,"href":"https:\/\/citywall.eu\/de\/wp-json\/wp\/v2\/pages\/3879\/revisions\/17782"}],"wp:attachment":[{"href":"https:\/\/citywall.eu\/de\/wp-json\/wp\/v2\/media?parent=3879"}],"curies":[{"name":"wp","href":"https:\/\/api.w.org\/{rel}","templated":true}]}}