{"id":7383,"date":"2019-08-22T08:03:02","date_gmt":"2019-08-22T08:03:02","guid":{"rendered":"http:\/\/citywall.eu\/climbing-walls\/"},"modified":"2022-04-21T08:10:16","modified_gmt":"2022-04-21T08:10:16","slug":"rocodromos","status":"publish","type":"page","link":"https:\/\/citywall.eu\/es\/rocodromos\/","title":{"rendered":"Roc\u00f3dromos"},"content":{"rendered":"\n<style type=\"text\/css\" data-created_by=\"avia_inline_auto\" id=\"style-css-av-jzl895pb-19f24871b2911cf118e31bfa714ac7da\">\n.avia-section.av-jzl895pb-19f24871b2911cf118e31bfa714ac7da{\nbackground-repeat:repeat;\nbackground-image:url(https:\/\/citywall.eu\/wp-content\/uploads\/2019\/08\/Climbing-walls.jpg);\nbackground-position:50% 0%;\nbackground-attachment:scroll;\n}\n<\/style>\n<div id='av_section_1'  class='avia-section av-jzl895pb-19f24871b2911cf118e31bfa714ac7da main_color avia-section-default avia-no-border-styling  avia-builder-el-0  el_before_av_hr  avia-builder-el-first  avia-bg-style-scroll av-minimum-height av-minimum-height-custom av-height-custom  container_wrap fullsize'  data-section-bg-repeat='repeat' data-av_minimum_height_px='500'><div class='container av-section-cont-open' style='height:500px'><main  role=\"main\" itemprop=\"mainContentOfPage\"  class='template-page content  av-content-full alpha units'><div class='post-entry post-entry-type-page post-entry-7383'><div class='entry-content-wrapper clearfix'>\n\n<style type=\"text\/css\" data-created_by=\"avia_inline_auto\" id=\"style-css-av-l28q0jqz-d012caec2980dd300f624a4e3a429548\">\n#top .av-special-heading.av-l28q0jqz-d012caec2980dd300f624a4e3a429548{\npadding-bottom:20px;\ncolor:#ffffff;\nfont-size:60px;\n}\nbody .av-special-heading.av-l28q0jqz-d012caec2980dd300f624a4e3a429548 .av-special-heading-tag .heading-char{\nfont-size:25px;\n}\n#top #wrap_all .av-special-heading.av-l28q0jqz-d012caec2980dd300f624a4e3a429548 .av-special-heading-tag{\nfont-size:60px;\n}\n.av-special-heading.av-l28q0jqz-d012caec2980dd300f624a4e3a429548 .special-heading-inner-border{\nborder-color:#ffffff;\n}\n.av-special-heading.av-l28q0jqz-d012caec2980dd300f624a4e3a429548 .av-subheading{\nfont-size:15px;\n}\n\n@media only screen and (min-width: 480px) and (max-width: 767px){ \n#top #wrap_all .av-special-heading.av-l28q0jqz-d012caec2980dd300f624a4e3a429548 .av-special-heading-tag{\nfont-size:0.8em;\n}\n}\n\n@media only screen and (max-width: 479px){ \n#top #wrap_all .av-special-heading.av-l28q0jqz-d012caec2980dd300f624a4e3a429548 .av-special-heading-tag{\nfont-size:0.8em;\n}\n}\n<\/style>\n<div  class='av-special-heading av-l28q0jqz-d012caec2980dd300f624a4e3a429548 av-special-heading-h1 custom-color-heading blockquote modern-quote modern-centered  avia-builder-el-1  avia-builder-el-no-sibling  av-inherit-size av-linked-heading'><h1 class='av-special-heading-tag '  itemprop=\"headline\"  >Roc\u00f3dromos<\/h1><div class=\"special-heading-border\"><div class=\"special-heading-inner-border\"><\/div><\/div><\/div>\n<\/div><\/div><\/main><!-- close content main element --><\/div><\/div><div id='after_section_1'  class='main_color av_default_container_wrap container_wrap fullsize'  ><div class='container av-section-cont-open' ><div class='template-page content  av-content-full alpha units'><div class='post-entry post-entry-type-page post-entry-7383'><div class='entry-content-wrapper clearfix'>\n\n<style type=\"text\/css\" data-created_by=\"avia_inline_auto\" id=\"style-css-av-jzmg8g2l-3d4573ab9a0b1a5b8c3be222d362b98c\">\n#top .hr.hr-invisible.av-jzmg8g2l-3d4573ab9a0b1a5b8c3be222d362b98c{\nheight:50px;\n}\n<\/style>\n<div  class='hr av-jzmg8g2l-3d4573ab9a0b1a5b8c3be222d362b98c hr-invisible  avia-builder-el-2  el_after_av_section  el_before_av_one_full  avia-builder-el-first '><span class='hr-inner '><span class=\"hr-inner-style\"><\/span><\/span><\/div>\n\n<style type=\"text\/css\" data-created_by=\"avia_inline_auto\" id=\"style-css-av-y2jz-35f22dadf6deaff7fbad455ada4da7d2\">\n.flex_column.av-y2jz-35f22dadf6deaff7fbad455ada4da7d2{\n-webkit-border-radius:0px 0px 0px 0px;\n-moz-border-radius:0px 0px 0px 0px;\nborder-radius:0px 0px 0px 0px;\npadding:0px 0px 0px 0px;\n}\n<\/style>\n<div  class='flex_column av-y2jz-35f22dadf6deaff7fbad455ada4da7d2 av_one_full  avia-builder-el-3  el_after_av_hr  el_before_av_one_fourth  first flex_column_div av-animated-generic fade-in av-zero-column-padding  '     ><p>\n<style type=\"text\/css\" data-created_by=\"avia_inline_auto\" id=\"style-css-av-jzb0e46q-bfd5290d2b13e807818639f9a9f98862\">\n.avia-image-container.av-jzb0e46q-bfd5290d2b13e807818639f9a9f98862 img.avia_image{\n-webkit-box-shadow:none;\n-moz-box-shadow:none;\nbox-shadow:none;\n}\n.avia-image-container.av-jzb0e46q-bfd5290d2b13e807818639f9a9f98862 .av-image-caption-overlay-center{\ncolor:#ffffff;\n}\n<\/style>\n<div  class='avia-image-container av-jzb0e46q-bfd5290d2b13e807818639f9a9f98862 av-styling- avia-align-center  avia-builder-el-4  el_before_av_textblock  avia-builder-el-first '   itemprop=\"image\" itemscope=\"itemscope\" itemtype=\"https:\/\/schema.org\/ImageObject\" ><div class=\"avia-image-container-inner\"><div class=\"avia-image-overlay-wrap\"><img class='avia_image ' src='https:\/\/citywall.eu\/wp-content\/uploads\/2019\/08\/Citywall_HP_D3_03.png' alt='' title='Citywall_HP_D3_03'  height=\"9\" width=\"125\"  itemprop=\"thumbnailUrl\"  \/><\/div><\/div><\/div><br \/>\n\n<style type=\"text\/css\" data-created_by=\"avia_inline_auto\" id=\"style-css-av-jzb0app8-941dda4e72fe3e2ec66bcde47b56ce4c\">\n#top .av_textblock_section.av-jzb0app8-941dda4e72fe3e2ec66bcde47b56ce4c .avia_textblock{\nfont-size:30px;\ncolor:#303030;\n}\n<\/style>\n<section  class='av_textblock_section av-jzb0app8-941dda4e72fe3e2ec66bcde47b56ce4c '   itemscope=\"itemscope\" itemtype=\"https:\/\/schema.org\/CreativeWork\" ><div class='avia_textblock av_inherit_color'  itemprop=\"text\" ><p style=\"text-align: center;\">Categor\u00edas<\/p>\n<\/div><\/section><\/p><\/div>\n\n<style type=\"text\/css\" data-created_by=\"avia_inline_auto\" id=\"style-css-av-p776e-b794eacb1748f2bd0dd6934ca12115d4\">\n.flex_column.av-p776e-b794eacb1748f2bd0dd6934ca12115d4{\n-webkit-border-radius:0px 0px 0px 0px;\n-moz-border-radius:0px 0px 0px 0px;\nborder-radius:0px 0px 0px 0px;\npadding:0px 0px 0px 0px;\n}\n<\/style>\n<div  class='flex_column av-p776e-b794eacb1748f2bd0dd6934ca12115d4 av_one_fourth  avia-builder-el-6  el_after_av_one_full  el_before_av_one_fourth  first flex_column_div av-animated-generic fade-in av-zero-column-padding avia-link-column av-column-link  column-top-margin'    data-link-column-url=\"https:\/\/citywall.eu\/climbing-gyms\/\"   ><a class=\"av-screen-reader-only\" href=https:\/\/citywall.eu\/climbing-gyms\/ >Link to: Climbing gyms<\/a><p>\n<style type=\"text\/css\" data-created_by=\"avia_inline_auto\" id=\"style-css-av-jzmg2zgx-af15dda3e199a8c87e1785efc4a55f88\">\n.avia-image-container.av-jzmg2zgx-af15dda3e199a8c87e1785efc4a55f88 img.avia_image{\n-webkit-box-shadow:none;\n-moz-box-shadow:none;\nbox-shadow:none;\n}\n.avia-image-container.av-jzmg2zgx-af15dda3e199a8c87e1785efc4a55f88 .av-image-caption-overlay-center{\ncolor:#ffffff;\n}\n<\/style>\n<div  class='avia-image-container av-jzmg2zgx-af15dda3e199a8c87e1785efc4a55f88 av-styling- av-hover-grow av-hide-overflow av-img-linked avia-align-center  avia-builder-el-7  el_before_av_heading  avia-builder-el-first '   itemprop=\"image\" itemscope=\"itemscope\" itemtype=\"https:\/\/schema.org\/ImageObject\" ><div class=\"avia-image-container-inner\"><div class=\"avia-image-overlay-wrap\"><a href=\"https:\/\/citywall.eu\/climbing-gyms\/\" class='avia_image '  aria-label='Citywall_PS_4-slikice-kategorije_05'><img class='avia_image ' src='https:\/\/citywall.eu\/wp-content\/uploads\/2019\/08\/Citywall_PS_4-slikice-kategorije_05.jpg' alt='' title='Citywall_PS_4-slikice-kategorije_05'  height=\"354\" width=\"263\"  itemprop=\"thumbnailUrl\"  \/><\/a><\/div><\/div><\/div><br \/>\n\n<style type=\"text\/css\" data-created_by=\"avia_inline_auto\" id=\"style-css-av-l28q2g89-e7360995b8ebd3ddeccb7ab048defa1a\">\n#top .av-special-heading.av-l28q2g89-e7360995b8ebd3ddeccb7ab048defa1a{\npadding-bottom:10px;\n}\nbody .av-special-heading.av-l28q2g89-e7360995b8ebd3ddeccb7ab048defa1a .av-special-heading-tag .heading-char{\nfont-size:25px;\n}\n.av-special-heading.av-l28q2g89-e7360995b8ebd3ddeccb7ab048defa1a .av-subheading{\nfont-size:15px;\n}\n<\/style>\n<div  class='av-special-heading av-l28q2g89-e7360995b8ebd3ddeccb7ab048defa1a av-special-heading-h3 blockquote modern-quote modern-centered  avia-builder-el-8  el_after_av_image  avia-builder-el-last  av-linked-heading'><h3 class='av-special-heading-tag '  itemprop=\"headline\"  >Roc\u00f3dromos<\/h3><div class=\"special-heading-border\"><div class=\"special-heading-inner-border\"><\/div><\/div><\/div><\/p><\/div>\n<style type=\"text\/css\" data-created_by=\"avia_inline_auto\" id=\"style-css-av-miu1i-397ebdb7401fb1adc46b7cd210f05c60\">\n.flex_column.av-miu1i-397ebdb7401fb1adc46b7cd210f05c60{\n-webkit-border-radius:0px 0px 0px 0px;\n-moz-border-radius:0px 0px 0px 0px;\nborder-radius:0px 0px 0px 0px;\npadding:0px 0px 0px 0px;\n}\n<\/style>\n<div  class='flex_column av-miu1i-397ebdb7401fb1adc46b7cd210f05c60 av_one_fourth  avia-builder-el-9  el_after_av_one_fourth  el_before_av_one_fourth  flex_column_div av-animated-generic fade-in av-zero-column-padding avia-link-column av-column-link  column-top-margin'    data-link-column-url=\"https:\/\/citywall.eu\/school-and-other-walls\/\"   ><a class=\"av-screen-reader-only\" href=https:\/\/citywall.eu\/school-and-other-walls\/ >Link to: School and other walls<\/a><p>\n<style type=\"text\/css\" data-created_by=\"avia_inline_auto\" id=\"style-css-av-jzmg2zgx-accbd39f60d5eb56388127131649f909\">\n.avia-image-container.av-jzmg2zgx-accbd39f60d5eb56388127131649f909 img.avia_image{\n-webkit-box-shadow:none;\n-moz-box-shadow:none;\nbox-shadow:none;\n}\n.avia-image-container.av-jzmg2zgx-accbd39f60d5eb56388127131649f909 .av-image-caption-overlay-center{\ncolor:#ffffff;\n}\n<\/style>\n<div  class='avia-image-container av-jzmg2zgx-accbd39f60d5eb56388127131649f909 av-styling- av-hover-grow av-hide-overflow av-img-linked avia-align-center  avia-builder-el-10  el_before_av_heading  avia-builder-el-first '   itemprop=\"image\" itemscope=\"itemscope\" itemtype=\"https:\/\/schema.org\/ImageObject\" ><div class=\"avia-image-container-inner\"><div class=\"avia-image-overlay-wrap\"><a href=\"https:\/\/citywall.eu\/school-and-other-walls\/\" class='avia_image '  aria-label='Citywall_PS_4-slikice-kategorije_07'><img class='avia_image ' src='https:\/\/citywall.eu\/wp-content\/uploads\/2019\/08\/Citywall_PS_4-slikice-kategorije_07.jpg' alt='' title='Citywall_PS_4-slikice-kategorije_07'  height=\"353\" width=\"263\"  itemprop=\"thumbnailUrl\"  \/><\/a><\/div><\/div><\/div><br \/>\n\n<style type=\"text\/css\" data-created_by=\"avia_inline_auto\" id=\"style-css-av-l28q2rcl-052ed1aeb7957bcb4c0b6f8ccde748e8\">\n#top .av-special-heading.av-l28q2rcl-052ed1aeb7957bcb4c0b6f8ccde748e8{\npadding-bottom:10px;\n}\nbody .av-special-heading.av-l28q2rcl-052ed1aeb7957bcb4c0b6f8ccde748e8 .av-special-heading-tag .heading-char{\nfont-size:25px;\n}\n.av-special-heading.av-l28q2rcl-052ed1aeb7957bcb4c0b6f8ccde748e8 .av-subheading{\nfont-size:15px;\n}\n<\/style>\n<div  class='av-special-heading av-l28q2rcl-052ed1aeb7957bcb4c0b6f8ccde748e8 av-special-heading-h3 blockquote modern-quote modern-centered  avia-builder-el-11  el_after_av_image  avia-builder-el-last  av-linked-heading'><h3 class='av-special-heading-tag '  itemprop=\"headline\"  >Escuelas y otras paredes<\/h3><div class=\"special-heading-border\"><div class=\"special-heading-inner-border\"><\/div><\/div><\/div><\/p><\/div>\n<style type=\"text\/css\" data-created_by=\"avia_inline_auto\" id=\"style-css-av-dlcqm-17d07d1133a760cc05754b2b0128d7dd\">\n.flex_column.av-dlcqm-17d07d1133a760cc05754b2b0128d7dd{\n-webkit-border-radius:0px 0px 0px 0px;\n-moz-border-radius:0px 0px 0px 0px;\nborder-radius:0px 0px 0px 0px;\npadding:0px 0px 0px 0px;\n}\n<\/style>\n<div  class='flex_column av-dlcqm-17d07d1133a760cc05754b2b0128d7dd av_one_fourth  avia-builder-el-12  el_after_av_one_fourth  el_before_av_one_fourth  flex_column_div av-animated-generic fade-in av-zero-column-padding avia-link-column av-column-link  column-top-margin'    data-link-column-url=\"https:\/\/citywall.eu\/self-standing-towers-and-boulders\/\"   ><a class=\"av-screen-reader-only\" href=https:\/\/citywall.eu\/self-standing-towers-and-boulders\/ >Link to: Self standing towers and boulders<\/a><p>\n<style type=\"text\/css\" data-created_by=\"avia_inline_auto\" id=\"style-css-av-jzmg2zgx-f08bb4533226e6ad0227fc7434e873da\">\n.avia-image-container.av-jzmg2zgx-f08bb4533226e6ad0227fc7434e873da img.avia_image{\n-webkit-box-shadow:none;\n-moz-box-shadow:none;\nbox-shadow:none;\n}\n.avia-image-container.av-jzmg2zgx-f08bb4533226e6ad0227fc7434e873da .av-image-caption-overlay-center{\ncolor:#ffffff;\n}\n<\/style>\n<div  class='avia-image-container av-jzmg2zgx-f08bb4533226e6ad0227fc7434e873da av-styling- av-hover-grow av-hide-overflow av-img-linked avia-align-center  avia-builder-el-13  el_before_av_heading  avia-builder-el-first '   itemprop=\"image\" itemscope=\"itemscope\" itemtype=\"https:\/\/schema.org\/ImageObject\" ><div class=\"avia-image-container-inner\"><div class=\"avia-image-overlay-wrap\"><a href=\"https:\/\/citywall.eu\/self-standing-towers-and-boulders\/\" class='avia_image '  aria-label='Citywall_PS_4-slikice-kategorije_09'><img class='avia_image ' src='https:\/\/citywall.eu\/wp-content\/uploads\/2019\/08\/Citywall_PS_4-slikice-kategorije_09.jpg' alt='' title='Citywall_PS_4-slikice-kategorije_09'  height=\"354\" width=\"263\"  itemprop=\"thumbnailUrl\"  \/><\/a><\/div><\/div><\/div><br \/>\n\n<style type=\"text\/css\" data-created_by=\"avia_inline_auto\" id=\"style-css-av-l28q32hj-57761e343fb642d81476a915d660b5f2\">\n#top .av-special-heading.av-l28q32hj-57761e343fb642d81476a915d660b5f2{\npadding-bottom:10px;\n}\nbody .av-special-heading.av-l28q32hj-57761e343fb642d81476a915d660b5f2 .av-special-heading-tag .heading-char{\nfont-size:25px;\n}\n.av-special-heading.av-l28q32hj-57761e343fb642d81476a915d660b5f2 .av-subheading{\nfont-size:15px;\n}\n<\/style>\n<div  class='av-special-heading av-l28q32hj-57761e343fb642d81476a915d660b5f2 av-special-heading-h3 blockquote modern-quote modern-centered  avia-builder-el-14  el_after_av_image  avia-builder-el-last  av-linked-heading'><h3 class='av-special-heading-tag '  itemprop=\"headline\"  >Torres y bloques autoportantes<\/h3><div class=\"special-heading-border\"><div class=\"special-heading-inner-border\"><\/div><\/div><\/div><\/p><\/div>\n<style type=\"text\/css\" data-created_by=\"avia_inline_auto\" id=\"style-css-av-6xrqm-38f539bec3c30347f5f7b08a32aa7d89\">\n.flex_column.av-6xrqm-38f539bec3c30347f5f7b08a32aa7d89{\n-webkit-border-radius:0px 0px 0px 0px;\n-moz-border-radius:0px 0px 0px 0px;\nborder-radius:0px 0px 0px 0px;\npadding:0px 0px 0px 0px;\n}\n<\/style>\n<div  class='flex_column av-6xrqm-38f539bec3c30347f5f7b08a32aa7d89 av_one_fourth  avia-builder-el-15  el_after_av_one_fourth  el_before_av_hr  flex_column_div av-animated-generic fade-in av-zero-column-padding avia-link-column av-column-link  column-top-margin'    data-link-column-url=\"https:\/\/citywall.eu\/mobile-and-adventure-walls\/\"   ><a class=\"av-screen-reader-only\" href=https:\/\/citywall.eu\/mobile-and-adventure-walls\/ >Link to: Mobile and adventure walls<\/a><p>\n<style type=\"text\/css\" data-created_by=\"avia_inline_auto\" id=\"style-css-av-jzmg2zgx-576ddf20c008b20764e0c28c1ebed527\">\n.avia-image-container.av-jzmg2zgx-576ddf20c008b20764e0c28c1ebed527 img.avia_image{\n-webkit-box-shadow:none;\n-moz-box-shadow:none;\nbox-shadow:none;\n}\n.avia-image-container.av-jzmg2zgx-576ddf20c008b20764e0c28c1ebed527 .av-image-caption-overlay-center{\ncolor:#ffffff;\n}\n<\/style>\n<div  class='avia-image-container av-jzmg2zgx-576ddf20c008b20764e0c28c1ebed527 av-styling- av-hover-grow av-hide-overflow av-img-linked avia-align-center  avia-builder-el-16  el_before_av_heading  avia-builder-el-first '   itemprop=\"image\" itemscope=\"itemscope\" itemtype=\"https:\/\/schema.org\/ImageObject\" ><div class=\"avia-image-container-inner\"><div class=\"avia-image-overlay-wrap\"><a href=\"https:\/\/citywall.eu\/mobile-and-adventure-walls\/\" class='avia_image '  aria-label='Mobile-climbing-walls-2-2020'><img class='avia_image ' src='https:\/\/citywall.eu\/wp-content\/uploads\/2020\/04\/Mobile-climbing-walls-2-2020.jpg' alt='' title='Mobile-climbing-walls-2-2020'  height=\"354\" width=\"263\"  itemprop=\"thumbnailUrl\"  \/><\/a><\/div><\/div><\/div><br \/>\n\n<style type=\"text\/css\" data-created_by=\"avia_inline_auto\" id=\"style-css-av-l28q3eat-d17eb11df413aeb136f42b64d7dc62c9\">\n#top .av-special-heading.av-l28q3eat-d17eb11df413aeb136f42b64d7dc62c9{\npadding-bottom:10px;\n}\nbody .av-special-heading.av-l28q3eat-d17eb11df413aeb136f42b64d7dc62c9 .av-special-heading-tag .heading-char{\nfont-size:25px;\n}\n.av-special-heading.av-l28q3eat-d17eb11df413aeb136f42b64d7dc62c9 .av-subheading{\nfont-size:15px;\n}\n<\/style>\n<div  class='av-special-heading av-l28q3eat-d17eb11df413aeb136f42b64d7dc62c9 av-special-heading-h3 blockquote modern-quote modern-centered  avia-builder-el-17  el_after_av_image  avia-builder-el-last  av-linked-heading'><h3 class='av-special-heading-tag '  itemprop=\"headline\"  >Roc\u00f3dromos m\u00f3viles y de aventura<\/h3><div class=\"special-heading-border\"><div class=\"special-heading-inner-border\"><\/div><\/div><\/div><\/p><\/div>\n<style type=\"text\/css\" data-created_by=\"avia_inline_auto\" id=\"style-css-av-jzmg8g2l-cb585e5a4276fb10524e753d181308f4\">\n#top .hr.hr-invisible.av-jzmg8g2l-cb585e5a4276fb10524e753d181308f4{\nheight:70px;\n}\n<\/style>\n<div  class='hr av-jzmg8g2l-cb585e5a4276fb10524e753d181308f4 hr-invisible  avia-builder-el-18  el_after_av_one_fourth  avia-builder-el-last '><span class='hr-inner '><span class=\"hr-inner-style\"><\/span><\/span><\/div><\/p>\n","protected":false},"excerpt":{"rendered":"","protected":false},"author":2,"featured_media":0,"parent":0,"menu_order":0,"comment_status":"closed","ping_status":"closed","template":"","meta":{"inline_featured_image":false,"footnotes":""},"class_list":["post-7383","page","type-page","status-publish","hentry"],"acf":[],"yoast_head":"<!-- This site is optimized with the Yoast SEO plugin v27.3 - https:\/\/yoast.com\/product\/yoast-seo-wordpress\/ -->\n<title>Roc\u00f3dromos - Citywall.eu<\/title>\n<meta name=\"description\" content=\"Nos encargamos de toda la ingenier\u00eda del proyecto del centro de escalada, desde la idea hasta la ejecuci\u00f3n. Ofrecemos un completo soporte t\u00e9cnico a nuestros clientes. Siempre nos centramos en reducir los costes del cliente y optimizar la experiencia del usuario.\" \/>\n<meta name=\"robots\" content=\"index, follow, max-snippet:-1, max-image-preview:large, max-video-preview:-1\" \/>\n<link rel=\"canonical\" href=\"https:\/\/citywall.eu\/es\/rocodromos\/\" \/>\n<meta property=\"og:locale\" content=\"es_ES\" \/>\n<meta property=\"og:type\" content=\"article\" \/>\n<meta property=\"og:title\" content=\"Roc\u00f3dromos - Citywall.eu\" \/>\n<meta property=\"og:description\" content=\"Nos encargamos de toda la ingenier\u00eda del proyecto del centro de escalada, desde la idea hasta la ejecuci\u00f3n. Ofrecemos un completo soporte t\u00e9cnico a nuestros clientes. Siempre nos centramos en reducir los costes del cliente y optimizar la experiencia del usuario.\" \/>\n<meta property=\"og:url\" content=\"https:\/\/citywall.eu\/es\/rocodromos\/\" \/>\n<meta property=\"og:site_name\" content=\"Citywall.eu\" \/>\n<meta property=\"article:modified_time\" content=\"2022-04-21T08:10:16+00:00\" \/>\n<meta name=\"twitter:card\" content=\"summary_large_image\" \/>\n<meta name=\"twitter:label1\" content=\"Tiempo de lectura\" \/>\n\t<meta name=\"twitter:data1\" content=\"8 minutos\" \/>\n<script type=\"application\/ld+json\" class=\"yoast-schema-graph\">{\"@context\":\"https:\\\/\\\/schema.org\",\"@graph\":[{\"@type\":\"WebPage\",\"@id\":\"https:\\\/\\\/citywall.eu\\\/es\\\/rocodromos\\\/\",\"url\":\"https:\\\/\\\/citywall.eu\\\/es\\\/rocodromos\\\/\",\"name\":\"Roc\u00f3dromos - Citywall.eu\",\"isPartOf\":{\"@id\":\"https:\\\/\\\/citywall.eu\\\/es\\\/#website\"},\"datePublished\":\"2019-08-22T08:03:02+00:00\",\"dateModified\":\"2022-04-21T08:10:16+00:00\",\"description\":\"Nos encargamos de toda la ingenier\u00eda del proyecto del centro de escalada, desde la idea hasta la ejecuci\u00f3n. Ofrecemos un completo soporte t\u00e9cnico a nuestros clientes. Siempre nos centramos en reducir los costes del cliente y optimizar la experiencia del usuario.\",\"breadcrumb\":{\"@id\":\"https:\\\/\\\/citywall.eu\\\/es\\\/rocodromos\\\/#breadcrumb\"},\"inLanguage\":\"es\",\"potentialAction\":[{\"@type\":\"ReadAction\",\"target\":[\"https:\\\/\\\/citywall.eu\\\/es\\\/rocodromos\\\/\"]}]},{\"@type\":\"BreadcrumbList\",\"@id\":\"https:\\\/\\\/citywall.eu\\\/es\\\/rocodromos\\\/#breadcrumb\",\"itemListElement\":[{\"@type\":\"ListItem\",\"position\":1,\"name\":\"Home\",\"item\":\"https:\\\/\\\/citywall.eu\\\/es\\\/\"},{\"@type\":\"ListItem\",\"position\":2,\"name\":\"Roc\u00f3dromos\"}]},{\"@type\":\"WebSite\",\"@id\":\"https:\\\/\\\/citywall.eu\\\/es\\\/#website\",\"url\":\"https:\\\/\\\/citywall.eu\\\/es\\\/\",\"name\":\"Citywall.eu\",\"description\":\"Climbing Walls Manufacturer\",\"potentialAction\":[{\"@type\":\"SearchAction\",\"target\":{\"@type\":\"EntryPoint\",\"urlTemplate\":\"https:\\\/\\\/citywall.eu\\\/es\\\/?s={search_term_string}\"},\"query-input\":{\"@type\":\"PropertyValueSpecification\",\"valueRequired\":true,\"valueName\":\"search_term_string\"}}],\"inLanguage\":\"es\"}]}<\/script>\n<!-- \/ Yoast SEO plugin. -->","yoast_head_json":{"title":"Roc\u00f3dromos - Citywall.eu","description":"Nos encargamos de toda la ingenier\u00eda del proyecto del centro de escalada, desde la idea hasta la ejecuci\u00f3n. Ofrecemos un completo soporte t\u00e9cnico a nuestros clientes. Siempre nos centramos en reducir los costes del cliente y optimizar la experiencia del usuario.","robots":{"index":"index","follow":"follow","max-snippet":"max-snippet:-1","max-image-preview":"max-image-preview:large","max-video-preview":"max-video-preview:-1"},"canonical":"https:\/\/citywall.eu\/es\/rocodromos\/","og_locale":"es_ES","og_type":"article","og_title":"Roc\u00f3dromos - Citywall.eu","og_description":"Nos encargamos de toda la ingenier\u00eda del proyecto del centro de escalada, desde la idea hasta la ejecuci\u00f3n. Ofrecemos un completo soporte t\u00e9cnico a nuestros clientes. Siempre nos centramos en reducir los costes del cliente y optimizar la experiencia del usuario.","og_url":"https:\/\/citywall.eu\/es\/rocodromos\/","og_site_name":"Citywall.eu","article_modified_time":"2022-04-21T08:10:16+00:00","twitter_card":"summary_large_image","twitter_misc":{"Tiempo de lectura":"8 minutos"},"schema":{"@context":"https:\/\/schema.org","@graph":[{"@type":"WebPage","@id":"https:\/\/citywall.eu\/es\/rocodromos\/","url":"https:\/\/citywall.eu\/es\/rocodromos\/","name":"Roc\u00f3dromos - Citywall.eu","isPartOf":{"@id":"https:\/\/citywall.eu\/es\/#website"},"datePublished":"2019-08-22T08:03:02+00:00","dateModified":"2022-04-21T08:10:16+00:00","description":"Nos encargamos de toda la ingenier\u00eda del proyecto del centro de escalada, desde la idea hasta la ejecuci\u00f3n. Ofrecemos un completo soporte t\u00e9cnico a nuestros clientes. Siempre nos centramos en reducir los costes del cliente y optimizar la experiencia del usuario.","breadcrumb":{"@id":"https:\/\/citywall.eu\/es\/rocodromos\/#breadcrumb"},"inLanguage":"es","potentialAction":[{"@type":"ReadAction","target":["https:\/\/citywall.eu\/es\/rocodromos\/"]}]},{"@type":"BreadcrumbList","@id":"https:\/\/citywall.eu\/es\/rocodromos\/#breadcrumb","itemListElement":[{"@type":"ListItem","position":1,"name":"Home","item":"https:\/\/citywall.eu\/es\/"},{"@type":"ListItem","position":2,"name":"Roc\u00f3dromos"}]},{"@type":"WebSite","@id":"https:\/\/citywall.eu\/es\/#website","url":"https:\/\/citywall.eu\/es\/","name":"Citywall.eu","description":"Climbing Walls Manufacturer","potentialAction":[{"@type":"SearchAction","target":{"@type":"EntryPoint","urlTemplate":"https:\/\/citywall.eu\/es\/?s={search_term_string}"},"query-input":{"@type":"PropertyValueSpecification","valueRequired":true,"valueName":"search_term_string"}}],"inLanguage":"es"}]}},"_links":{"self":[{"href":"https:\/\/citywall.eu\/es\/wp-json\/wp\/v2\/pages\/7383","targetHints":{"allow":["GET"]}}],"collection":[{"href":"https:\/\/citywall.eu\/es\/wp-json\/wp\/v2\/pages"}],"about":[{"href":"https:\/\/citywall.eu\/es\/wp-json\/wp\/v2\/types\/page"}],"author":[{"embeddable":true,"href":"https:\/\/citywall.eu\/es\/wp-json\/wp\/v2\/users\/2"}],"replies":[{"embeddable":true,"href":"https:\/\/citywall.eu\/es\/wp-json\/wp\/v2\/comments?post=7383"}],"version-history":[{"count":0,"href":"https:\/\/citywall.eu\/es\/wp-json\/wp\/v2\/pages\/7383\/revisions"}],"wp:attachment":[{"href":"https:\/\/citywall.eu\/es\/wp-json\/wp\/v2\/media?parent=7383"}],"curies":[{"name":"wp","href":"https:\/\/api.w.org\/{rel}","templated":true}]}}