{"id":7428,"date":"2019-08-26T06:48:45","date_gmt":"2019-08-26T06:48:45","guid":{"rendered":"http:\/\/citywall.eu\/vertical-protection\/"},"modified":"2024-02-01T11:00:31","modified_gmt":"2024-02-01T11:00:31","slug":"proteccion-vertical","status":"publish","type":"page","link":"https:\/\/citywall.eu\/es\/proteccion-vertical\/","title":{"rendered":"Proteccion vertical"},"content":{"rendered":"\n<style type=\"text\/css\" data-created_by=\"avia_inline_auto\" id=\"style-css-av-jzl895pb-2a54a1e7c439687a61806445cd788278\">\n.avia-section.av-jzl895pb-2a54a1e7c439687a61806445cd788278{\nbackground-repeat:repeat;\nbackground-image:url(https:\/\/citywall.eu\/wp-content\/uploads\/2019\/08\/Naslovna_slika_podstran_Vertical-protection.jpg);\nbackground-position:50% 0%;\nbackground-attachment:scroll;\n}\n<\/style>\n<div id='av_section_1'  class='avia-section av-jzl895pb-2a54a1e7c439687a61806445cd788278 main_color avia-section-default avia-no-border-styling  avia-builder-el-0  el_before_av_hr  avia-builder-el-first  avia-bg-style-scroll av-minimum-height av-minimum-height-custom av-height-custom  container_wrap fullsize'  data-section-bg-repeat='repeat' data-av_minimum_height_px='500'><div class='container av-section-cont-open' style='height:500px'><main  role=\"main\" itemprop=\"mainContentOfPage\"  class='template-page content  av-content-full alpha units'><div class='post-entry post-entry-type-page post-entry-7428'><div class='entry-content-wrapper clearfix'>\n\n<style type=\"text\/css\" data-created_by=\"avia_inline_auto\" id=\"style-css-av-l28mo2f8-093c617988f34b8f0d583e48ef0eed80\">\n#top .av-special-heading.av-l28mo2f8-093c617988f34b8f0d583e48ef0eed80{\npadding-bottom:20px;\ncolor:#ffffff;\nfont-size:60px;\n}\nbody .av-special-heading.av-l28mo2f8-093c617988f34b8f0d583e48ef0eed80 .av-special-heading-tag .heading-char{\nfont-size:25px;\n}\n#top #wrap_all .av-special-heading.av-l28mo2f8-093c617988f34b8f0d583e48ef0eed80 .av-special-heading-tag{\nfont-size:60px;\n}\n.av-special-heading.av-l28mo2f8-093c617988f34b8f0d583e48ef0eed80 .special-heading-inner-border{\nborder-color:#ffffff;\n}\n.av-special-heading.av-l28mo2f8-093c617988f34b8f0d583e48ef0eed80 .av-subheading{\nfont-size:15px;\n}\n\n@media only screen and (min-width: 480px) and (max-width: 767px){ \n#top #wrap_all .av-special-heading.av-l28mo2f8-093c617988f34b8f0d583e48ef0eed80 .av-special-heading-tag{\nfont-size:0.8em;\n}\n}\n\n@media only screen and (max-width: 479px){ \n#top #wrap_all .av-special-heading.av-l28mo2f8-093c617988f34b8f0d583e48ef0eed80 .av-special-heading-tag{\nfont-size:0.8em;\n}\n}\n<\/style>\n<div  class='av-special-heading av-l28mo2f8-093c617988f34b8f0d583e48ef0eed80 av-special-heading-h1 custom-color-heading blockquote modern-quote modern-centered  avia-builder-el-1  avia-builder-el-no-sibling  av-inherit-size av-linked-heading'><h1 class='av-special-heading-tag '  itemprop=\"headline\"  >Proteccion vertical<\/h1><div class=\"special-heading-border\"><div class=\"special-heading-inner-border\"><\/div><\/div><\/div>\n<\/div><\/div><\/main><!-- close content main element --><\/div><\/div><div id='after_section_1'  class='main_color av_default_container_wrap container_wrap fullsize'  ><div class='container av-section-cont-open' ><div class='template-page content  av-content-full alpha units'><div class='post-entry post-entry-type-page post-entry-7428'><div class='entry-content-wrapper clearfix'>\n\n<style type=\"text\/css\" data-created_by=\"avia_inline_auto\" id=\"style-css-av-jztw168i-75b7d40b4a02a848bd84c674dd1ae0fd\">\n#top .hr.hr-invisible.av-jztw168i-75b7d40b4a02a848bd84c674dd1ae0fd{\nheight:50px;\n}\n<\/style>\n<div  class='hr av-jztw168i-75b7d40b4a02a848bd84c674dd1ae0fd hr-invisible  avia-builder-el-2  el_after_av_section  el_before_av_image  avia-builder-el-first '><span class='hr-inner '><span class=\"hr-inner-style\"><\/span><\/span><\/div>\n\n<style type=\"text\/css\" data-created_by=\"avia_inline_auto\" id=\"style-css-av-jznz2ubb-543110aab5b2b33ceeb21747dba83567\">\n.avia-image-container.av-jznz2ubb-543110aab5b2b33ceeb21747dba83567 img.avia_image{\n-webkit-box-shadow:none;\n-moz-box-shadow:none;\nbox-shadow:none;\n}\n.avia-image-container.av-jznz2ubb-543110aab5b2b33ceeb21747dba83567 .av-image-caption-overlay-center{\ncolor:#ffffff;\n}\n<\/style>\n<div  class='avia-image-container av-jznz2ubb-543110aab5b2b33ceeb21747dba83567 av-styling- avia-align-center  avia-builder-el-3  el_after_av_hr  el_before_av_hr '   itemprop=\"image\" itemscope=\"itemscope\" itemtype=\"https:\/\/schema.org\/ImageObject\" ><div class=\"avia-image-container-inner\"><div class=\"avia-image-overlay-wrap\"><img class='avia_image ' src='https:\/\/citywall.eu\/wp-content\/uploads\/2024\/02\/Vertical-protection-1500x630.png' alt='' title='Vertical protection'  height=\"630\" width=\"1500\"  itemprop=\"thumbnailUrl\"  \/><\/div><\/div><\/div>\n\n<style type=\"text\/css\" data-created_by=\"avia_inline_auto\" id=\"style-css-av-jztw168i-75b7d40b4a02a848bd84c674dd1ae0fd\">\n#top .hr.hr-invisible.av-jztw168i-75b7d40b4a02a848bd84c674dd1ae0fd{\nheight:50px;\n}\n<\/style>\n<div  class='hr av-jztw168i-75b7d40b4a02a848bd84c674dd1ae0fd hr-invisible  avia-builder-el-4  el_after_av_image  el_before_av_one_full '><span class='hr-inner '><span class=\"hr-inner-style\"><\/span><\/span><\/div>\n\n<style type=\"text\/css\" data-created_by=\"avia_inline_auto\" id=\"style-css-av-pawd-ca3c9eed0b00d3af6dbf251f79a379b3\">\n.flex_column.av-pawd-ca3c9eed0b00d3af6dbf251f79a379b3{\n-webkit-border-radius:0px 0px 0px 0px;\n-moz-border-radius:0px 0px 0px 0px;\nborder-radius:0px 0px 0px 0px;\npadding:0px 0px 0px 0px;\n}\n<\/style>\n<div  class='flex_column av-pawd-ca3c9eed0b00d3af6dbf251f79a379b3 av_one_full  avia-builder-el-5  el_after_av_hr  el_before_av_hr  first flex_column_div av-zero-column-padding  '     ><style type=\"text\/css\" data-created_by=\"avia_inline_auto\" id=\"style-css-av-160fx-78249193b877773f1edaab2961be79e3\">\n#top .av_textblock_section.av-160fx-78249193b877773f1edaab2961be79e3 .avia_textblock{\nfont-size:22px;\ncolor:#a0a0a0;\n}\n<\/style>\n<section  class='av_textblock_section av-160fx-78249193b877773f1edaab2961be79e3 '   itemscope=\"itemscope\" itemtype=\"https:\/\/schema.org\/CreativeWork\" ><div class='avia_textblock av_inherit_color'  itemprop=\"text\" ><p style=\"text-align: center;\">Las colchonetas de protecci\u00f3n vertical son ideales para los roc\u00f3dromos de altura, ya que protegen al escalador en caso de que se caiga al comienzo de una v\u00eda o cuando el escalador desciende con demasiada velocidad. Las colchonetas de protecci\u00f3n vertical son un componente de seguridad importante en todos los roc\u00f3dromos y se montan y desmontan f\u00e1cilmente.<\/p>\n<\/div><\/section><\/div>\n\n<style type=\"text\/css\" data-created_by=\"avia_inline_auto\" id=\"style-css-av-jztw168i-75b7d40b4a02a848bd84c674dd1ae0fd\">\n#top .hr.hr-invisible.av-jztw168i-75b7d40b4a02a848bd84c674dd1ae0fd{\nheight:50px;\n}\n<\/style>\n<div  class='hr av-jztw168i-75b7d40b4a02a848bd84c674dd1ae0fd hr-invisible  avia-builder-el-7  el_after_av_one_full  el_before_av_section  avia-builder-el-last '><span class='hr-inner '><span class=\"hr-inner-style\"><\/span><\/span><\/div>\n<\/div><\/div><\/div><!-- close content main div --><\/div><\/div>\n<style type=\"text\/css\" data-created_by=\"avia_inline_auto\" id=\"style-css-av-jztw3qa2-743443e04c26cff73552e767ba6d8222\">\n.avia-section.av-jztw3qa2-743443e04c26cff73552e767ba6d8222{\nbackground-repeat:repeat;\nbackground-image:url(https:\/\/citywall.eu\/wp-content\/uploads\/2019\/08\/ozadja_siva_02.jpg);\nbackground-position:50% 0%;\nbackground-attachment:scroll;\n}\n<\/style>\n<div id='av_section_2'  class='avia-section av-jztw3qa2-743443e04c26cff73552e767ba6d8222 main_color avia-section-default avia-no-border-styling  avia-builder-el-8  el_after_av_hr  avia-builder-el-last  avia-bg-style-scroll container_wrap fullsize'  data-section-bg-repeat='repeat'><div class='container av-section-cont-open' ><div class='template-page content  av-content-full alpha units'><div class='post-entry post-entry-type-page post-entry-7428'><div class='entry-content-wrapper clearfix'>\n\n<style type=\"text\/css\" data-created_by=\"avia_inline_auto\" id=\"style-css-av-jztw168i-75b7d40b4a02a848bd84c674dd1ae0fd\">\n#top .hr.hr-invisible.av-jztw168i-75b7d40b4a02a848bd84c674dd1ae0fd{\nheight:50px;\n}\n<\/style>\n<div  class='hr av-jztw168i-75b7d40b4a02a848bd84c674dd1ae0fd hr-invisible  avia-builder-el-9  el_before_av_one_full  avia-builder-el-first '><span class='hr-inner '><span class=\"hr-inner-style\"><\/span><\/span><\/div>\n\n<style type=\"text\/css\" data-created_by=\"avia_inline_auto\" id=\"style-css-av-y2jz-35f22dadf6deaff7fbad455ada4da7d2\">\n.flex_column.av-y2jz-35f22dadf6deaff7fbad455ada4da7d2{\n-webkit-border-radius:0px 0px 0px 0px;\n-moz-border-radius:0px 0px 0px 0px;\nborder-radius:0px 0px 0px 0px;\npadding:0px 0px 0px 0px;\n}\n<\/style>\n<div  class='flex_column av-y2jz-35f22dadf6deaff7fbad455ada4da7d2 av_one_full  avia-builder-el-10  el_after_av_hr  el_before_av_one_third  first flex_column_div av-animated-generic fade-in av-zero-column-padding  '     ><p>\n<style type=\"text\/css\" data-created_by=\"avia_inline_auto\" id=\"style-css-av-jzb0e46q-bfd5290d2b13e807818639f9a9f98862\">\n.avia-image-container.av-jzb0e46q-bfd5290d2b13e807818639f9a9f98862 img.avia_image{\n-webkit-box-shadow:none;\n-moz-box-shadow:none;\nbox-shadow:none;\n}\n.avia-image-container.av-jzb0e46q-bfd5290d2b13e807818639f9a9f98862 .av-image-caption-overlay-center{\ncolor:#ffffff;\n}\n<\/style>\n<div  class='avia-image-container av-jzb0e46q-bfd5290d2b13e807818639f9a9f98862 av-styling- avia-align-center  avia-builder-el-11  el_before_av_heading  avia-builder-el-first '   itemprop=\"image\" itemscope=\"itemscope\" itemtype=\"https:\/\/schema.org\/ImageObject\" ><div class=\"avia-image-container-inner\"><div class=\"avia-image-overlay-wrap\"><img class='avia_image ' src='https:\/\/citywall.eu\/wp-content\/uploads\/2019\/08\/Citywall_HP_D3_03.png' alt='' title='Citywall_HP_D3_03'  height=\"9\" width=\"125\"  itemprop=\"thumbnailUrl\"  \/><\/div><\/div><\/div><br \/>\n\n<style type=\"text\/css\" data-created_by=\"avia_inline_auto\" id=\"style-css-av-l28mpbzo-598dafbb03ee98ba10c1a1225399dcee\">\n#top .av-special-heading.av-l28mpbzo-598dafbb03ee98ba10c1a1225399dcee{\npadding-bottom:10px;\nfont-size:30px;\n}\nbody .av-special-heading.av-l28mpbzo-598dafbb03ee98ba10c1a1225399dcee .av-special-heading-tag .heading-char{\nfont-size:25px;\n}\n#top #wrap_all .av-special-heading.av-l28mpbzo-598dafbb03ee98ba10c1a1225399dcee .av-special-heading-tag{\nfont-size:30px;\n}\n.av-special-heading.av-l28mpbzo-598dafbb03ee98ba10c1a1225399dcee .av-subheading{\nfont-size:15px;\n}\n\n@media only screen and (min-width: 480px) and (max-width: 767px){ \n#top #wrap_all .av-special-heading.av-l28mpbzo-598dafbb03ee98ba10c1a1225399dcee .av-special-heading-tag{\nfont-size:0.8em;\n}\n}\n\n@media only screen and (max-width: 479px){ \n#top #wrap_all .av-special-heading.av-l28mpbzo-598dafbb03ee98ba10c1a1225399dcee .av-special-heading-tag{\nfont-size:0.8em;\n}\n}\n<\/style>\n<div  class='av-special-heading av-l28mpbzo-598dafbb03ee98ba10c1a1225399dcee av-special-heading-h1 custom-color-heading blockquote modern-quote modern-centered  avia-builder-el-12  el_after_av_image  avia-builder-el-last  av-inherit-size av-linked-heading'><h1 class='av-special-heading-tag '  itemprop=\"headline\"  >Qu\u00e9 ofrecemos<\/h1><div class=\"special-heading-border\"><div class=\"special-heading-inner-border\"><\/div><\/div><\/div><\/p><\/div>\n<style type=\"text\/css\" data-created_by=\"avia_inline_auto\" id=\"style-css-av-5j9ed-24f2aa17c3204f479150c6b227fe3ad1\">\n.flex_column.av-5j9ed-24f2aa17c3204f479150c6b227fe3ad1{\n-webkit-border-radius:0px 0px 0px 0px;\n-moz-border-radius:0px 0px 0px 0px;\nborder-radius:0px 0px 0px 0px;\npadding:0px 0px 0px 0px;\n}\n<\/style>\n<div  class='flex_column av-5j9ed-24f2aa17c3204f479150c6b227fe3ad1 av_one_third  avia-builder-el-13  el_after_av_one_full  el_before_av_one_third  first flex_column_div av-animated-generic fade-in av-zero-column-padding  column-top-margin'     ><p>\n<style type=\"text\/css\" data-created_by=\"avia_inline_auto\" id=\"style-css-av-jzlaxabs-01abe2c43f91bcbd852f89ea7bba9ead\">\n.avia-image-container.av-jzlaxabs-01abe2c43f91bcbd852f89ea7bba9ead img.avia_image{\n-webkit-box-shadow:none;\n-moz-box-shadow:none;\nbox-shadow:none;\n}\n.avia-image-container.av-jzlaxabs-01abe2c43f91bcbd852f89ea7bba9ead .av-image-caption-overlay-center{\ncolor:#ffffff;\n}\n<\/style>\n<div  class='avia-image-container av-jzlaxabs-01abe2c43f91bcbd852f89ea7bba9ead av-styling- av-hover-grow avia-align-center  avia-builder-el-14  el_before_av_heading  avia-builder-el-first '   itemprop=\"image\" itemscope=\"itemscope\" itemtype=\"https:\/\/schema.org\/ImageObject\" ><div class=\"avia-image-container-inner\"><div class=\"avia-image-overlay-wrap\"><img class='avia_image ' src='https:\/\/citywall.eu\/wp-content\/uploads\/2019\/08\/Ikone_verticalprotection.png' alt='' title='Ikone_verticalprotection'  height=\"129\" width=\"111\"  itemprop=\"thumbnailUrl\"  \/><\/div><\/div><\/div><br \/>\n\n<style type=\"text\/css\" data-created_by=\"avia_inline_auto\" id=\"style-css-av-l28mq7sj-026e1e7c86ad2c60a86fee897146a32b\">\n#top .av-special-heading.av-l28mq7sj-026e1e7c86ad2c60a86fee897146a32b{\npadding-bottom:10px;\n}\nbody .av-special-heading.av-l28mq7sj-026e1e7c86ad2c60a86fee897146a32b .av-special-heading-tag .heading-char{\nfont-size:25px;\n}\n.av-special-heading.av-l28mq7sj-026e1e7c86ad2c60a86fee897146a32b .av-subheading{\nfont-size:15px;\n}\n<\/style>\n<div  class='av-special-heading av-l28mq7sj-026e1e7c86ad2c60a86fee897146a32b av-special-heading-h3 blockquote modern-quote modern-centered  avia-builder-el-15  el_after_av_image  avia-builder-el-last  av-linked-heading'><h3 class='av-special-heading-tag '  itemprop=\"headline\"  >Juntas perfectas entre las piezas, para minimizar la posibilidad de un esguince de tobillo<\/h3><div class=\"special-heading-border\"><div class=\"special-heading-inner-border\"><\/div><\/div><\/div><\/p><\/div>\n<style type=\"text\/css\" data-created_by=\"avia_inline_auto\" id=\"style-css-av-5j9ed-111ad4cfb9b231548b70eabbd91aa109\">\n.flex_column.av-5j9ed-111ad4cfb9b231548b70eabbd91aa109{\n-webkit-border-radius:0px 0px 0px 0px;\n-moz-border-radius:0px 0px 0px 0px;\nborder-radius:0px 0px 0px 0px;\npadding:0px 0px 0px 0px;\n}\n<\/style>\n<div  class='flex_column av-5j9ed-111ad4cfb9b231548b70eabbd91aa109 av_one_third  avia-builder-el-16  el_after_av_one_third  el_before_av_one_third  flex_column_div av-animated-generic fade-in av-zero-column-padding  column-top-margin'     ><p>\n<style type=\"text\/css\" data-created_by=\"avia_inline_auto\" id=\"style-css-av-jzlaxabs-3b1f702d9c926afc269c9e3658eede72\">\n.avia-image-container.av-jzlaxabs-3b1f702d9c926afc269c9e3658eede72 img.avia_image{\n-webkit-box-shadow:none;\n-moz-box-shadow:none;\nbox-shadow:none;\n}\n.avia-image-container.av-jzlaxabs-3b1f702d9c926afc269c9e3658eede72 .av-image-caption-overlay-center{\ncolor:#ffffff;\n}\n<\/style>\n<div  class='avia-image-container av-jzlaxabs-3b1f702d9c926afc269c9e3658eede72 av-styling- av-hover-grow avia-align-center  avia-builder-el-17  el_before_av_heading  avia-builder-el-first '   itemprop=\"image\" itemscope=\"itemscope\" itemtype=\"https:\/\/schema.org\/ImageObject\" ><div class=\"avia-image-container-inner\"><div class=\"avia-image-overlay-wrap\"><img class='avia_image ' src='https:\/\/citywall.eu\/wp-content\/uploads\/2019\/08\/Ikona_installation.png' alt='' title='Ikona_installation'  height=\"129\" width=\"111\"  itemprop=\"thumbnailUrl\"  \/><\/div><\/div><\/div><br \/>\n\n<style type=\"text\/css\" data-created_by=\"avia_inline_auto\" id=\"style-css-av-l28mql6o-476c7e3f1a29b92f3c5f346c4b19b37c\">\n#top .av-special-heading.av-l28mql6o-476c7e3f1a29b92f3c5f346c4b19b37c{\npadding-bottom:10px;\n}\nbody .av-special-heading.av-l28mql6o-476c7e3f1a29b92f3c5f346c4b19b37c .av-special-heading-tag .heading-char{\nfont-size:25px;\n}\n.av-special-heading.av-l28mql6o-476c7e3f1a29b92f3c5f346c4b19b37c .av-subheading{\nfont-size:15px;\n}\n<\/style>\n<div  class='av-special-heading av-l28mql6o-476c7e3f1a29b92f3c5f346c4b19b37c av-special-heading-h3 blockquote modern-quote modern-centered  avia-builder-el-18  el_after_av_image  avia-builder-el-last  av-linked-heading'><h3 class='av-special-heading-tag '  itemprop=\"headline\"  >F\u00e1cil de montar y desmontar<\/h3><div class=\"special-heading-border\"><div class=\"special-heading-inner-border\"><\/div><\/div><\/div><\/p><\/div>\n<style type=\"text\/css\" data-created_by=\"avia_inline_auto\" id=\"style-css-av-5j9ed-111ad4cfb9b231548b70eabbd91aa109\">\n.flex_column.av-5j9ed-111ad4cfb9b231548b70eabbd91aa109{\n-webkit-border-radius:0px 0px 0px 0px;\n-moz-border-radius:0px 0px 0px 0px;\nborder-radius:0px 0px 0px 0px;\npadding:0px 0px 0px 0px;\n}\n<\/style>\n<div  class='flex_column av-5j9ed-111ad4cfb9b231548b70eabbd91aa109 av_one_third  avia-builder-el-19  el_after_av_one_third  el_before_av_hr  flex_column_div av-animated-generic fade-in av-zero-column-padding  column-top-margin'     ><p>\n<style type=\"text\/css\" data-created_by=\"avia_inline_auto\" id=\"style-css-av-jzlaxabs-7da5dffb6775fbce8f99abcac741882d\">\n.avia-image-container.av-jzlaxabs-7da5dffb6775fbce8f99abcac741882d img.avia_image{\n-webkit-box-shadow:none;\n-moz-box-shadow:none;\nbox-shadow:none;\n}\n.avia-image-container.av-jzlaxabs-7da5dffb6775fbce8f99abcac741882d .av-image-caption-overlay-center{\ncolor:#ffffff;\n}\n<\/style>\n<div  class='avia-image-container av-jzlaxabs-7da5dffb6775fbce8f99abcac741882d av-styling- av-hover-grow avia-align-center  avia-builder-el-20  el_before_av_heading  avia-builder-el-first '   itemprop=\"image\" itemscope=\"itemscope\" itemtype=\"https:\/\/schema.org\/ImageObject\" ><div class=\"avia-image-container-inner\"><div class=\"avia-image-overlay-wrap\"><img class='avia_image ' src='https:\/\/citywall.eu\/wp-content\/uploads\/2019\/08\/Ikone_color.png' alt='' title='Ikone_color'  height=\"129\" width=\"111\"  itemprop=\"thumbnailUrl\"  \/><\/div><\/div><\/div><br \/>\n\n<style type=\"text\/css\" data-created_by=\"avia_inline_auto\" id=\"style-css-av-l28mqx0l-9ee7b263b6e0981818ab8ab2b599fa0e\">\n#top .av-special-heading.av-l28mqx0l-9ee7b263b6e0981818ab8ab2b599fa0e{\npadding-bottom:10px;\n}\nbody .av-special-heading.av-l28mqx0l-9ee7b263b6e0981818ab8ab2b599fa0e .av-special-heading-tag .heading-char{\nfont-size:25px;\n}\n.av-special-heading.av-l28mqx0l-9ee7b263b6e0981818ab8ab2b599fa0e .av-subheading{\nfont-size:15px;\n}\n<\/style>\n<div  class='av-special-heading av-l28mqx0l-9ee7b263b6e0981818ab8ab2b599fa0e av-special-heading-h3 blockquote modern-quote modern-centered  avia-builder-el-21  el_after_av_image  avia-builder-el-last  av-linked-heading'><h3 class='av-special-heading-tag '  itemprop=\"headline\"  >Diferente composici\u00f3n, densidad y grosor, seg\u00fan sus necesidades<\/h3><div class=\"special-heading-border\"><div class=\"special-heading-inner-border\"><\/div><\/div><\/div><\/p><\/div>\n<style type=\"text\/css\" data-created_by=\"avia_inline_auto\" id=\"style-css-av-jztw168i-75b7d40b4a02a848bd84c674dd1ae0fd\">\n#top .hr.hr-invisible.av-jztw168i-75b7d40b4a02a848bd84c674dd1ae0fd{\nheight:50px;\n}\n<\/style>\n<div  class='hr av-jztw168i-75b7d40b4a02a848bd84c674dd1ae0fd hr-invisible  avia-builder-el-22  el_after_av_one_third  avia-builder-el-last '><span class='hr-inner '><span class=\"hr-inner-style\"><\/span><\/span><\/div>\n\n","protected":false},"excerpt":{"rendered":"","protected":false},"author":2,"featured_media":0,"parent":0,"menu_order":0,"comment_status":"closed","ping_status":"closed","template":"","meta":{"inline_featured_image":false,"footnotes":""},"class_list":["post-7428","page","type-page","status-publish","hentry"],"acf":[],"yoast_head":"<!-- This site is optimized with the Yoast SEO plugin v27.3 - https:\/\/yoast.com\/product\/yoast-seo-wordpress\/ -->\n<title>Proteccion vertical - Citywall.eu<\/title>\n<meta name=\"description\" content=\"Las colchonetas de protecci\u00f3n vertical son ideales para los roc\u00f3dromos de altura, ya que protegen al escalador en caso de que se caiga al comienzo de una v\u00eda o cuando el escalador desciende con demasiada velocidad. Las colchonetas de protecci\u00f3n vertical son un componente de seguridad importante en todos los roc\u00f3dromos y se montan y desmontan f\u00e1cilmente.\" \/>\n<meta name=\"robots\" content=\"index, follow, max-snippet:-1, max-image-preview:large, max-video-preview:-1\" \/>\n<link rel=\"canonical\" href=\"https:\/\/citywall.eu\/es\/proteccion-vertical\/\" \/>\n<meta property=\"og:locale\" content=\"es_ES\" \/>\n<meta property=\"og:type\" content=\"article\" \/>\n<meta property=\"og:title\" content=\"Proteccion vertical - Citywall.eu\" \/>\n<meta property=\"og:description\" content=\"Las colchonetas de protecci\u00f3n vertical son ideales para los roc\u00f3dromos de altura, ya que protegen al escalador en caso de que se caiga al comienzo de una v\u00eda o cuando el escalador desciende con demasiada velocidad. Las colchonetas de protecci\u00f3n vertical son un componente de seguridad importante en todos los roc\u00f3dromos y se montan y desmontan f\u00e1cilmente.\" \/>\n<meta property=\"og:url\" content=\"https:\/\/citywall.eu\/es\/proteccion-vertical\/\" \/>\n<meta property=\"og:site_name\" content=\"Citywall.eu\" \/>\n<meta property=\"article:modified_time\" content=\"2024-02-01T11:00:31+00:00\" \/>\n<meta name=\"twitter:card\" content=\"summary_large_image\" \/>\n<meta name=\"twitter:label1\" content=\"Tiempo de lectura\" \/>\n\t<meta name=\"twitter:data1\" content=\"4 minutos\" \/>\n<script type=\"application\/ld+json\" class=\"yoast-schema-graph\">{\"@context\":\"https:\\\/\\\/schema.org\",\"@graph\":[{\"@type\":\"WebPage\",\"@id\":\"https:\\\/\\\/citywall.eu\\\/es\\\/proteccion-vertical\\\/\",\"url\":\"https:\\\/\\\/citywall.eu\\\/es\\\/proteccion-vertical\\\/\",\"name\":\"Proteccion vertical - Citywall.eu\",\"isPartOf\":{\"@id\":\"https:\\\/\\\/citywall.eu\\\/es\\\/#website\"},\"datePublished\":\"2019-08-26T06:48:45+00:00\",\"dateModified\":\"2024-02-01T11:00:31+00:00\",\"description\":\"Las colchonetas de protecci\u00f3n vertical son ideales para los roc\u00f3dromos de altura, ya que protegen al escalador en caso de que se caiga al comienzo de una v\u00eda o cuando el escalador desciende con demasiada velocidad. Las colchonetas de protecci\u00f3n vertical son un componente de seguridad importante en todos los roc\u00f3dromos y se montan y desmontan f\u00e1cilmente.\",\"breadcrumb\":{\"@id\":\"https:\\\/\\\/citywall.eu\\\/es\\\/proteccion-vertical\\\/#breadcrumb\"},\"inLanguage\":\"es\",\"potentialAction\":[{\"@type\":\"ReadAction\",\"target\":[\"https:\\\/\\\/citywall.eu\\\/es\\\/proteccion-vertical\\\/\"]}]},{\"@type\":\"BreadcrumbList\",\"@id\":\"https:\\\/\\\/citywall.eu\\\/es\\\/proteccion-vertical\\\/#breadcrumb\",\"itemListElement\":[{\"@type\":\"ListItem\",\"position\":1,\"name\":\"Home\",\"item\":\"https:\\\/\\\/citywall.eu\\\/es\\\/\"},{\"@type\":\"ListItem\",\"position\":2,\"name\":\"Proteccion vertical\"}]},{\"@type\":\"WebSite\",\"@id\":\"https:\\\/\\\/citywall.eu\\\/es\\\/#website\",\"url\":\"https:\\\/\\\/citywall.eu\\\/es\\\/\",\"name\":\"Citywall.eu\",\"description\":\"Climbing Walls Manufacturer\",\"potentialAction\":[{\"@type\":\"SearchAction\",\"target\":{\"@type\":\"EntryPoint\",\"urlTemplate\":\"https:\\\/\\\/citywall.eu\\\/es\\\/?s={search_term_string}\"},\"query-input\":{\"@type\":\"PropertyValueSpecification\",\"valueRequired\":true,\"valueName\":\"search_term_string\"}}],\"inLanguage\":\"es\"}]}<\/script>\n<!-- \/ Yoast SEO plugin. -->","yoast_head_json":{"title":"Proteccion vertical - Citywall.eu","description":"Las colchonetas de protecci\u00f3n vertical son ideales para los roc\u00f3dromos de altura, ya que protegen al escalador en caso de que se caiga al comienzo de una v\u00eda o cuando el escalador desciende con demasiada velocidad. Las colchonetas de protecci\u00f3n vertical son un componente de seguridad importante en todos los roc\u00f3dromos y se montan y desmontan f\u00e1cilmente.","robots":{"index":"index","follow":"follow","max-snippet":"max-snippet:-1","max-image-preview":"max-image-preview:large","max-video-preview":"max-video-preview:-1"},"canonical":"https:\/\/citywall.eu\/es\/proteccion-vertical\/","og_locale":"es_ES","og_type":"article","og_title":"Proteccion vertical - Citywall.eu","og_description":"Las colchonetas de protecci\u00f3n vertical son ideales para los roc\u00f3dromos de altura, ya que protegen al escalador en caso de que se caiga al comienzo de una v\u00eda o cuando el escalador desciende con demasiada velocidad. Las colchonetas de protecci\u00f3n vertical son un componente de seguridad importante en todos los roc\u00f3dromos y se montan y desmontan f\u00e1cilmente.","og_url":"https:\/\/citywall.eu\/es\/proteccion-vertical\/","og_site_name":"Citywall.eu","article_modified_time":"2024-02-01T11:00:31+00:00","twitter_card":"summary_large_image","twitter_misc":{"Tiempo de lectura":"4 minutos"},"schema":{"@context":"https:\/\/schema.org","@graph":[{"@type":"WebPage","@id":"https:\/\/citywall.eu\/es\/proteccion-vertical\/","url":"https:\/\/citywall.eu\/es\/proteccion-vertical\/","name":"Proteccion vertical - Citywall.eu","isPartOf":{"@id":"https:\/\/citywall.eu\/es\/#website"},"datePublished":"2019-08-26T06:48:45+00:00","dateModified":"2024-02-01T11:00:31+00:00","description":"Las colchonetas de protecci\u00f3n vertical son ideales para los roc\u00f3dromos de altura, ya que protegen al escalador en caso de que se caiga al comienzo de una v\u00eda o cuando el escalador desciende con demasiada velocidad. Las colchonetas de protecci\u00f3n vertical son un componente de seguridad importante en todos los roc\u00f3dromos y se montan y desmontan f\u00e1cilmente.","breadcrumb":{"@id":"https:\/\/citywall.eu\/es\/proteccion-vertical\/#breadcrumb"},"inLanguage":"es","potentialAction":[{"@type":"ReadAction","target":["https:\/\/citywall.eu\/es\/proteccion-vertical\/"]}]},{"@type":"BreadcrumbList","@id":"https:\/\/citywall.eu\/es\/proteccion-vertical\/#breadcrumb","itemListElement":[{"@type":"ListItem","position":1,"name":"Home","item":"https:\/\/citywall.eu\/es\/"},{"@type":"ListItem","position":2,"name":"Proteccion vertical"}]},{"@type":"WebSite","@id":"https:\/\/citywall.eu\/es\/#website","url":"https:\/\/citywall.eu\/es\/","name":"Citywall.eu","description":"Climbing Walls Manufacturer","potentialAction":[{"@type":"SearchAction","target":{"@type":"EntryPoint","urlTemplate":"https:\/\/citywall.eu\/es\/?s={search_term_string}"},"query-input":{"@type":"PropertyValueSpecification","valueRequired":true,"valueName":"search_term_string"}}],"inLanguage":"es"}]}},"_links":{"self":[{"href":"https:\/\/citywall.eu\/es\/wp-json\/wp\/v2\/pages\/7428","targetHints":{"allow":["GET"]}}],"collection":[{"href":"https:\/\/citywall.eu\/es\/wp-json\/wp\/v2\/pages"}],"about":[{"href":"https:\/\/citywall.eu\/es\/wp-json\/wp\/v2\/types\/page"}],"author":[{"embeddable":true,"href":"https:\/\/citywall.eu\/es\/wp-json\/wp\/v2\/users\/2"}],"replies":[{"embeddable":true,"href":"https:\/\/citywall.eu\/es\/wp-json\/wp\/v2\/comments?post=7428"}],"version-history":[{"count":0,"href":"https:\/\/citywall.eu\/es\/wp-json\/wp\/v2\/pages\/7428\/revisions"}],"wp:attachment":[{"href":"https:\/\/citywall.eu\/es\/wp-json\/wp\/v2\/media?parent=7428"}],"curies":[{"name":"wp","href":"https:\/\/api.w.org\/{rel}","templated":true}]}}