{"id":14473,"date":"2024-01-29T07:13:51","date_gmt":"2024-01-29T07:13:51","guid":{"rendered":"http:\/\/citywall.eu\/3d-scanning\/"},"modified":"2025-04-22T06:25:49","modified_gmt":"2025-04-22T06:25:49","slug":"3d-scanning","status":"publish","type":"page","link":"https:\/\/citywall.eu\/fr\/3d-scanning\/","title":{"rendered":"3D scanning"},"content":{"rendered":"\n<style type=\"text\/css\" data-created_by=\"avia_inline_auto\" id=\"style-css-av-jzl895pb-f4af73b96aa3a67aa628edfa3228ad09\">\n.avia-section.av-jzl895pb-f4af73b96aa3a67aa628edfa3228ad09{\nbackground-repeat:no-repeat;\nbackground-image:url(https:\/\/citywall.eu\/wp-content\/uploads\/2021\/03\/IMG_20201223_194936-1500x630.jpg);\nbackground-position:50% 50%;\nbackground-attachment:fixed;\n}\n.avia-section.av-jzl895pb-f4af73b96aa3a67aa628edfa3228ad09 .av-section-color-overlay{\nopacity:0.5;\nbackground-color:#1c75bc;\n}\n<\/style>\n<div id='av_section_1'  class='avia-section av-jzl895pb-f4af73b96aa3a67aa628edfa3228ad09 main_color avia-section-default avia-no-border-styling  avia-builder-el-0  el_before_av_one_full  avia-builder-el-first  avia-full-stretch avia-bg-style-fixed av-section-color-overlay-active av-minimum-height av-minimum-height-custom av-height-custom  container_wrap fullsize'  data-section-bg-repeat='stretch' data-av_minimum_height_px='500'><div class=\"av-section-color-overlay-wrap\"><div class=\"av-section-color-overlay\"><\/div><div class='container av-section-cont-open' style='height:500px'><main  role=\"main\" itemprop=\"mainContentOfPage\"  class='template-page content  av-content-full alpha units'><div class='post-entry post-entry-type-page post-entry-14473'><div class='entry-content-wrapper clearfix'>\n\n<style type=\"text\/css\" data-created_by=\"avia_inline_auto\" id=\"style-css-av-lrylfden-ceb5ac520f2f9bd689f353a25e501ee7\">\n#top .av-special-heading.av-lrylfden-ceb5ac520f2f9bd689f353a25e501ee7{\npadding-bottom:20px;\ncolor:#ffffff;\nfont-size:60px;\n}\nbody .av-special-heading.av-lrylfden-ceb5ac520f2f9bd689f353a25e501ee7 .av-special-heading-tag .heading-char{\nfont-size:25px;\n}\n#top #wrap_all .av-special-heading.av-lrylfden-ceb5ac520f2f9bd689f353a25e501ee7 .av-special-heading-tag{\nfont-size:60px;\n}\n.av-special-heading.av-lrylfden-ceb5ac520f2f9bd689f353a25e501ee7 .special-heading-inner-border{\nborder-color:#ffffff;\n}\n.av-special-heading.av-lrylfden-ceb5ac520f2f9bd689f353a25e501ee7 .av-subheading{\nfont-size:15px;\n}\n\n@media only screen and (min-width: 480px) and (max-width: 767px){ \n#top #wrap_all .av-special-heading.av-lrylfden-ceb5ac520f2f9bd689f353a25e501ee7 .av-special-heading-tag{\nfont-size:0.8em;\n}\n}\n\n@media only screen and (max-width: 479px){ \n#top #wrap_all .av-special-heading.av-lrylfden-ceb5ac520f2f9bd689f353a25e501ee7 .av-special-heading-tag{\nfont-size:0.8em;\n}\n}\n<\/style>\n<div  class='av-special-heading av-lrylfden-ceb5ac520f2f9bd689f353a25e501ee7 av-special-heading-h1 custom-color-heading blockquote modern-quote modern-centered  avia-builder-el-1  avia-builder-el-no-sibling  av-inherit-size av-linked-heading'><h1 class='av-special-heading-tag '  itemprop=\"headline\"  >Scan 3D<\/h1><div class=\"special-heading-border\"><div class=\"special-heading-inner-border\"><\/div><\/div><\/div>\n<\/div><\/div><\/main><!-- close content main element --><\/div><\/div><\/div><div id='after_section_1'  class='main_color av_default_container_wrap container_wrap fullsize'  ><div class='container av-section-cont-open' ><div class='template-page content  av-content-full alpha units'><div class='post-entry post-entry-type-page post-entry-14473'><div class='entry-content-wrapper clearfix'>\n\n<style type=\"text\/css\" data-created_by=\"avia_inline_auto\" id=\"style-css-av-pawd-4be5a6f3c617e5f4a67817f190a1b490\">\n.flex_column.av-pawd-4be5a6f3c617e5f4a67817f190a1b490{\n-webkit-border-radius:0px 0px 0px 0px;\n-moz-border-radius:0px 0px 0px 0px;\nborder-radius:0px 0px 0px 0px;\npadding:0px 0px 0px 0px;\n}\n<\/style>\n<div  class='flex_column av-pawd-4be5a6f3c617e5f4a67817f190a1b490 av_one_full  avia-builder-el-2  el_after_av_section  el_before_av_hr  avia-builder-el-first  first flex_column_div av-animated-generic fade-in av-zero-column-padding  '     ><style type=\"text\/css\" data-created_by=\"avia_inline_auto\" id=\"style-css-av-160fx-8515b25039cd8409f28ccece11341d88\">\n#top .av_textblock_section.av-160fx-8515b25039cd8409f28ccece11341d88 .avia_textblock{\nfont-size:22px;\ncolor:#a0a0a0;\n}\n<\/style>\n<section  class='av_textblock_section av-160fx-8515b25039cd8409f28ccece11341d88 '   itemscope=\"itemscope\" itemtype=\"https:\/\/schema.org\/CreativeWork\" ><div class='avia_textblock av_inherit_color'  itemprop=\"text\" ><h3 style=\"text-align: center;\"><span style=\"color: #000000;\">Nos services de scan 3D de haute pr\u00e9cision permettent de relever des mesures exactes de b\u00e2timents et d\u2019espaces, facilitant la conception de murs parfaitement adapt\u00e9s. Nous proposons \u00e9galement des scans 3D de produits individuels, assurant la capture de chaque d\u00e9tail pour une int\u00e9gration fluide dans votre projet. Cela permet de r\u00e9duire les erreurs et d\u2019augmenter l\u2019efficacit\u00e9 de la r\u00e9alisation.<\/span><\/h3>\n<\/div><\/section><\/div>\n\n<style type=\"text\/css\" data-created_by=\"avia_inline_auto\" id=\"style-css-av-m13gtoix-e71455ab14845609892706ca2de0a465\">\n#top .hr.hr-invisible.av-m13gtoix-e71455ab14845609892706ca2de0a465{\nheight:50px;\n}\n<\/style>\n<div  class='hr av-m13gtoix-e71455ab14845609892706ca2de0a465 hr-invisible  avia-builder-el-4  el_after_av_one_full  el_before_av_image '><span class='hr-inner '><span class=\"hr-inner-style\"><\/span><\/span><\/div>\n\n<style type=\"text\/css\" data-created_by=\"avia_inline_auto\" id=\"style-css-av-jznz2ubb-29bf50259f48fe18339e4e4edc347e30\">\n.avia-image-container.av-jznz2ubb-29bf50259f48fe18339e4e4edc347e30 img.avia_image{\n-webkit-box-shadow:none;\n-moz-box-shadow:none;\nbox-shadow:none;\n}\n.avia-image-container.av-jznz2ubb-29bf50259f48fe18339e4e4edc347e30 .av-image-caption-overlay-center{\ncolor:#ffffff;\n}\n<\/style>\n<div  class='avia-image-container av-jznz2ubb-29bf50259f48fe18339e4e4edc347e30 av-styling- avia-align-center  avia-builder-el-5  el_after_av_hr  el_before_av_hr '   itemprop=\"image\" itemscope=\"itemscope\" itemtype=\"https:\/\/schema.org\/ImageObject\" ><div class=\"avia-image-container-inner\"><div class=\"avia-image-overlay-wrap\"><img class='avia_image ' src='https:\/\/citywall.eu\/wp-content\/uploads\/2024\/01\/Point-Cloud-e1706516336292-1030x408.jpg' alt='' title='Point Cloud'  height=\"408\" width=\"1030\"  itemprop=\"thumbnailUrl\"  \/><\/div><\/div><\/div>\n\n<style type=\"text\/css\" data-created_by=\"avia_inline_auto\" id=\"style-css-av-m13gtoix-9-acc83e886ab52aadba3c9e31e98065aa\">\n#top .hr.hr-invisible.av-m13gtoix-9-acc83e886ab52aadba3c9e31e98065aa{\nheight:20px;\n}\n<\/style>\n<div  class='hr av-m13gtoix-9-acc83e886ab52aadba3c9e31e98065aa hr-invisible  avia-builder-el-6  el_after_av_image  el_before_av_heading '><span class='hr-inner '><span class=\"hr-inner-style\"><\/span><\/span><\/div>\n\n<style type=\"text\/css\" data-created_by=\"avia_inline_auto\" id=\"style-css-av-aakzq-17960c8eb1e23f8f346b4be33d805237\">\n#top .av-special-heading.av-aakzq-17960c8eb1e23f8f346b4be33d805237{\npadding-bottom:20px;\ncolor:#000000;\nfont-size:50px;\n}\nbody .av-special-heading.av-aakzq-17960c8eb1e23f8f346b4be33d805237 .av-special-heading-tag .heading-char{\nfont-size:25px;\n}\n#top #wrap_all .av-special-heading.av-aakzq-17960c8eb1e23f8f346b4be33d805237 .av-special-heading-tag{\nfont-size:50px;\n}\n.av-special-heading.av-aakzq-17960c8eb1e23f8f346b4be33d805237 .special-heading-inner-border{\nborder-color:#000000;\n}\n.av-special-heading.av-aakzq-17960c8eb1e23f8f346b4be33d805237 .av-subheading{\nfont-size:15px;\n}\n\n@media only screen and (min-width: 480px) and (max-width: 767px){ \n#top #wrap_all .av-special-heading.av-aakzq-17960c8eb1e23f8f346b4be33d805237 .av-special-heading-tag{\nfont-size:0.8em;\n}\n}\n\n@media only screen and (max-width: 479px){ \n#top #wrap_all .av-special-heading.av-aakzq-17960c8eb1e23f8f346b4be33d805237 .av-special-heading-tag{\nfont-size:0.8em;\n}\n}\n<\/style>\n<div  class='av-special-heading av-aakzq-17960c8eb1e23f8f346b4be33d805237 av-special-heading-h2 custom-color-heading blockquote modern-quote modern-centered  avia-builder-el-7  el_after_av_hr  el_before_av_textblock  av-inherit-size av-linked-heading'><h2 class='av-special-heading-tag '  itemprop=\"headline\"  >CONTACTEZ-NOUS AUJOURD\u2019HUI<\/h2><div class=\"special-heading-border\"><div class=\"special-heading-inner-border\"><\/div><\/div><\/div>\n\n<style type=\"text\/css\" data-created_by=\"avia_inline_auto\" id=\"style-css-av-160fx-10-aaf5a84d53df3c62822518a0db54977c\">\n#top .av_textblock_section.av-160fx-10-aaf5a84d53df3c62822518a0db54977c .avia_textblock{\nfont-size:22px;\ncolor:#a0a0a0;\n}\n<\/style>\n<section  class='av_textblock_section av-160fx-10-aaf5a84d53df3c62822518a0db54977c '   itemscope=\"itemscope\" itemtype=\"https:\/\/schema.org\/CreativeWork\" ><div class='avia_textblock av_inherit_color'  itemprop=\"text\" ><h3 style=\"text-align: center;\">Obtenez des mesures pr\u00e9cises et optimisez vos conceptions gr\u00e2ce \u00e0 nos services de scan 3D.<\/h3>\n<\/div><\/section>\n\n<style type=\"text\/css\" data-created_by=\"avia_inline_auto\" id=\"style-css-av-m13gtoix-8-9c8c65c020281ec7b371c3c772dc92ac\">\n#top .hr.hr-invisible.av-m13gtoix-8-9c8c65c020281ec7b371c3c772dc92ac{\nheight:30px;\n}\n<\/style>\n<div  class='hr av-m13gtoix-8-9c8c65c020281ec7b371c3c772dc92ac hr-invisible  avia-builder-el-9  el_after_av_textblock  el_before_av_textblock '><span class='hr-inner '><span class=\"hr-inner-style\"><\/span><\/span><\/div>\n\n<style type=\"text\/css\" data-created_by=\"avia_inline_auto\" id=\"style-css-av-160fx-7-1317c7aa07c8b3c2840b5adf56672648\">\n#top .av_textblock_section.av-160fx-7-1317c7aa07c8b3c2840b5adf56672648 .avia_textblock{\nfont-size:22px;\ncolor:#a0a0a0;\n}\n<\/style>\n<section  class='av_textblock_section av-160fx-7-1317c7aa07c8b3c2840b5adf56672648 '   itemscope=\"itemscope\" itemtype=\"https:\/\/schema.org\/CreativeWork\" ><div class='avia_textblock av_inherit_color'  itemprop=\"text\" ><h2 style=\"text-align: center;\"><span style=\"color: #1c75bc;\">Appelez-nous<\/span><\/h2>\n<\/div><\/section>\n\n<style type=\"text\/css\" data-created_by=\"avia_inline_auto\" id=\"style-css-av-160fx-5-3e376d01aec5826c8edb50ba5b8d3b17\">\n#top .av_textblock_section.av-160fx-5-3e376d01aec5826c8edb50ba5b8d3b17 .avia_textblock{\nfont-size:22px;\ncolor:#a0a0a0;\n}\n<\/style>\n<section  class='av_textblock_section av-160fx-5-3e376d01aec5826c8edb50ba5b8d3b17 '   itemscope=\"itemscope\" itemtype=\"https:\/\/schema.org\/CreativeWork\" ><div class='avia_textblock av_inherit_color'  itemprop=\"text\" ><h3 class=\"av-special-heading-tag \" style=\"text-align: center;\"><span style=\"color: #000000;\">+386 41 953 855<\/span><\/h3>\n<\/div><\/section>\n\n<style type=\"text\/css\" data-created_by=\"avia_inline_auto\" id=\"style-css-av-m13gtoix-6-1f491d5757b6b1e7cd331000c0a6341f\">\n#top .hr.hr-invisible.av-m13gtoix-6-1f491d5757b6b1e7cd331000c0a6341f{\nheight:30px;\n}\n<\/style>\n<div  class='hr av-m13gtoix-6-1f491d5757b6b1e7cd331000c0a6341f hr-invisible  avia-builder-el-12  el_after_av_textblock  el_before_av_textblock '><span class='hr-inner '><span class=\"hr-inner-style\"><\/span><\/span><\/div>\n\n<style type=\"text\/css\" data-created_by=\"avia_inline_auto\" id=\"style-css-av-160fx-4-2eca7ea7ec33110a24038db9abdc36b3\">\n#top .av_textblock_section.av-160fx-4-2eca7ea7ec33110a24038db9abdc36b3 .avia_textblock{\nfont-size:22px;\ncolor:#a0a0a0;\n}\n<\/style>\n<section  class='av_textblock_section av-160fx-4-2eca7ea7ec33110a24038db9abdc36b3 '   itemscope=\"itemscope\" itemtype=\"https:\/\/schema.org\/CreativeWork\" ><div class='avia_textblock av_inherit_color'  itemprop=\"text\" ><h2 style=\"text-align: center;\"><span style=\"color: #1c75bc;\">Envoyez-nous un e-mail<\/span><\/h2>\n<\/div><\/section>\n\n<style type=\"text\/css\" data-created_by=\"avia_inline_auto\" id=\"style-css-av-160fx-3-514241e3d9a7b241038157efa0c34314\">\n#top .av_textblock_section.av-160fx-3-514241e3d9a7b241038157efa0c34314 .avia_textblock{\nfont-size:22px;\ncolor:#a0a0a0;\n}\n<\/style>\n<section  class='av_textblock_section av-160fx-3-514241e3d9a7b241038157efa0c34314 '   itemscope=\"itemscope\" itemtype=\"https:\/\/schema.org\/CreativeWork\" ><div class='avia_textblock av_inherit_color'  itemprop=\"text\" ><h3 class=\"av-special-heading-tag \" style=\"text-align: center;\"><span style=\"color: #000000;\"><a style=\"color: #000000;\" href=\"mailto:info@citywall.eu\">info@citywall.eu<\/a><\/span><\/h3>\n<\/div><\/section>\n\n<style type=\"text\/css\" data-created_by=\"avia_inline_auto\" id=\"style-css-av-pawd-11-19681b8cb3a726cd1f1278cc2d35d993\">\n.flex_column.av-pawd-11-19681b8cb3a726cd1f1278cc2d35d993{\n-webkit-border-radius:0px 0px 0px 0px;\n-moz-border-radius:0px 0px 0px 0px;\nborder-radius:0px 0px 0px 0px;\npadding:0px 0px 0px 0px;\n}\n<\/style>\n<div  class='flex_column av-pawd-11-19681b8cb3a726cd1f1278cc2d35d993 av_one_fifth  avia-builder-el-15  el_after_av_textblock  el_before_av_three_fifth  first flex_column_div av-animated-generic fade-in av-zero-column-padding  column-top-margin'     ><\/div>\n\n<style type=\"text\/css\" data-created_by=\"avia_inline_auto\" id=\"style-css-av-pawd-2-8e7bdf533b38771a7fbb589265bebd8c\">\n.flex_column.av-pawd-2-8e7bdf533b38771a7fbb589265bebd8c{\nborder-width:2px;\nborder-color:#000000;\nborder-style:solid;\n-webkit-border-radius:10px 10px 10px 10px;\n-moz-border-radius:10px 10px 10px 10px;\nborder-radius:10px 10px 10px 10px;\npadding:10px 10px 10px 10px;\n}\n<\/style>\n<div  class='flex_column av-pawd-2-8e7bdf533b38771a7fbb589265bebd8c av_three_fifth  avia-builder-el-16  el_after_av_one_fifth  el_before_av_one_fifth  flex_column_div av-animated-generic fade-in  column-top-margin'     ><form action=\"https:\/\/citywall.eu\/fr\/3d-scanning\/\" method=\"post\" data-fields-with-error=\"Erreurs trouv\u00e9es dans les champs suivants :\" class=\"avia_ajax_form av-form-labels-visible   avia-builder-el-17  avia-builder-el-no-sibling  av-centered-form   \" data-avia-form-id=\"1\" data-avia-redirect='' ><h3 class=''>Envoyez-nous un message ou une demande<\/h3><fieldset><p class='  first_form  form_element form_fullwidth' id='element_avia_1_1'><label for=\"avia_1_1\">Pr\u00e9nom et nom <abbr class=\"required\" title=\"requis(e)\">*<\/abbr><\/label> <input name=\"avia_1_1\" class=\"text_input is_empty\" type=\"text\" id=\"avia_1_1\" value=\"\" \/><\/p><p class='  first_form  form_element form_fullwidth' id='element_avia_2_1'><label for=\"avia_2_1\">E-Mail <abbr class=\"required\" title=\"requis(e)\">*<\/abbr><\/label> <input name=\"avia_2_1\" class=\"text_input is_email\" type=\"text\" id=\"avia_2_1\" value=\"\" \/><\/p><p class='  first_form  form_element form_fullwidth' id='element_avia_3_1'><label for=\"avia_3_1\">Nom de l\u2019entreprise <abbr class=\"required\" title=\"requis(e)\">*<\/abbr><\/label> <input name=\"avia_3_1\" class=\"text_input is_empty\" type=\"text\" id=\"avia_3_1\" value=\"\" \/><\/p><p class='  first_form  form_element form_fullwidth' id='element_avia_4_1'><label for=\"avia_4_1\" class=\"textare_label hidden textare_label_avia_4_1\">Message <abbr class=\"required\" title=\"requis(e)\">*<\/abbr><\/label><textarea  name=\"avia_4_1\" class=\"text_area is_empty\" cols=\"40\" rows=\"7\" id=\"avia_4_1\" ><\/textarea><\/p><p class=\"hidden\"><input type=\"text\" name=\"avia_5_1\" class=\"hidden \" id=\"avia_5_1\" value=\"\" \/><\/p><p class=' av_form_privacy_check av_contact_privacy_check first_form  form_element form_fullwidth' id='element_avia_6_1'><input  name=\"avia_6_1\" class=\"input_checkbox is_empty\" type=\"checkbox\" id=\"avia_6_1\" value=\"true\"\/><label class=\"input_checkbox_label\" for=\"avia_6_1\">J\u2019accepte les conditions g\u00e9n\u00e9rales expos\u00e9es dans les <a href='https:\/\/citywall.eu\/privacy-policy\/' target='_blank' rel=\"noopener\">mentions l\u00e9gales<\/a> <abbr class=\"required\" title=\"requis(e)\">*<\/abbr><\/label><\/p><p class=\"form_element \"><input type=\"hidden\" value=\"1\" name=\"avia_generated_form1\" \/><input type=\"submit\" value=\"ENVOYER\" class=\"button\"  data-sending-label=\"Envoi\"\/><\/p><\/fieldset><\/form><div id=\"ajaxresponse_1\" class=\"ajaxresponse ajaxresponse_1 hidden\"><\/div><\/div>\n\n<style type=\"text\/css\" data-created_by=\"avia_inline_auto\" id=\"style-css-av-pawd-1-800d3c069fa916068fe17e3eed4e4941\">\n.flex_column.av-pawd-1-800d3c069fa916068fe17e3eed4e4941{\n-webkit-border-radius:0px 0px 0px 0px;\n-moz-border-radius:0px 0px 0px 0px;\nborder-radius:0px 0px 0px 0px;\npadding:0px 0px 0px 0px;\n}\n<\/style>\n<div  class='flex_column av-pawd-1-800d3c069fa916068fe17e3eed4e4941 av_one_fifth  avia-builder-el-18  el_after_av_three_fifth  avia-builder-el-last  flex_column_div av-animated-generic fade-in av-zero-column-padding  column-top-margin'     ><\/div>\n","protected":false},"excerpt":{"rendered":"","protected":false},"author":11,"featured_media":0,"parent":0,"menu_order":0,"comment_status":"closed","ping_status":"closed","template":"","meta":{"inline_featured_image":false,"footnotes":""},"class_list":["post-14473","page","type-page","status-publish","hentry"],"acf":[],"yoast_head":"<!-- This site is optimized with the Yoast SEO plugin v27.3 - https:\/\/yoast.com\/product\/yoast-seo-wordpress\/ -->\n<title>3D scanning - Citywall.eu<\/title>\n<meta name=\"robots\" content=\"index, follow, max-snippet:-1, max-image-preview:large, max-video-preview:-1\" \/>\n<link rel=\"canonical\" href=\"https:\/\/citywall.eu\/fr\/3d-scanning\/\" \/>\n<meta property=\"og:locale\" content=\"fr_FR\" \/>\n<meta property=\"og:type\" content=\"article\" \/>\n<meta property=\"og:title\" content=\"3D scanning - Citywall.eu\" \/>\n<meta property=\"og:url\" content=\"https:\/\/citywall.eu\/fr\/3d-scanning\/\" \/>\n<meta property=\"og:site_name\" content=\"Citywall.eu\" \/>\n<meta property=\"article:modified_time\" content=\"2025-04-22T06:25:49+00:00\" \/>\n<meta name=\"twitter:card\" content=\"summary_large_image\" \/>\n<meta name=\"twitter:label1\" content=\"Dur\u00e9e de lecture estim\u00e9e\" \/>\n\t<meta name=\"twitter:data1\" content=\"1 minute\" \/>\n<script type=\"application\/ld+json\" class=\"yoast-schema-graph\">{\"@context\":\"https:\\\/\\\/schema.org\",\"@graph\":[{\"@type\":\"WebPage\",\"@id\":\"https:\\\/\\\/citywall.eu\\\/fr\\\/3d-scanning\\\/\",\"url\":\"https:\\\/\\\/citywall.eu\\\/fr\\\/3d-scanning\\\/\",\"name\":\"3D scanning - Citywall.eu\",\"isPartOf\":{\"@id\":\"https:\\\/\\\/citywall.eu\\\/fr\\\/#website\"},\"datePublished\":\"2024-01-29T07:13:51+00:00\",\"dateModified\":\"2025-04-22T06:25:49+00:00\",\"breadcrumb\":{\"@id\":\"https:\\\/\\\/citywall.eu\\\/fr\\\/3d-scanning\\\/#breadcrumb\"},\"inLanguage\":\"fr-FR\",\"potentialAction\":[{\"@type\":\"ReadAction\",\"target\":[\"https:\\\/\\\/citywall.eu\\\/fr\\\/3d-scanning\\\/\"]}]},{\"@type\":\"BreadcrumbList\",\"@id\":\"https:\\\/\\\/citywall.eu\\\/fr\\\/3d-scanning\\\/#breadcrumb\",\"itemListElement\":[{\"@type\":\"ListItem\",\"position\":1,\"name\":\"Home\",\"item\":\"https:\\\/\\\/citywall.eu\\\/fr\\\/homepage\\\/\"},{\"@type\":\"ListItem\",\"position\":2,\"name\":\"3D scanning\"}]},{\"@type\":\"WebSite\",\"@id\":\"https:\\\/\\\/citywall.eu\\\/fr\\\/#website\",\"url\":\"https:\\\/\\\/citywall.eu\\\/fr\\\/\",\"name\":\"Citywall.eu\",\"description\":\"Climbing Walls Manufacturer\",\"potentialAction\":[{\"@type\":\"SearchAction\",\"target\":{\"@type\":\"EntryPoint\",\"urlTemplate\":\"https:\\\/\\\/citywall.eu\\\/fr\\\/?s={search_term_string}\"},\"query-input\":{\"@type\":\"PropertyValueSpecification\",\"valueRequired\":true,\"valueName\":\"search_term_string\"}}],\"inLanguage\":\"fr-FR\"}]}<\/script>\n<!-- \/ Yoast SEO plugin. -->","yoast_head_json":{"title":"3D scanning - Citywall.eu","robots":{"index":"index","follow":"follow","max-snippet":"max-snippet:-1","max-image-preview":"max-image-preview:large","max-video-preview":"max-video-preview:-1"},"canonical":"https:\/\/citywall.eu\/fr\/3d-scanning\/","og_locale":"fr_FR","og_type":"article","og_title":"3D scanning - Citywall.eu","og_url":"https:\/\/citywall.eu\/fr\/3d-scanning\/","og_site_name":"Citywall.eu","article_modified_time":"2025-04-22T06:25:49+00:00","twitter_card":"summary_large_image","twitter_misc":{"Dur\u00e9e de lecture estim\u00e9e":"1 minute"},"schema":{"@context":"https:\/\/schema.org","@graph":[{"@type":"WebPage","@id":"https:\/\/citywall.eu\/fr\/3d-scanning\/","url":"https:\/\/citywall.eu\/fr\/3d-scanning\/","name":"3D scanning - Citywall.eu","isPartOf":{"@id":"https:\/\/citywall.eu\/fr\/#website"},"datePublished":"2024-01-29T07:13:51+00:00","dateModified":"2025-04-22T06:25:49+00:00","breadcrumb":{"@id":"https:\/\/citywall.eu\/fr\/3d-scanning\/#breadcrumb"},"inLanguage":"fr-FR","potentialAction":[{"@type":"ReadAction","target":["https:\/\/citywall.eu\/fr\/3d-scanning\/"]}]},{"@type":"BreadcrumbList","@id":"https:\/\/citywall.eu\/fr\/3d-scanning\/#breadcrumb","itemListElement":[{"@type":"ListItem","position":1,"name":"Home","item":"https:\/\/citywall.eu\/fr\/homepage\/"},{"@type":"ListItem","position":2,"name":"3D scanning"}]},{"@type":"WebSite","@id":"https:\/\/citywall.eu\/fr\/#website","url":"https:\/\/citywall.eu\/fr\/","name":"Citywall.eu","description":"Climbing Walls Manufacturer","potentialAction":[{"@type":"SearchAction","target":{"@type":"EntryPoint","urlTemplate":"https:\/\/citywall.eu\/fr\/?s={search_term_string}"},"query-input":{"@type":"PropertyValueSpecification","valueRequired":true,"valueName":"search_term_string"}}],"inLanguage":"fr-FR"}]}},"_links":{"self":[{"href":"https:\/\/citywall.eu\/fr\/wp-json\/wp\/v2\/pages\/14473","targetHints":{"allow":["GET"]}}],"collection":[{"href":"https:\/\/citywall.eu\/fr\/wp-json\/wp\/v2\/pages"}],"about":[{"href":"https:\/\/citywall.eu\/fr\/wp-json\/wp\/v2\/types\/page"}],"author":[{"embeddable":true,"href":"https:\/\/citywall.eu\/fr\/wp-json\/wp\/v2\/users\/11"}],"replies":[{"embeddable":true,"href":"https:\/\/citywall.eu\/fr\/wp-json\/wp\/v2\/comments?post=14473"}],"version-history":[{"count":0,"href":"https:\/\/citywall.eu\/fr\/wp-json\/wp\/v2\/pages\/14473\/revisions"}],"wp:attachment":[{"href":"https:\/\/citywall.eu\/fr\/wp-json\/wp\/v2\/media?parent=14473"}],"curies":[{"name":"wp","href":"https:\/\/api.w.org\/{rel}","templated":true}]}}