{"id":14689,"date":"2019-08-23T11:51:18","date_gmt":"2019-08-23T11:51:18","guid":{"rendered":"http:\/\/citywall.eu\/holds-for-kids\/"},"modified":"2025-04-22T13:58:46","modified_gmt":"2025-04-22T13:58:46","slug":"holds-for-kids","status":"publish","type":"page","link":"https:\/\/citywall.eu\/fr\/holds-for-kids\/","title":{"rendered":"Holds for kids"},"content":{"rendered":"\n<style type=\"text\/css\" data-created_by=\"avia_inline_auto\" id=\"style-css-av-jzl895pb-80c0c7565fd3172b8556ac189cd9eecd\">\n.avia-section.av-jzl895pb-80c0c7565fd3172b8556ac189cd9eecd{\nbackground-repeat:no-repeat;\nbackground-image:url(https:\/\/citywall.eu\/wp-content\/uploads\/2024\/09\/holds-for-kids2.jpg);\nbackground-position:50% 50%;\nbackground-attachment:fixed;\n}\n.avia-section.av-jzl895pb-80c0c7565fd3172b8556ac189cd9eecd .av-section-color-overlay{\nopacity:0.5;\nbackground-color:#1c75bc;\n}\n<\/style>\n<div id='av_section_1'  class='avia-section av-jzl895pb-80c0c7565fd3172b8556ac189cd9eecd main_color avia-section-default avia-no-border-styling  avia-builder-el-0  el_before_av_one_full  avia-builder-el-first  avia-full-stretch avia-bg-style-fixed av-section-color-overlay-active av-minimum-height av-minimum-height-custom av-height-custom  container_wrap fullsize'  data-section-bg-repeat='stretch' data-av_minimum_height_px='500'><div class=\"av-section-color-overlay-wrap\"><div class=\"av-section-color-overlay\"><\/div><div class='container av-section-cont-open' style='height:500px'><main  role=\"main\" itemprop=\"mainContentOfPage\"  class='template-page content  av-content-full alpha units'><div class='post-entry post-entry-type-page post-entry-14689'><div class='entry-content-wrapper clearfix'>\n\n<style type=\"text\/css\" data-created_by=\"avia_inline_auto\" id=\"style-css-av-m12ape78-8f70b67e082c6b7290ca3ef6845ec3ab\">\n#top .av-special-heading.av-m12ape78-8f70b67e082c6b7290ca3ef6845ec3ab{\npadding-bottom:20px;\ncolor:#ffffff;\nfont-size:50px;\n}\nbody .av-special-heading.av-m12ape78-8f70b67e082c6b7290ca3ef6845ec3ab .av-special-heading-tag .heading-char{\nfont-size:25px;\n}\n#top #wrap_all .av-special-heading.av-m12ape78-8f70b67e082c6b7290ca3ef6845ec3ab .av-special-heading-tag{\nfont-size:50px;\n}\n.av-special-heading.av-m12ape78-8f70b67e082c6b7290ca3ef6845ec3ab .special-heading-inner-border{\nborder-color:#ffffff;\n}\n.av-special-heading.av-m12ape78-8f70b67e082c6b7290ca3ef6845ec3ab .av-subheading{\nfont-size:15px;\n}\n\n@media only screen and (min-width: 480px) and (max-width: 767px){ \n#top #wrap_all .av-special-heading.av-m12ape78-8f70b67e082c6b7290ca3ef6845ec3ab .av-special-heading-tag{\nfont-size:0.8em;\n}\n}\n\n@media only screen and (max-width: 479px){ \n#top #wrap_all .av-special-heading.av-m12ape78-8f70b67e082c6b7290ca3ef6845ec3ab .av-special-heading-tag{\nfont-size:0.8em;\n}\n}\n<\/style>\n<div  class='av-special-heading av-m12ape78-8f70b67e082c6b7290ca3ef6845ec3ab av-special-heading-h1 custom-color-heading blockquote modern-quote modern-centered  avia-builder-el-1  el_before_av_heading  avia-builder-el-first  av-inherit-size av-linked-heading'><h1 class='av-special-heading-tag '  itemprop=\"headline\"  >Prises pour enfants<\/h1><div class=\"special-heading-border\"><div class=\"special-heading-inner-border\"><\/div><\/div><\/div>\n\n<style type=\"text\/css\" data-created_by=\"avia_inline_auto\" id=\"style-css-av-m12ap7uh-fb94b07d6924c608d1f320794f953bc5\">\n#top .av-special-heading.av-m12ap7uh-fb94b07d6924c608d1f320794f953bc5{\npadding-bottom:20px;\ncolor:#ffffff;\nfont-size:40px;\n}\nbody .av-special-heading.av-m12ap7uh-fb94b07d6924c608d1f320794f953bc5 .av-special-heading-tag .heading-char{\nfont-size:25px;\n}\n#top #wrap_all .av-special-heading.av-m12ap7uh-fb94b07d6924c608d1f320794f953bc5 .av-special-heading-tag{\nfont-size:40px;\n}\n.av-special-heading.av-m12ap7uh-fb94b07d6924c608d1f320794f953bc5 .special-heading-inner-border{\nborder-color:#ffffff;\n}\n.av-special-heading.av-m12ap7uh-fb94b07d6924c608d1f320794f953bc5 .av-subheading{\nfont-size:15px;\n}\n\n@media only screen and (min-width: 480px) and (max-width: 767px){ \n#top #wrap_all .av-special-heading.av-m12ap7uh-fb94b07d6924c608d1f320794f953bc5 .av-special-heading-tag{\nfont-size:0.8em;\n}\n}\n\n@media only screen and (max-width: 479px){ \n#top #wrap_all .av-special-heading.av-m12ap7uh-fb94b07d6924c608d1f320794f953bc5 .av-special-heading-tag{\nfont-size:0.8em;\n}\n}\n<\/style>\n<div  class='av-special-heading av-m12ap7uh-fb94b07d6924c608d1f320794f953bc5 av-special-heading-h2 custom-color-heading blockquote modern-quote modern-centered  avia-builder-el-2  el_after_av_heading  avia-builder-el-last  av-inherit-size av-linked-heading'><h2 class='av-special-heading-tag '  itemprop=\"headline\"  >D\u00e9velopper la force et la coordination!<\/h2><div class=\"special-heading-border\"><div class=\"special-heading-inner-border\"><\/div><\/div><\/div>\n<\/div><\/div><\/main><!-- close content main element --><\/div><\/div><\/div><div id='after_section_1'  class='main_color av_default_container_wrap container_wrap fullsize'  ><div class='container av-section-cont-open' ><div class='template-page content  av-content-full alpha units'><div class='post-entry post-entry-type-page post-entry-14689'><div class='entry-content-wrapper clearfix'>\n<style type=\"text\/css\" data-created_by=\"avia_inline_auto\" id=\"style-css-av-pawd-ca3c9eed0b00d3af6dbf251f79a379b3\">\n.flex_column.av-pawd-ca3c9eed0b00d3af6dbf251f79a379b3{\n-webkit-border-radius:0px 0px 0px 0px;\n-moz-border-radius:0px 0px 0px 0px;\nborder-radius:0px 0px 0px 0px;\npadding:0px 0px 0px 0px;\n}\n<\/style>\n<div  class='flex_column av-pawd-ca3c9eed0b00d3af6dbf251f79a379b3 av_one_full  avia-builder-el-3  el_after_av_section  el_before_av_hr  avia-builder-el-first  first flex_column_div av-zero-column-padding  '     ><style type=\"text\/css\" data-created_by=\"avia_inline_auto\" id=\"style-css-av-160fx-b03e4eb33a8ca7001f5204445434dafb\">\n#top .av_textblock_section.av-160fx-b03e4eb33a8ca7001f5204445434dafb .avia_textblock{\nfont-size:22px;\ncolor:#000000;\n}\n<\/style>\n<section  class='av_textblock_section av-160fx-b03e4eb33a8ca7001f5204445434dafb '   itemscope=\"itemscope\" itemtype=\"https:\/\/schema.org\/CreativeWork\" ><div class='avia_textblock av_inherit_color'  itemprop=\"text\" ><h3 style=\"text-align: center;\">L\u2019escalade ne consiste pas seulement \u00e0 atteindre le sommet, c\u2019est un v\u00e9ritable voyage &#8211; et les prises pour enfants de Citywall rendent ce parcours \u00e0 la fois s\u00fbr et amusant. Con\u00e7ues sp\u00e9cialement pour les petites mains et les petits pieds, nos prises sont id\u00e9ales pour aider les jeunes grimpeurs \u00e0 d\u00e9velopper leur force, leur coordination et leur confiance en eux.<\/h3>\n<\/div><\/section><\/div>\n<style type=\"text\/css\" data-created_by=\"avia_inline_auto\" id=\"style-css-av-jztpec2u-3dc2df37299015e4287e3ef4bb6b1069\">\n#top .hr.hr-invisible.av-jztpec2u-3dc2df37299015e4287e3ef4bb6b1069{\nheight:50px;\n}\n<\/style>\n<div  class='hr av-jztpec2u-3dc2df37299015e4287e3ef4bb6b1069 hr-invisible  avia-builder-el-5  el_after_av_one_full  el_before_av_one_full '><span class='hr-inner '><span class=\"hr-inner-style\"><\/span><\/span><\/div><\/p>\n\n<style type=\"text\/css\" data-created_by=\"avia_inline_auto\" id=\"style-css-av-pawd-ca3c9eed0b00d3af6dbf251f79a379b3\">\n.flex_column.av-pawd-ca3c9eed0b00d3af6dbf251f79a379b3{\n-webkit-border-radius:0px 0px 0px 0px;\n-moz-border-radius:0px 0px 0px 0px;\nborder-radius:0px 0px 0px 0px;\npadding:0px 0px 0px 0px;\n}\n<\/style>\n<div  class='flex_column av-pawd-ca3c9eed0b00d3af6dbf251f79a379b3 av_one_full  avia-builder-el-6  el_after_av_hr  el_before_av_hr  first flex_column_div av-zero-column-padding  '     ><style type=\"text\/css\" data-created_by=\"avia_inline_auto\" id=\"style-css-av-160fx-b03e4eb33a8ca7001f5204445434dafb\">\n#top .av_textblock_section.av-160fx-b03e4eb33a8ca7001f5204445434dafb .avia_textblock{\nfont-size:22px;\ncolor:#000000;\n}\n<\/style>\n<section  class='av_textblock_section av-160fx-b03e4eb33a8ca7001f5204445434dafb '   itemscope=\"itemscope\" itemtype=\"https:\/\/schema.org\/CreativeWork\" ><div class='avia_textblock av_inherit_color'  itemprop=\"text\" ><h2 style=\"text-align: center;\">Collection Climb Well &#8211; Prises d\u2019escalade pour enfants<\/h2>\n<\/div><\/section><\/div>\n<style type=\"text\/css\" data-created_by=\"avia_inline_auto\" id=\"style-css-av-jztpec2u-c385e077073faf4850af89a5da8382d3\">\n#top .hr.hr-invisible.av-jztpec2u-c385e077073faf4850af89a5da8382d3{\nheight:20px;\n}\n<\/style>\n<div  class='hr av-jztpec2u-c385e077073faf4850af89a5da8382d3 hr-invisible  avia-builder-el-8  el_after_av_one_full  el_before_av_slideshow '><span class='hr-inner '><span class=\"hr-inner-style\"><\/span><\/span><\/div><\/p>\n<div  class='avia-slideshow av-k8sqm0x1-71f570dfa3a86af7e6557cf41e87d7ef avia-slideshow-extra_large av_slideshow avia-slide-slider  avia-builder-el-9  el_after_av_hr  el_before_av_hr  av-slideshow-ui av-control-default av-slideshow-manual av-loop-once av-loop-manual-endless av-default-height-applied avia-slideshow-1' data-slideshow-options=\"{&quot;animation&quot;:&quot;slide&quot;,&quot;autoplay&quot;:false,&quot;loop_autoplay&quot;:&quot;once&quot;,&quot;interval&quot;:5,&quot;loop_manual&quot;:&quot;manual-endless&quot;,&quot;autoplay_stopper&quot;:false,&quot;noNavigation&quot;:false,&quot;bg_slider&quot;:false,&quot;keep_padding&quot;:false,&quot;hoverpause&quot;:false,&quot;show_slide_delay&quot;:0}\"  itemprop=\"image\" itemscope=\"itemscope\" itemtype=\"https:\/\/schema.org\/ImageObject\" ><ul class='avia-slideshow-inner ' style='padding-bottom: 66.533333333333%;'><li  class='avia-slideshow-slide av-k8sqm0x1-71f570dfa3a86af7e6557cf41e87d7ef__0  slide-1 slide-odd'><div data-rel='slideshow-1' class='avia-slide-wrap '   ><div class='av-slideshow-caption av-k8sqm0x1-71f570dfa3a86af7e6557cf41e87d7ef__0 avia-caption'><div class=\"avia-inner-caption\"><h2 class='avia-caption-title '  itemprop=\"name\" >Climb Well<\/h2><div class='avia-caption-content '  itemprop=\"description\" ><p>Amforas<\/p>\n<\/div><\/div><\/div><img src='https:\/\/citywall.eu\/wp-content\/uploads\/2020\/04\/Amforas-6-1500x998.jpg' width='1500' height='998' title='Amforas 6' alt=''  itemprop=\"thumbnailUrl\"   \/><\/div><\/li><li  class='avia-slideshow-slide av-k8sqm0x1-71f570dfa3a86af7e6557cf41e87d7ef__1  slide-2 slide-even'><div data-rel='slideshow-1' class='avia-slide-wrap '   ><div class='av-slideshow-caption av-k8sqm0x1-71f570dfa3a86af7e6557cf41e87d7ef__1 avia-caption'><div class=\"avia-inner-caption\"><h2 class='avia-caption-title '  itemprop=\"name\" >Climb Well<\/h2><div class='avia-caption-content '  itemprop=\"description\" ><p>Coffee jugs<\/p>\n<\/div><\/div><\/div><img src='https:\/\/citywall.eu\/wp-content\/uploads\/2020\/04\/Coffee-jugs-5-1500x998.jpg' width='1500' height='998' title='Coffee jugs 5' alt=''  itemprop=\"thumbnailUrl\"   \/><\/div><\/li><li  class='avia-slideshow-slide av-k8sqm0x1-71f570dfa3a86af7e6557cf41e87d7ef__2  slide-3 slide-odd'><div data-rel='slideshow-1' class='avia-slide-wrap '   ><div class='av-slideshow-caption av-k8sqm0x1-71f570dfa3a86af7e6557cf41e87d7ef__2 avia-caption'><div class=\"avia-inner-caption\"><h2 class='avia-caption-title '  itemprop=\"name\" >Climb Well<\/h2><div class='avia-caption-content '  itemprop=\"description\" ><p>Happy Vehicles<\/p>\n<\/div><\/div><\/div><img src='https:\/\/citywall.eu\/wp-content\/uploads\/2020\/04\/Happy-vehicles-1-1500x998.jpg' width='1500' height='998' title='Happy vehicles 1' alt=''  itemprop=\"thumbnailUrl\"   \/><\/div><\/li><li  class='avia-slideshow-slide av-k8sqm0x1-71f570dfa3a86af7e6557cf41e87d7ef__3  slide-4 slide-even'><div data-rel='slideshow-1' class='avia-slide-wrap '   ><div class='av-slideshow-caption av-k8sqm0x1-71f570dfa3a86af7e6557cf41e87d7ef__3 avia-caption'><div class=\"avia-inner-caption\"><h2 class='avia-caption-title '  itemprop=\"name\" >Climb Well<\/h2><div class='avia-caption-content '  itemprop=\"description\" ><p>Mushroom<\/p>\n<\/div><\/div><\/div><img src='https:\/\/citywall.eu\/wp-content\/uploads\/2020\/04\/Mushroom-7-1500x998.jpg' width='1500' height='998' title='Mushroom 7' alt=''  itemprop=\"thumbnailUrl\"   \/><\/div><\/li><\/ul><div class='avia-slideshow-arrows avia-slideshow-controls' ><a href='#prev' class='prev-slide ' aria-hidden='true' data-av_icon='\ue87c' data-av_iconfont='entypo-fontello'  tabindex='-1'>Pr\u00e9c\u00e9dent<\/a><a href='#next' class='next-slide ' aria-hidden='true' data-av_icon='\ue87d' data-av_iconfont='entypo-fontello'  tabindex='-1'>Suivant<\/a><\/div><div class='avia-slideshow-dots avia-slideshow-controls'><a href='#1' class='goto-slide active' >1<\/a><a href='#2' class='goto-slide ' >2<\/a><a href='#3' class='goto-slide ' >3<\/a><a href='#4' class='goto-slide ' >4<\/a><\/div><\/div>\n\n<style type=\"text\/css\" data-created_by=\"avia_inline_auto\" id=\"style-css-av-jztpec2u-3dc2df37299015e4287e3ef4bb6b1069\">\n#top .hr.hr-invisible.av-jztpec2u-3dc2df37299015e4287e3ef4bb6b1069{\nheight:50px;\n}\n<\/style>\n<div  class='hr av-jztpec2u-3dc2df37299015e4287e3ef4bb6b1069 hr-invisible  avia-builder-el-10  el_after_av_slideshow  el_before_av_one_full '><span class='hr-inner '><span class=\"hr-inner-style\"><\/span><\/span><\/div>\n\n<style type=\"text\/css\" data-created_by=\"avia_inline_auto\" id=\"style-css-av-pawd-ca3c9eed0b00d3af6dbf251f79a379b3\">\n.flex_column.av-pawd-ca3c9eed0b00d3af6dbf251f79a379b3{\n-webkit-border-radius:0px 0px 0px 0px;\n-moz-border-radius:0px 0px 0px 0px;\nborder-radius:0px 0px 0px 0px;\npadding:0px 0px 0px 0px;\n}\n<\/style>\n<div  class='flex_column av-pawd-ca3c9eed0b00d3af6dbf251f79a379b3 av_one_full  avia-builder-el-11  el_after_av_hr  el_before_av_section  avia-builder-el-last  first flex_column_div av-zero-column-padding  '     ><p>\n<style type=\"text\/css\" data-created_by=\"avia_inline_auto\" id=\"style-css-av-m12atm9d-956ae580dce2e142ce52120ad963fbd8\">\n.avia-image-container.av-m12atm9d-956ae580dce2e142ce52120ad963fbd8 img.avia_image{\n-webkit-box-shadow:none;\n-moz-box-shadow:none;\nbox-shadow:none;\n}\n.avia-image-container.av-m12atm9d-956ae580dce2e142ce52120ad963fbd8 .av-image-caption-overlay-center{\ncolor:#ffffff;\n}\n<\/style>\n<div  class='avia-image-container av-m12atm9d-956ae580dce2e142ce52120ad963fbd8 av-styling- av-hover-grow av-img-linked avia-align-center  avia-builder-el-12  el_before_av_textblock  avia-builder-el-first '   itemprop=\"image\" itemscope=\"itemscope\" itemtype=\"https:\/\/schema.org\/ImageObject\" ><div class=\"avia-image-container-inner\"><div class=\"avia-image-overlay-wrap\"><a href=\"https:\/\/climbinggymheaven.com\/kids\/\" class='avia_image '  aria-label='logo cgh'><img class='avia_image ' src='https:\/\/citywall.eu\/wp-content\/uploads\/2021\/09\/logo-cgh-300x187.jpg' alt='' title='logo cgh'  height=\"187\" width=\"300\"  itemprop=\"thumbnailUrl\"  \/><\/a><\/div><\/div><\/div><br \/>\n\n<style type=\"text\/css\" data-created_by=\"avia_inline_auto\" id=\"style-css-av-160fx-f236b94e839d8b67eb303fda4ab7972f\">\n#top .av_textblock_section.av-160fx-f236b94e839d8b67eb303fda4ab7972f .avia_textblock{\nfont-size:26px;\ncolor:#000000;\n}\n<\/style>\n<section  class='av_textblock_section av-160fx-f236b94e839d8b67eb303fda4ab7972f '   itemscope=\"itemscope\" itemtype=\"https:\/\/schema.org\/CreativeWork\" ><div class='avia_textblock av_inherit_color'  itemprop=\"text\" ><h3 style=\"text-align: center;\"><span style=\"color: #000000;\">Pour en savoir plus sur nos prises et notre \u00e9quipement d\u2019escalade pour enfants, visitez: <strong><a style=\"color: #000000;\" href=\"https:\/\/climbinggymheaven.com\/kids\/\">Climbinggymheaven.com<\/a><\/strong>.<\/span><\/h3>\n<\/div><\/section><\/p><\/div><\/div><\/div><\/div><!-- close content main div --><\/div><\/div>\n<style type=\"text\/css\" data-created_by=\"avia_inline_auto\" id=\"style-css-av-hevfp-c93325e283bff971df2bc092b1ea73a1\">\n.avia-section.av-hevfp-c93325e283bff971df2bc092b1ea73a1{\nbackground-repeat:repeat;\nbackground-image:url(https:\/\/citywall.eu\/wp-content\/uploads\/2019\/08\/ozadje-ikone_04.jpg);\nbackground-position:50% 0%;\nbackground-attachment:scroll;\n}\n<\/style>\n<div id='av_section_2'  class='avia-section av-hevfp-c93325e283bff971df2bc092b1ea73a1 main_color avia-section-default avia-no-border-styling  avia-builder-el-14  el_after_av_one_full  avia-builder-el-last  avia-bg-style-scroll container_wrap fullsize'  data-section-bg-repeat='repeat'><div class='container av-section-cont-open' ><div class='template-page content  av-content-full alpha units'><div class='post-entry post-entry-type-page post-entry-14689'><div class='entry-content-wrapper clearfix'>\n\n<style type=\"text\/css\" data-created_by=\"avia_inline_auto\" id=\"style-css-av-jztpec2u-3dc2df37299015e4287e3ef4bb6b1069\">\n#top .hr.hr-invisible.av-jztpec2u-3dc2df37299015e4287e3ef4bb6b1069{\nheight:50px;\n}\n<\/style>\n<div  class='hr av-jztpec2u-3dc2df37299015e4287e3ef4bb6b1069 hr-invisible  avia-builder-el-15  avia-builder-el-no-sibling '><span class='hr-inner '><span class=\"hr-inner-style\"><\/span><\/span><\/div>\n<\/p>\n","protected":false},"excerpt":{"rendered":"","protected":false},"author":2,"featured_media":0,"parent":0,"menu_order":0,"comment_status":"closed","ping_status":"closed","template":"","meta":{"inline_featured_image":false,"footnotes":""},"class_list":["post-14689","page","type-page","status-publish","hentry"],"acf":[],"yoast_head":"<!-- This site is optimized with the Yoast SEO plugin v27.3 - https:\/\/yoast.com\/product\/yoast-seo-wordpress\/ -->\n<title>Holds for kids - Citywall.eu<\/title>\n<meta name=\"robots\" content=\"index, follow, max-snippet:-1, max-image-preview:large, max-video-preview:-1\" \/>\n<link rel=\"canonical\" href=\"https:\/\/citywall.eu\/fr\/holds-for-kids\/\" \/>\n<meta property=\"og:locale\" content=\"fr_FR\" \/>\n<meta property=\"og:type\" content=\"article\" \/>\n<meta property=\"og:title\" content=\"Holds for kids - Citywall.eu\" \/>\n<meta property=\"og:url\" content=\"https:\/\/citywall.eu\/fr\/holds-for-kids\/\" \/>\n<meta property=\"og:site_name\" content=\"Citywall.eu\" \/>\n<meta property=\"article:modified_time\" content=\"2025-04-22T13:58:46+00:00\" \/>\n<meta name=\"twitter:card\" content=\"summary_large_image\" \/>\n<meta name=\"twitter:label1\" content=\"Dur\u00e9e de lecture estim\u00e9e\" \/>\n\t<meta name=\"twitter:data1\" content=\"2 minutes\" \/>\n<script type=\"application\/ld+json\" class=\"yoast-schema-graph\">{\"@context\":\"https:\\\/\\\/schema.org\",\"@graph\":[{\"@type\":\"WebPage\",\"@id\":\"https:\\\/\\\/citywall.eu\\\/fr\\\/holds-for-kids\\\/\",\"url\":\"https:\\\/\\\/citywall.eu\\\/fr\\\/holds-for-kids\\\/\",\"name\":\"Holds for kids - Citywall.eu\",\"isPartOf\":{\"@id\":\"https:\\\/\\\/citywall.eu\\\/fr\\\/#website\"},\"datePublished\":\"2019-08-23T11:51:18+00:00\",\"dateModified\":\"2025-04-22T13:58:46+00:00\",\"breadcrumb\":{\"@id\":\"https:\\\/\\\/citywall.eu\\\/fr\\\/holds-for-kids\\\/#breadcrumb\"},\"inLanguage\":\"fr-FR\",\"potentialAction\":[{\"@type\":\"ReadAction\",\"target\":[\"https:\\\/\\\/citywall.eu\\\/fr\\\/holds-for-kids\\\/\"]}]},{\"@type\":\"BreadcrumbList\",\"@id\":\"https:\\\/\\\/citywall.eu\\\/fr\\\/holds-for-kids\\\/#breadcrumb\",\"itemListElement\":[{\"@type\":\"ListItem\",\"position\":1,\"name\":\"Home\",\"item\":\"https:\\\/\\\/citywall.eu\\\/fr\\\/\"},{\"@type\":\"ListItem\",\"position\":2,\"name\":\"Holds for kids\"}]},{\"@type\":\"WebSite\",\"@id\":\"https:\\\/\\\/citywall.eu\\\/fr\\\/#website\",\"url\":\"https:\\\/\\\/citywall.eu\\\/fr\\\/\",\"name\":\"Citywall.eu\",\"description\":\"Climbing Walls Manufacturer\",\"potentialAction\":[{\"@type\":\"SearchAction\",\"target\":{\"@type\":\"EntryPoint\",\"urlTemplate\":\"https:\\\/\\\/citywall.eu\\\/fr\\\/?s={search_term_string}\"},\"query-input\":{\"@type\":\"PropertyValueSpecification\",\"valueRequired\":true,\"valueName\":\"search_term_string\"}}],\"inLanguage\":\"fr-FR\"}]}<\/script>\n<!-- \/ Yoast SEO plugin. -->","yoast_head_json":{"title":"Holds for kids - Citywall.eu","robots":{"index":"index","follow":"follow","max-snippet":"max-snippet:-1","max-image-preview":"max-image-preview:large","max-video-preview":"max-video-preview:-1"},"canonical":"https:\/\/citywall.eu\/fr\/holds-for-kids\/","og_locale":"fr_FR","og_type":"article","og_title":"Holds for kids - Citywall.eu","og_url":"https:\/\/citywall.eu\/fr\/holds-for-kids\/","og_site_name":"Citywall.eu","article_modified_time":"2025-04-22T13:58:46+00:00","twitter_card":"summary_large_image","twitter_misc":{"Dur\u00e9e de lecture estim\u00e9e":"2 minutes"},"schema":{"@context":"https:\/\/schema.org","@graph":[{"@type":"WebPage","@id":"https:\/\/citywall.eu\/fr\/holds-for-kids\/","url":"https:\/\/citywall.eu\/fr\/holds-for-kids\/","name":"Holds for kids - Citywall.eu","isPartOf":{"@id":"https:\/\/citywall.eu\/fr\/#website"},"datePublished":"2019-08-23T11:51:18+00:00","dateModified":"2025-04-22T13:58:46+00:00","breadcrumb":{"@id":"https:\/\/citywall.eu\/fr\/holds-for-kids\/#breadcrumb"},"inLanguage":"fr-FR","potentialAction":[{"@type":"ReadAction","target":["https:\/\/citywall.eu\/fr\/holds-for-kids\/"]}]},{"@type":"BreadcrumbList","@id":"https:\/\/citywall.eu\/fr\/holds-for-kids\/#breadcrumb","itemListElement":[{"@type":"ListItem","position":1,"name":"Home","item":"https:\/\/citywall.eu\/fr\/"},{"@type":"ListItem","position":2,"name":"Holds for kids"}]},{"@type":"WebSite","@id":"https:\/\/citywall.eu\/fr\/#website","url":"https:\/\/citywall.eu\/fr\/","name":"Citywall.eu","description":"Climbing Walls Manufacturer","potentialAction":[{"@type":"SearchAction","target":{"@type":"EntryPoint","urlTemplate":"https:\/\/citywall.eu\/fr\/?s={search_term_string}"},"query-input":{"@type":"PropertyValueSpecification","valueRequired":true,"valueName":"search_term_string"}}],"inLanguage":"fr-FR"}]}},"_links":{"self":[{"href":"https:\/\/citywall.eu\/fr\/wp-json\/wp\/v2\/pages\/14689","targetHints":{"allow":["GET"]}}],"collection":[{"href":"https:\/\/citywall.eu\/fr\/wp-json\/wp\/v2\/pages"}],"about":[{"href":"https:\/\/citywall.eu\/fr\/wp-json\/wp\/v2\/types\/page"}],"author":[{"embeddable":true,"href":"https:\/\/citywall.eu\/fr\/wp-json\/wp\/v2\/users\/2"}],"replies":[{"embeddable":true,"href":"https:\/\/citywall.eu\/fr\/wp-json\/wp\/v2\/comments?post=14689"}],"version-history":[{"count":0,"href":"https:\/\/citywall.eu\/fr\/wp-json\/wp\/v2\/pages\/14689\/revisions"}],"wp:attachment":[{"href":"https:\/\/citywall.eu\/fr\/wp-json\/wp\/v2\/media?parent=14689"}],"curies":[{"name":"wp","href":"https:\/\/api.w.org\/{rel}","templated":true}]}}