{"id":14766,"date":"2019-08-26T06:52:53","date_gmt":"2019-08-26T06:52:53","guid":{"rendered":"http:\/\/citywall.eu\/technical-specification\/"},"modified":"2025-04-22T08:24:56","modified_gmt":"2025-04-22T08:24:56","slug":"technical-specification","status":"publish","type":"page","link":"https:\/\/citywall.eu\/fr\/technical-specification\/","title":{"rendered":"Technical specification"},"content":{"rendered":"\n<style type=\"text\/css\" data-created_by=\"avia_inline_auto\" id=\"style-css-av-kzmjptlx-afecffd3c40db7cad244fac99a2ce356\">\n.avia-section.av-kzmjptlx-afecffd3c40db7cad244fac99a2ce356{\nbackground-repeat:no-repeat;\nbackground-image:url(https:\/\/citywall.eu\/wp-content\/uploads\/2021\/04\/Montaza-Beljak-17-1500x630.jpg);\nbackground-position:50% 50%;\nbackground-attachment:fixed;\n}\n.avia-section.av-kzmjptlx-afecffd3c40db7cad244fac99a2ce356 .av-section-color-overlay{\nopacity:0.5;\nbackground-color:#1c75bc;\n}\n<\/style>\n<div id='av_section_1'  class='avia-section av-kzmjptlx-afecffd3c40db7cad244fac99a2ce356 main_color avia-section-default avia-no-border-styling  avia-builder-el-0  el_before_av_hr  avia-builder-el-first  avia-full-stretch avia-bg-style-fixed av-section-color-overlay-active av-minimum-height av-minimum-height-custom av-height-custom  container_wrap fullsize'  data-section-bg-repeat='stretch' data-av_minimum_height_px='500'><div class=\"av-section-color-overlay-wrap\"><div class=\"av-section-color-overlay\"><\/div><div class='container av-section-cont-open' style='height:500px'><main  role=\"main\" itemprop=\"mainContentOfPage\"  class='template-page content  av-content-full alpha units'><div class='post-entry post-entry-type-page post-entry-14766'><div class='entry-content-wrapper clearfix'>\n\n<style type=\"text\/css\" data-created_by=\"avia_inline_auto\" id=\"style-css-av-kzmjq8fe-91f1fe0a40560d6232ab4080dc309f75\">\n#top .av_textblock_section.av-kzmjq8fe-91f1fe0a40560d6232ab4080dc309f75 .avia_textblock{\ncolor:#ffffff;\n}\n<\/style>\n<section  class='av_textblock_section av-kzmjq8fe-91f1fe0a40560d6232ab4080dc309f75 '   itemscope=\"itemscope\" itemtype=\"https:\/\/schema.org\/CreativeWork\" ><div class='avia_textblock av_inherit_color'  itemprop=\"text\" ><h1 style=\"text-align: center;\">Sp\u00e9cifications techniques<\/h1>\n<\/div><\/section>\n<\/div><\/div><\/main><!-- close content main element --><\/div><\/div><\/div><div id='after_section_1'  class='main_color av_default_container_wrap container_wrap fullsize'  ><div class='container av-section-cont-open' ><div class='template-page content  av-content-full alpha units'><div class='post-entry post-entry-type-page post-entry-14766'><div class='entry-content-wrapper clearfix'>\n<style type=\"text\/css\" data-created_by=\"avia_inline_auto\" id=\"style-css-av-jzxzjeb7-f88e8ff889a71abb1ce334634df65813\">\n#top .hr.hr-invisible.av-jzxzjeb7-f88e8ff889a71abb1ce334634df65813{\nheight:100px;\n}\n<\/style>\n<div  class='hr av-jzxzjeb7-f88e8ff889a71abb1ce334634df65813 hr-invisible  avia-builder-el-2  el_after_av_section  el_before_av_one_third  avia-builder-el-first '><span class='hr-inner '><span class=\"hr-inner-style\"><\/span><\/span><\/div><\/p>\n\n<style type=\"text\/css\" data-created_by=\"avia_inline_auto\" id=\"style-css-av-28few-0b35d39ec72e7b552050f79cfa48d5b0\">\n.flex_column.av-28few-0b35d39ec72e7b552050f79cfa48d5b0{\n-webkit-border-radius:0px 0px 0px 0px;\n-moz-border-radius:0px 0px 0px 0px;\nborder-radius:0px 0px 0px 0px;\npadding:0px 0px 0px 0px;\n}\n<\/style>\n<div  class='flex_column av-28few-0b35d39ec72e7b552050f79cfa48d5b0 av_one_third  avia-builder-el-3  el_after_av_hr  el_before_av_one_third  first flex_column_div av-zero-column-padding avia-link-column av-column-link  '    data-link-column-url=\"https:\/\/citywall.eu\/materials-safety-and-certificates\/\"   ><a class=\"av-screen-reader-only\" href=https:\/\/citywall.eu\/materials-safety-and-certificates\/ >Lier vers : Materials, Safety and Certifications<\/a><p>\n<style type=\"text\/css\" data-created_by=\"avia_inline_auto\" id=\"style-css-av-jzlaxabs-8f4b7a15484936e82f1764574f8990be\">\n.avia-image-container.av-jzlaxabs-8f4b7a15484936e82f1764574f8990be img.avia_image{\n-webkit-box-shadow:none;\n-moz-box-shadow:none;\nbox-shadow:none;\n}\n.avia-image-container.av-jzlaxabs-8f4b7a15484936e82f1764574f8990be .av-image-caption-overlay-center{\ncolor:#ffffff;\n}\n<\/style>\n<div  class='avia-image-container av-jzlaxabs-8f4b7a15484936e82f1764574f8990be av-styling- av-hover-grow avia-align-center  avia-builder-el-4  el_before_av_heading  avia-builder-el-first '   itemprop=\"image\" itemscope=\"itemscope\" itemtype=\"https:\/\/schema.org\/ImageObject\" ><div class=\"avia-image-container-inner\"><div class=\"avia-image-overlay-wrap\"><img class='avia_image ' src='https:\/\/citywall.eu\/wp-content\/uploads\/2019\/08\/Ikone_material.png' alt='' title='Ikone_material'  height=\"129\" width=\"111\"  itemprop=\"thumbnailUrl\"  \/><\/div><\/div><\/div><br \/>\n\n<style type=\"text\/css\" data-created_by=\"avia_inline_auto\" id=\"style-css-av-m13url94-f23879945f7f316591db4e3e51be0352\">\n#top .av-special-heading.av-m13url94-f23879945f7f316591db4e3e51be0352{\npadding-bottom:10px;\n}\nbody .av-special-heading.av-m13url94-f23879945f7f316591db4e3e51be0352 .av-special-heading-tag .heading-char{\nfont-size:25px;\n}\n.av-special-heading.av-m13url94-f23879945f7f316591db4e3e51be0352 .av-subheading{\nfont-size:15px;\n}\n<\/style>\n<div  class='av-special-heading av-m13url94-f23879945f7f316591db4e3e51be0352 av-special-heading-h3 blockquote modern-quote modern-centered  avia-builder-el-5  el_after_av_image  avia-builder-el-last  av-linked-heading'><h3 class='av-special-heading-tag '  itemprop=\"headline\"  >Mat\u00e9riaux, s\u00e9curit\u00e9 et certifications<\/h3><div class='av-subheading av-subheading_below'><p>D\u00e9couvrez les mat\u00e9riaux de haute qualit\u00e9 que nous utilisons, notre engagement envers la s\u00e9curit\u00e9 et les certifications qui garantissent la conformit\u00e9 de nos produits.<\/p>\n<\/div><div class=\"special-heading-border\"><div class=\"special-heading-inner-border\"><\/div><\/div><\/div><\/p><\/div>\n<style type=\"text\/css\" data-created_by=\"avia_inline_auto\" id=\"style-css-av-85l0w-b897d157c2f1943c5edfcd803a7eb195\">\n.flex_column.av-85l0w-b897d157c2f1943c5edfcd803a7eb195{\n-webkit-border-radius:0px 0px 0px 0px;\n-moz-border-radius:0px 0px 0px 0px;\nborder-radius:0px 0px 0px 0px;\npadding:0px 0px 0px 0px;\n}\n<\/style>\n<div  class='flex_column av-85l0w-b897d157c2f1943c5edfcd803a7eb195 av_one_third  avia-builder-el-6  el_after_av_one_third  el_before_av_one_third  flex_column_div av-zero-column-padding avia-link-column av-column-link  '    data-link-column-url=\"https:\/\/citywall.eu\/ordering-process\/\"   ><a class=\"av-screen-reader-only\" href=https:\/\/citywall.eu\/ordering-process\/ >Lier vers : Ordering Process<\/a><p>\n<style type=\"text\/css\" data-created_by=\"avia_inline_auto\" id=\"style-css-av-jzlaxabs-5508b14d19d986a0a71fa3691c3decd7\">\n.avia-image-container.av-jzlaxabs-5508b14d19d986a0a71fa3691c3decd7 img.avia_image{\n-webkit-box-shadow:none;\n-moz-box-shadow:none;\nbox-shadow:none;\n}\n.avia-image-container.av-jzlaxabs-5508b14d19d986a0a71fa3691c3decd7 .av-image-caption-overlay-center{\ncolor:#ffffff;\n}\n<\/style>\n<div  class='avia-image-container av-jzlaxabs-5508b14d19d986a0a71fa3691c3decd7 av-styling- av-hover-grow avia-align-center  avia-builder-el-7  el_before_av_heading  avia-builder-el-first '   itemprop=\"image\" itemscope=\"itemscope\" itemtype=\"https:\/\/schema.org\/ImageObject\" ><div class=\"avia-image-container-inner\"><div class=\"avia-image-overlay-wrap\"><img class='avia_image ' src='https:\/\/citywall.eu\/wp-content\/uploads\/2019\/08\/Ikona_supply.png' alt='' title='Ikona_supply'  height=\"129\" width=\"111\"  itemprop=\"thumbnailUrl\"  \/><\/div><\/div><\/div><br \/>\n\n<style type=\"text\/css\" data-created_by=\"avia_inline_auto\" id=\"style-css-av-m13us25d-b53a56709dc6d287d9740162fa795295\">\n#top .av-special-heading.av-m13us25d-b53a56709dc6d287d9740162fa795295{\npadding-bottom:10px;\n}\nbody .av-special-heading.av-m13us25d-b53a56709dc6d287d9740162fa795295 .av-special-heading-tag .heading-char{\nfont-size:25px;\n}\n.av-special-heading.av-m13us25d-b53a56709dc6d287d9740162fa795295 .av-subheading{\nfont-size:15px;\n}\n<\/style>\n<div  class='av-special-heading av-m13us25d-b53a56709dc6d287d9740162fa795295 av-special-heading-h3 blockquote modern-quote modern-centered  avia-builder-el-8  el_after_av_image  avia-builder-el-last  av-linked-heading'><h3 class='av-special-heading-tag '  itemprop=\"headline\"  >Processus de commande<\/h3><div class='av-subheading av-subheading_below'><p>Suivez ces \u00e9tapes simples pour passer commande et recevoir vos produits d\u2019escalade personnalis\u00e9s.<\/p>\n<\/div><div class=\"special-heading-border\"><div class=\"special-heading-inner-border\"><\/div><\/div><\/div><\/p><\/div>\n<style type=\"text\/css\" data-created_by=\"avia_inline_auto\" id=\"style-css-av-gd9bc-4438a278a42c4b3ff05c0cba36a5407c\">\n.flex_column.av-gd9bc-4438a278a42c4b3ff05c0cba36a5407c{\n-webkit-border-radius:0px 0px 0px 0px;\n-moz-border-radius:0px 0px 0px 0px;\nborder-radius:0px 0px 0px 0px;\npadding:0px 0px 0px 0px;\n}\n<\/style>\n<div  class='flex_column av-gd9bc-4438a278a42c4b3ff05c0cba36a5407c av_one_third  avia-builder-el-9  el_after_av_one_third  el_before_av_hr  flex_column_div av-zero-column-padding avia-link-column av-column-link  '    data-link-column-url=\"https:\/\/citywall.eu\/colors-techincal-information\/\"   ><a class=\"av-screen-reader-only\" href=https:\/\/citywall.eu\/colors-techincal-information\/ >Lier vers : Colors, technical information<\/a><p>\n<style type=\"text\/css\" data-created_by=\"avia_inline_auto\" id=\"style-css-av-jzlaxabs-7da5dffb6775fbce8f99abcac741882d\">\n.avia-image-container.av-jzlaxabs-7da5dffb6775fbce8f99abcac741882d img.avia_image{\n-webkit-box-shadow:none;\n-moz-box-shadow:none;\nbox-shadow:none;\n}\n.avia-image-container.av-jzlaxabs-7da5dffb6775fbce8f99abcac741882d .av-image-caption-overlay-center{\ncolor:#ffffff;\n}\n<\/style>\n<div  class='avia-image-container av-jzlaxabs-7da5dffb6775fbce8f99abcac741882d av-styling- av-hover-grow avia-align-center  avia-builder-el-10  el_before_av_heading  avia-builder-el-first '   itemprop=\"image\" itemscope=\"itemscope\" itemtype=\"https:\/\/schema.org\/ImageObject\" ><div class=\"avia-image-container-inner\"><div class=\"avia-image-overlay-wrap\"><img class='avia_image ' src='https:\/\/citywall.eu\/wp-content\/uploads\/2019\/08\/Ikone_color.png' alt='' title='Ikone_color'  height=\"129\" width=\"111\"  itemprop=\"thumbnailUrl\"  \/><\/div><\/div><\/div><br \/>\n\n<style type=\"text\/css\" data-created_by=\"avia_inline_auto\" id=\"style-css-av-m13urt5a-b6dcd02af93b37643eb3085ae1dce70b\">\n#top .av-special-heading.av-m13urt5a-b6dcd02af93b37643eb3085ae1dce70b{\npadding-bottom:10px;\n}\nbody .av-special-heading.av-m13urt5a-b6dcd02af93b37643eb3085ae1dce70b .av-special-heading-tag .heading-char{\nfont-size:25px;\n}\n.av-special-heading.av-m13urt5a-b6dcd02af93b37643eb3085ae1dce70b .av-subheading{\nfont-size:15px;\n}\n<\/style>\n<div  class='av-special-heading av-m13urt5a-b6dcd02af93b37643eb3085ae1dce70b av-special-heading-h3 blockquote modern-quote modern-centered  avia-builder-el-11  el_after_av_image  avia-builder-el-last  av-linked-heading'><h3 class='av-special-heading-tag '  itemprop=\"headline\"  >Couleurs et informations techniques<\/h3><div class='av-subheading av-subheading_below'><p>Parcourez les options de couleurs disponibles et consultez les sp\u00e9cifications techniques d\u00e9taill\u00e9es qui d\u00e9finissent nos produits.<\/p>\n<\/div><div class=\"special-heading-border\"><div class=\"special-heading-inner-border\"><\/div><\/div><\/div><\/p><\/div>\n<style type=\"text\/css\" data-created_by=\"avia_inline_auto\" id=\"style-css-av-jzxzjeb7-f88e8ff889a71abb1ce334634df65813\">\n#top .hr.hr-invisible.av-jzxzjeb7-f88e8ff889a71abb1ce334634df65813{\nheight:100px;\n}\n<\/style>\n<div  class='hr av-jzxzjeb7-f88e8ff889a71abb1ce334634df65813 hr-invisible  avia-builder-el-12  el_after_av_one_third  avia-builder-el-last '><span class='hr-inner '><span class=\"hr-inner-style\"><\/span><\/span><\/div><\/p>\n","protected":false},"excerpt":{"rendered":"","protected":false},"author":2,"featured_media":0,"parent":0,"menu_order":0,"comment_status":"closed","ping_status":"closed","template":"","meta":{"inline_featured_image":false,"footnotes":""},"class_list":["post-14766","page","type-page","status-publish","hentry"],"acf":[],"yoast_head":"<!-- This site is optimized with the Yoast SEO plugin v27.3 - https:\/\/yoast.com\/product\/yoast-seo-wordpress\/ -->\n<title>Technical specification - Citywall.eu<\/title>\n<meta name=\"robots\" content=\"index, follow, max-snippet:-1, max-image-preview:large, max-video-preview:-1\" \/>\n<link rel=\"canonical\" href=\"https:\/\/citywall.eu\/fr\/technical-specification\/\" \/>\n<meta property=\"og:locale\" content=\"fr_FR\" \/>\n<meta property=\"og:type\" content=\"article\" \/>\n<meta property=\"og:title\" content=\"Technical specification - Citywall.eu\" \/>\n<meta property=\"og:url\" content=\"https:\/\/citywall.eu\/fr\/technical-specification\/\" \/>\n<meta property=\"og:site_name\" content=\"Citywall.eu\" \/>\n<meta property=\"article:modified_time\" content=\"2025-04-22T08:24:56+00:00\" \/>\n<meta name=\"twitter:card\" content=\"summary_large_image\" \/>\n<meta name=\"twitter:label1\" content=\"Dur\u00e9e de lecture estim\u00e9e\" \/>\n\t<meta name=\"twitter:data1\" content=\"1 minute\" \/>\n<script type=\"application\/ld+json\" class=\"yoast-schema-graph\">{\"@context\":\"https:\\\/\\\/schema.org\",\"@graph\":[{\"@type\":\"WebPage\",\"@id\":\"https:\\\/\\\/citywall.eu\\\/fr\\\/technical-specification\\\/\",\"url\":\"https:\\\/\\\/citywall.eu\\\/fr\\\/technical-specification\\\/\",\"name\":\"Technical specification - Citywall.eu\",\"isPartOf\":{\"@id\":\"https:\\\/\\\/citywall.eu\\\/fr\\\/#website\"},\"datePublished\":\"2019-08-26T06:52:53+00:00\",\"dateModified\":\"2025-04-22T08:24:56+00:00\",\"breadcrumb\":{\"@id\":\"https:\\\/\\\/citywall.eu\\\/fr\\\/technical-specification\\\/#breadcrumb\"},\"inLanguage\":\"fr-FR\",\"potentialAction\":[{\"@type\":\"ReadAction\",\"target\":[\"https:\\\/\\\/citywall.eu\\\/fr\\\/technical-specification\\\/\"]}]},{\"@type\":\"BreadcrumbList\",\"@id\":\"https:\\\/\\\/citywall.eu\\\/fr\\\/technical-specification\\\/#breadcrumb\",\"itemListElement\":[{\"@type\":\"ListItem\",\"position\":1,\"name\":\"Home\",\"item\":\"https:\\\/\\\/citywall.eu\\\/fr\\\/homepage\\\/\"},{\"@type\":\"ListItem\",\"position\":2,\"name\":\"Technical specification\"}]},{\"@type\":\"WebSite\",\"@id\":\"https:\\\/\\\/citywall.eu\\\/fr\\\/#website\",\"url\":\"https:\\\/\\\/citywall.eu\\\/fr\\\/\",\"name\":\"Citywall.eu\",\"description\":\"Climbing Walls Manufacturer\",\"potentialAction\":[{\"@type\":\"SearchAction\",\"target\":{\"@type\":\"EntryPoint\",\"urlTemplate\":\"https:\\\/\\\/citywall.eu\\\/fr\\\/?s={search_term_string}\"},\"query-input\":{\"@type\":\"PropertyValueSpecification\",\"valueRequired\":true,\"valueName\":\"search_term_string\"}}],\"inLanguage\":\"fr-FR\"}]}<\/script>\n<!-- \/ Yoast SEO plugin. -->","yoast_head_json":{"title":"Technical specification - Citywall.eu","robots":{"index":"index","follow":"follow","max-snippet":"max-snippet:-1","max-image-preview":"max-image-preview:large","max-video-preview":"max-video-preview:-1"},"canonical":"https:\/\/citywall.eu\/fr\/technical-specification\/","og_locale":"fr_FR","og_type":"article","og_title":"Technical specification - Citywall.eu","og_url":"https:\/\/citywall.eu\/fr\/technical-specification\/","og_site_name":"Citywall.eu","article_modified_time":"2025-04-22T08:24:56+00:00","twitter_card":"summary_large_image","twitter_misc":{"Dur\u00e9e de lecture estim\u00e9e":"1 minute"},"schema":{"@context":"https:\/\/schema.org","@graph":[{"@type":"WebPage","@id":"https:\/\/citywall.eu\/fr\/technical-specification\/","url":"https:\/\/citywall.eu\/fr\/technical-specification\/","name":"Technical specification - Citywall.eu","isPartOf":{"@id":"https:\/\/citywall.eu\/fr\/#website"},"datePublished":"2019-08-26T06:52:53+00:00","dateModified":"2025-04-22T08:24:56+00:00","breadcrumb":{"@id":"https:\/\/citywall.eu\/fr\/technical-specification\/#breadcrumb"},"inLanguage":"fr-FR","potentialAction":[{"@type":"ReadAction","target":["https:\/\/citywall.eu\/fr\/technical-specification\/"]}]},{"@type":"BreadcrumbList","@id":"https:\/\/citywall.eu\/fr\/technical-specification\/#breadcrumb","itemListElement":[{"@type":"ListItem","position":1,"name":"Home","item":"https:\/\/citywall.eu\/fr\/homepage\/"},{"@type":"ListItem","position":2,"name":"Technical specification"}]},{"@type":"WebSite","@id":"https:\/\/citywall.eu\/fr\/#website","url":"https:\/\/citywall.eu\/fr\/","name":"Citywall.eu","description":"Climbing Walls Manufacturer","potentialAction":[{"@type":"SearchAction","target":{"@type":"EntryPoint","urlTemplate":"https:\/\/citywall.eu\/fr\/?s={search_term_string}"},"query-input":{"@type":"PropertyValueSpecification","valueRequired":true,"valueName":"search_term_string"}}],"inLanguage":"fr-FR"}]}},"_links":{"self":[{"href":"https:\/\/citywall.eu\/fr\/wp-json\/wp\/v2\/pages\/14766","targetHints":{"allow":["GET"]}}],"collection":[{"href":"https:\/\/citywall.eu\/fr\/wp-json\/wp\/v2\/pages"}],"about":[{"href":"https:\/\/citywall.eu\/fr\/wp-json\/wp\/v2\/types\/page"}],"author":[{"embeddable":true,"href":"https:\/\/citywall.eu\/fr\/wp-json\/wp\/v2\/users\/2"}],"replies":[{"embeddable":true,"href":"https:\/\/citywall.eu\/fr\/wp-json\/wp\/v2\/comments?post=14766"}],"version-history":[{"count":0,"href":"https:\/\/citywall.eu\/fr\/wp-json\/wp\/v2\/pages\/14766\/revisions"}],"wp:attachment":[{"href":"https:\/\/citywall.eu\/fr\/wp-json\/wp\/v2\/media?parent=14766"}],"curies":[{"name":"wp","href":"https:\/\/api.w.org\/{rel}","templated":true}]}}