{"id":2792,"date":"2019-08-26T06:43:07","date_gmt":"2019-08-26T06:43:07","guid":{"rendered":"http:\/\/citywall.eu\/tappeti\/"},"modified":"2020-04-15T20:46:00","modified_gmt":"2020-04-15T20:46:00","slug":"tappeti","status":"publish","type":"page","link":"https:\/\/citywall.eu\/it\/tappeti\/","title":{"rendered":"Tappeti"},"content":{"rendered":"\n<style type=\"text\/css\" data-created_by=\"avia_inline_auto\" id=\"style-css-av-jzl895pb-8a3daa415a7759781c45141a58fd5ba8\">\n.avia-section.av-jzl895pb-8a3daa415a7759781c45141a58fd5ba8{\nbackground-repeat:repeat;\nbackground-image:url(https:\/\/citywall.eu\/wp-content\/uploads\/2019\/08\/Naslovna_slika_podstran_climbing-mats.jpg);\nbackground-position:50% 0%;\nbackground-attachment:scroll;\n}\n<\/style>\n<div id='av_section_1'  class='avia-section av-jzl895pb-8a3daa415a7759781c45141a58fd5ba8 main_color avia-section-default avia-no-border-styling  avia-builder-el-0  el_before_av_hr  avia-builder-el-first  avia-bg-style-scroll av-minimum-height av-minimum-height-custom av-height-custom  container_wrap fullsize'  data-section-bg-repeat='repeat' data-av_minimum_height_px='500'><div class='container av-section-cont-open' style='height:500px'><main  role=\"main\" itemprop=\"mainContentOfPage\"  class='template-page content  av-content-full alpha units'><div class='post-entry post-entry-type-page post-entry-2792'><div class='entry-content-wrapper clearfix'>\n\n<style type=\"text\/css\" data-created_by=\"avia_inline_auto\" id=\"style-css-av-k91syz5a-a7f28869e1f316e6fcd764f665b5b5f2\">\n#top .av-special-heading.av-k91syz5a-a7f28869e1f316e6fcd764f665b5b5f2{\npadding-bottom:20px;\ncolor:#ffffff;\nfont-size:60px;\n}\nbody .av-special-heading.av-k91syz5a-a7f28869e1f316e6fcd764f665b5b5f2 .av-special-heading-tag .heading-char{\nfont-size:25px;\n}\n#top #wrap_all .av-special-heading.av-k91syz5a-a7f28869e1f316e6fcd764f665b5b5f2 .av-special-heading-tag{\nfont-size:60px;\n}\n.av-special-heading.av-k91syz5a-a7f28869e1f316e6fcd764f665b5b5f2 .special-heading-inner-border{\nborder-color:#ffffff;\n}\n.av-special-heading.av-k91syz5a-a7f28869e1f316e6fcd764f665b5b5f2 .av-subheading{\nfont-size:15px;\n}\n\n@media only screen and (min-width: 480px) and (max-width: 767px){ \n#top #wrap_all .av-special-heading.av-k91syz5a-a7f28869e1f316e6fcd764f665b5b5f2 .av-special-heading-tag{\nfont-size:0.8em;\n}\n}\n\n@media only screen and (max-width: 479px){ \n#top #wrap_all .av-special-heading.av-k91syz5a-a7f28869e1f316e6fcd764f665b5b5f2 .av-special-heading-tag{\nfont-size:0.8em;\n}\n}\n<\/style>\n<div  class='av-special-heading av-k91syz5a-a7f28869e1f316e6fcd764f665b5b5f2 av-special-heading-h1 custom-color-heading blockquote modern-quote modern-centered  avia-builder-el-1  avia-builder-el-no-sibling  av-inherit-size'><h1 class='av-special-heading-tag '  itemprop=\"headline\"  >Tappeti<\/h1><div class=\"special-heading-border\"><div class=\"special-heading-inner-border\"><\/div><\/div><\/div>\n<\/div><\/div><\/main><!-- close content main element --><\/div><\/div><div id='after_section_1'  class='main_color av_default_container_wrap container_wrap fullsize'  ><div class='container av-section-cont-open' ><div class='template-page content  av-content-full alpha units'><div class='post-entry post-entry-type-page post-entry-2792'><div class='entry-content-wrapper clearfix'>\n<style type=\"text\/css\" data-created_by=\"avia_inline_auto\" id=\"style-css-av-jztw168i-75b7d40b4a02a848bd84c674dd1ae0fd\">\n#top .hr.hr-invisible.av-jztw168i-75b7d40b4a02a848bd84c674dd1ae0fd{\nheight:50px;\n}\n<\/style>\n<div  class='hr av-jztw168i-75b7d40b4a02a848bd84c674dd1ae0fd hr-invisible  avia-builder-el-2  el_after_av_section  el_before_av_slideshow  avia-builder-el-first '><span class='hr-inner '><span class=\"hr-inner-style\"><\/span><\/span><\/div><\/p>\n<div  class='avia-slideshow av-k8tup4if-cd4203578ac0f2e11e2f35960a0bd160 avia-slideshow-large av_slideshow avia-slide-slider  avia-builder-el-3  el_after_av_hr  el_before_av_hr  av-slideshow-ui av-control-default av-slideshow-manual av-loop-once av-loop-manual-endless av-default-height-applied avia-slideshow-1' data-slideshow-options=\"{&quot;animation&quot;:&quot;slide&quot;,&quot;autoplay&quot;:false,&quot;loop_autoplay&quot;:&quot;once&quot;,&quot;interval&quot;:5,&quot;loop_manual&quot;:&quot;manual-endless&quot;,&quot;autoplay_stopper&quot;:false,&quot;noNavigation&quot;:false,&quot;bg_slider&quot;:false,&quot;keep_padding&quot;:false,&quot;hoverpause&quot;:false,&quot;show_slide_delay&quot;:0}\"  itemprop=\"image\" itemscope=\"itemscope\" itemtype=\"https:\/\/schema.org\/ImageObject\" ><ul class='avia-slideshow-inner ' style='padding-bottom: 48.73786407767%;'><li  class='avia-slideshow-slide av-k8tup4if-cd4203578ac0f2e11e2f35960a0bd160__0  av-single-slide slide-1 slide-odd'><div data-rel='slideshow-1' class='avia-slide-wrap '   ><img src='https:\/\/citywall.eu\/wp-content\/uploads\/2020\/04\/Blazine-1030x502.jpg' width='1030' height='502' title='Blazine' alt=''  itemprop=\"thumbnailUrl\"   \/><\/div><\/li><\/ul><\/div>\n\n<style type=\"text\/css\" data-created_by=\"avia_inline_auto\" id=\"style-css-av-jztw168i-75b7d40b4a02a848bd84c674dd1ae0fd\">\n#top .hr.hr-invisible.av-jztw168i-75b7d40b4a02a848bd84c674dd1ae0fd{\nheight:50px;\n}\n<\/style>\n<div  class='hr av-jztw168i-75b7d40b4a02a848bd84c674dd1ae0fd hr-invisible  avia-builder-el-4  el_after_av_slideshow  el_before_av_one_full '><span class='hr-inner '><span class=\"hr-inner-style\"><\/span><\/span><\/div>\n\n<style type=\"text\/css\" data-created_by=\"avia_inline_auto\" id=\"style-css-av-pawd-ca3c9eed0b00d3af6dbf251f79a379b3\">\n.flex_column.av-pawd-ca3c9eed0b00d3af6dbf251f79a379b3{\n-webkit-border-radius:0px 0px 0px 0px;\n-moz-border-radius:0px 0px 0px 0px;\nborder-radius:0px 0px 0px 0px;\npadding:0px 0px 0px 0px;\n}\n<\/style>\n<div  class='flex_column av-pawd-ca3c9eed0b00d3af6dbf251f79a379b3 av_one_full  avia-builder-el-5  el_after_av_hr  el_before_av_hr  first flex_column_div av-zero-column-padding  '     ><style type=\"text\/css\" data-created_by=\"avia_inline_auto\" id=\"style-css-av-160fx-dfaaea763431b676d0e6c3093d63d764\">\n#top .av_textblock_section.av-160fx-dfaaea763431b676d0e6c3093d63d764 .avia_textblock{\nfont-size:22px;\ncolor:#a0a0a0;\n}\n<\/style>\n<section  class='av_textblock_section av-160fx-dfaaea763431b676d0e6c3093d63d764 '   itemscope=\"itemscope\" itemtype=\"https:\/\/schema.org\/CreativeWork\" ><div class='avia_textblock av_inherit_color'  itemprop=\"text\" ><p style=\"text-align: center;\"><em>I tappeti di sicurezza sono una parte essenziale di una palestra d\u2019arrampicata e di centri sportivi. La qualit\u00e0 del tappeti determiner\u00e0 non solo la sicurezza della struttura, ma anche la qualit\u00e0 complessiva dell&#8217;esperienza sportiva. Lascia che gli esperti determinino la densit\u00e0, lo spessore e la composizione del tappeto d\u2019arrampicata, che ti forniranno la soluzione migliore.<\/em><\/p>\n<p style=\"text-align: center;\"><em> \u00a0\u00a0<\/em><\/p>\n<\/div><\/section><\/div>\n<style type=\"text\/css\" data-created_by=\"avia_inline_auto\" id=\"style-css-av-jztw168i-75b7d40b4a02a848bd84c674dd1ae0fd\">\n#top .hr.hr-invisible.av-jztw168i-75b7d40b4a02a848bd84c674dd1ae0fd{\nheight:50px;\n}\n<\/style>\n<div  class='hr av-jztw168i-75b7d40b4a02a848bd84c674dd1ae0fd hr-invisible  avia-builder-el-7  el_after_av_one_full  el_before_av_section  avia-builder-el-last '><span class='hr-inner '><span class=\"hr-inner-style\"><\/span><\/span><\/div><\/p>\n<\/div><\/div><\/div><!-- close content main div --><\/div><\/div>\n<style type=\"text\/css\" data-created_by=\"avia_inline_auto\" id=\"style-css-av-jztw3qa2-743443e04c26cff73552e767ba6d8222\">\n.avia-section.av-jztw3qa2-743443e04c26cff73552e767ba6d8222{\nbackground-repeat:repeat;\nbackground-image:url(https:\/\/citywall.eu\/wp-content\/uploads\/2019\/08\/ozadja_siva_02.jpg);\nbackground-position:50% 0%;\nbackground-attachment:scroll;\n}\n<\/style>\n<div id='av_section_2'  class='avia-section av-jztw3qa2-743443e04c26cff73552e767ba6d8222 main_color avia-section-default avia-no-border-styling  avia-builder-el-8  el_after_av_hr  avia-builder-el-last  avia-bg-style-scroll container_wrap fullsize'  data-section-bg-repeat='repeat'><div class='container av-section-cont-open' ><div class='template-page content  av-content-full alpha units'><div class='post-entry post-entry-type-page post-entry-2792'><div class='entry-content-wrapper clearfix'>\n\n<style type=\"text\/css\" data-created_by=\"avia_inline_auto\" id=\"style-css-av-jztw168i-75b7d40b4a02a848bd84c674dd1ae0fd\">\n#top .hr.hr-invisible.av-jztw168i-75b7d40b4a02a848bd84c674dd1ae0fd{\nheight:50px;\n}\n<\/style>\n<div  class='hr av-jztw168i-75b7d40b4a02a848bd84c674dd1ae0fd hr-invisible  avia-builder-el-9  el_before_av_one_full  avia-builder-el-first '><span class='hr-inner '><span class=\"hr-inner-style\"><\/span><\/span><\/div>\n\n<style type=\"text\/css\" data-created_by=\"avia_inline_auto\" id=\"style-css-av-y2jz-35f22dadf6deaff7fbad455ada4da7d2\">\n.flex_column.av-y2jz-35f22dadf6deaff7fbad455ada4da7d2{\n-webkit-border-radius:0px 0px 0px 0px;\n-moz-border-radius:0px 0px 0px 0px;\nborder-radius:0px 0px 0px 0px;\npadding:0px 0px 0px 0px;\n}\n<\/style>\n<div  class='flex_column av-y2jz-35f22dadf6deaff7fbad455ada4da7d2 av_one_full  avia-builder-el-10  el_after_av_hr  el_before_av_one_third  first flex_column_div av-animated-generic fade-in av-zero-column-padding  '     ><p>\n<style type=\"text\/css\" data-created_by=\"avia_inline_auto\" id=\"style-css-av-jzb0e46q-bfd5290d2b13e807818639f9a9f98862\">\n.avia-image-container.av-jzb0e46q-bfd5290d2b13e807818639f9a9f98862 img.avia_image{\n-webkit-box-shadow:none;\n-moz-box-shadow:none;\nbox-shadow:none;\n}\n.avia-image-container.av-jzb0e46q-bfd5290d2b13e807818639f9a9f98862 .av-image-caption-overlay-center{\ncolor:#ffffff;\n}\n<\/style>\n<div  class='avia-image-container av-jzb0e46q-bfd5290d2b13e807818639f9a9f98862 av-styling- avia-align-center  avia-builder-el-11  el_before_av_heading  avia-builder-el-first '   itemprop=\"image\" itemscope=\"itemscope\" itemtype=\"https:\/\/schema.org\/ImageObject\" ><div class=\"avia-image-container-inner\"><div class=\"avia-image-overlay-wrap\"><img class='avia_image ' src='https:\/\/citywall.eu\/wp-content\/uploads\/2019\/08\/Citywall_HP_D3_03.png' alt='' title='Citywall_HP_D3_03'  height=\"9\" width=\"125\"  itemprop=\"thumbnailUrl\"  \/><\/div><\/div><\/div><br \/>\n\n<style type=\"text\/css\" data-created_by=\"avia_inline_auto\" id=\"style-css-av-k91szn0s-9ce149093d8624dbc99018fb434a16b4\">\n#top .av-special-heading.av-k91szn0s-9ce149093d8624dbc99018fb434a16b4{\npadding-bottom:10px;\nfont-size:30px;\n}\nbody .av-special-heading.av-k91szn0s-9ce149093d8624dbc99018fb434a16b4 .av-special-heading-tag .heading-char{\nfont-size:25px;\n}\n#top #wrap_all .av-special-heading.av-k91szn0s-9ce149093d8624dbc99018fb434a16b4 .av-special-heading-tag{\nfont-size:30px;\n}\n.av-special-heading.av-k91szn0s-9ce149093d8624dbc99018fb434a16b4 .av-subheading{\nfont-size:15px;\n}\n\n@media only screen and (min-width: 480px) and (max-width: 767px){ \n#top #wrap_all .av-special-heading.av-k91szn0s-9ce149093d8624dbc99018fb434a16b4 .av-special-heading-tag{\nfont-size:0.8em;\n}\n}\n\n@media only screen and (max-width: 479px){ \n#top #wrap_all .av-special-heading.av-k91szn0s-9ce149093d8624dbc99018fb434a16b4 .av-special-heading-tag{\nfont-size:0.8em;\n}\n}\n<\/style>\n<div  class='av-special-heading av-k91szn0s-9ce149093d8624dbc99018fb434a16b4 av-special-heading-h1 custom-color-heading blockquote modern-quote modern-centered  avia-builder-el-12  el_after_av_image  avia-builder-el-last  av-inherit-size'><h1 class='av-special-heading-tag '  itemprop=\"headline\"  >Cosa offriamo<\/h1><div class=\"special-heading-border\"><div class=\"special-heading-inner-border\"><\/div><\/div><\/div><\/p><\/div>\n<style type=\"text\/css\" data-created_by=\"avia_inline_auto\" id=\"style-css-av-5j9ed-24f2aa17c3204f479150c6b227fe3ad1\">\n.flex_column.av-5j9ed-24f2aa17c3204f479150c6b227fe3ad1{\n-webkit-border-radius:0px 0px 0px 0px;\n-moz-border-radius:0px 0px 0px 0px;\nborder-radius:0px 0px 0px 0px;\npadding:0px 0px 0px 0px;\n}\n<\/style>\n<div  class='flex_column av-5j9ed-24f2aa17c3204f479150c6b227fe3ad1 av_one_third  avia-builder-el-13  el_after_av_one_full  el_before_av_one_third  first flex_column_div av-animated-generic fade-in av-zero-column-padding  column-top-margin'     ><p>\n<style type=\"text\/css\" data-created_by=\"avia_inline_auto\" id=\"style-css-av-jzlaxabs-7da5dffb6775fbce8f99abcac741882d\">\n.avia-image-container.av-jzlaxabs-7da5dffb6775fbce8f99abcac741882d img.avia_image{\n-webkit-box-shadow:none;\n-moz-box-shadow:none;\nbox-shadow:none;\n}\n.avia-image-container.av-jzlaxabs-7da5dffb6775fbce8f99abcac741882d .av-image-caption-overlay-center{\ncolor:#ffffff;\n}\n<\/style>\n<div  class='avia-image-container av-jzlaxabs-7da5dffb6775fbce8f99abcac741882d av-styling- av-hover-grow avia-align-center  avia-builder-el-14  el_before_av_heading  avia-builder-el-first '   itemprop=\"image\" itemscope=\"itemscope\" itemtype=\"https:\/\/schema.org\/ImageObject\" ><div class=\"avia-image-container-inner\"><div class=\"avia-image-overlay-wrap\"><img class='avia_image ' src='https:\/\/citywall.eu\/wp-content\/uploads\/2019\/08\/Ikone_color.png' alt='' title='Ikone_color'  height=\"129\" width=\"111\"  itemprop=\"thumbnailUrl\"  \/><\/div><\/div><\/div><br \/>\n\n<style type=\"text\/css\" data-created_by=\"avia_inline_auto\" id=\"style-css-av-k91szvz5-1f1ada0e4cf4845dd75e9980096f3f36\">\n#top .av-special-heading.av-k91szvz5-1f1ada0e4cf4845dd75e9980096f3f36{\npadding-bottom:10px;\n}\nbody .av-special-heading.av-k91szvz5-1f1ada0e4cf4845dd75e9980096f3f36 .av-special-heading-tag .heading-char{\nfont-size:25px;\n}\n.av-special-heading.av-k91szvz5-1f1ada0e4cf4845dd75e9980096f3f36 .av-subheading{\nfont-size:15px;\n}\n<\/style>\n<div  class='av-special-heading av-k91szvz5-1f1ada0e4cf4845dd75e9980096f3f36 av-special-heading-h3 blockquote modern-quote modern-centered  avia-builder-el-15  el_after_av_image  avia-builder-el-last '><h3 class='av-special-heading-tag '  itemprop=\"headline\"  >Tappeti rivestiti in PVC<\/h3><div class=\"special-heading-border\"><div class=\"special-heading-inner-border\"><\/div><\/div><\/div><\/p><\/div>\n<style type=\"text\/css\" data-created_by=\"avia_inline_auto\" id=\"style-css-av-5j9ed-111ad4cfb9b231548b70eabbd91aa109\">\n.flex_column.av-5j9ed-111ad4cfb9b231548b70eabbd91aa109{\n-webkit-border-radius:0px 0px 0px 0px;\n-moz-border-radius:0px 0px 0px 0px;\nborder-radius:0px 0px 0px 0px;\npadding:0px 0px 0px 0px;\n}\n<\/style>\n<div  class='flex_column av-5j9ed-111ad4cfb9b231548b70eabbd91aa109 av_one_third  avia-builder-el-16  el_after_av_one_third  el_before_av_one_third  flex_column_div av-animated-generic fade-in av-zero-column-padding  column-top-margin'     ><p>\n<style type=\"text\/css\" data-created_by=\"avia_inline_auto\" id=\"style-css-av-jzlaxabs-7da5dffb6775fbce8f99abcac741882d\">\n.avia-image-container.av-jzlaxabs-7da5dffb6775fbce8f99abcac741882d img.avia_image{\n-webkit-box-shadow:none;\n-moz-box-shadow:none;\nbox-shadow:none;\n}\n.avia-image-container.av-jzlaxabs-7da5dffb6775fbce8f99abcac741882d .av-image-caption-overlay-center{\ncolor:#ffffff;\n}\n<\/style>\n<div  class='avia-image-container av-jzlaxabs-7da5dffb6775fbce8f99abcac741882d av-styling- av-hover-grow avia-align-center  avia-builder-el-17  el_before_av_heading  avia-builder-el-first '   itemprop=\"image\" itemscope=\"itemscope\" itemtype=\"https:\/\/schema.org\/ImageObject\" ><div class=\"avia-image-container-inner\"><div class=\"avia-image-overlay-wrap\"><img class='avia_image ' src='https:\/\/citywall.eu\/wp-content\/uploads\/2019\/08\/Ikone_color.png' alt='' title='Ikone_color'  height=\"129\" width=\"111\"  itemprop=\"thumbnailUrl\"  \/><\/div><\/div><\/div><br \/>\n\n<style type=\"text\/css\" data-created_by=\"avia_inline_auto\" id=\"style-css-av-k91t0278-84f91c823c56b0aa49029d5045f1337d\">\n#top .av-special-heading.av-k91t0278-84f91c823c56b0aa49029d5045f1337d{\npadding-bottom:10px;\n}\nbody .av-special-heading.av-k91t0278-84f91c823c56b0aa49029d5045f1337d .av-special-heading-tag .heading-char{\nfont-size:25px;\n}\n.av-special-heading.av-k91t0278-84f91c823c56b0aa49029d5045f1337d .av-subheading{\nfont-size:15px;\n}\n<\/style>\n<div  class='av-special-heading av-k91t0278-84f91c823c56b0aa49029d5045f1337d av-special-heading-h3 blockquote modern-quote modern-centered  avia-builder-el-18  el_after_av_image  avia-builder-el-last '><h3 class='av-special-heading-tag '  itemprop=\"headline\"  >Tappeti coperti da moquette<\/h3><div class=\"special-heading-border\"><div class=\"special-heading-inner-border\"><\/div><\/div><\/div><\/p><\/div>\n<style type=\"text\/css\" data-created_by=\"avia_inline_auto\" id=\"style-css-av-5j9ed-111ad4cfb9b231548b70eabbd91aa109\">\n.flex_column.av-5j9ed-111ad4cfb9b231548b70eabbd91aa109{\n-webkit-border-radius:0px 0px 0px 0px;\n-moz-border-radius:0px 0px 0px 0px;\nborder-radius:0px 0px 0px 0px;\npadding:0px 0px 0px 0px;\n}\n<\/style>\n<div  class='flex_column av-5j9ed-111ad4cfb9b231548b70eabbd91aa109 av_one_third  avia-builder-el-19  el_after_av_one_third  el_before_av_hr  flex_column_div av-animated-generic fade-in av-zero-column-padding  column-top-margin'     ><p>\n<style type=\"text\/css\" data-created_by=\"avia_inline_auto\" id=\"style-css-av-jzlaxabs-ea7feead4cd57cfe9e1eb74a5111807f\">\n.avia-image-container.av-jzlaxabs-ea7feead4cd57cfe9e1eb74a5111807f img.avia_image{\n-webkit-box-shadow:none;\n-moz-box-shadow:none;\nbox-shadow:none;\n}\n.avia-image-container.av-jzlaxabs-ea7feead4cd57cfe9e1eb74a5111807f .av-image-caption-overlay-center{\ncolor:#ffffff;\n}\n<\/style>\n<div  class='avia-image-container av-jzlaxabs-ea7feead4cd57cfe9e1eb74a5111807f av-styling- av-hover-grow avia-align-center  avia-builder-el-20  el_before_av_heading  avia-builder-el-first '   itemprop=\"image\" itemscope=\"itemscope\" itemtype=\"https:\/\/schema.org\/ImageObject\" ><div class=\"avia-image-container-inner\"><div class=\"avia-image-overlay-wrap\"><img class='avia_image ' src='https:\/\/citywall.eu\/wp-content\/uploads\/2019\/08\/Ikona_customdesign.png' alt='' title='Ikona_customdesign'  height=\"129\" width=\"111\"  itemprop=\"thumbnailUrl\"  \/><\/div><\/div><\/div><br \/>\n\n<style type=\"text\/css\" data-created_by=\"avia_inline_auto\" id=\"style-css-av-k91t08op-6e71e2a2a181f459e83dc03fd82bd778\">\n#top .av-special-heading.av-k91t08op-6e71e2a2a181f459e83dc03fd82bd778{\npadding-bottom:10px;\n}\nbody .av-special-heading.av-k91t08op-6e71e2a2a181f459e83dc03fd82bd778 .av-special-heading-tag .heading-char{\nfont-size:25px;\n}\n.av-special-heading.av-k91t08op-6e71e2a2a181f459e83dc03fd82bd778 .av-subheading{\nfont-size:15px;\n}\n<\/style>\n<div  class='av-special-heading av-k91t08op-6e71e2a2a181f459e83dc03fd82bd778 av-special-heading-h3 blockquote modern-quote modern-centered  avia-builder-el-21  el_after_av_image  avia-builder-el-last '><h3 class='av-special-heading-tag '  itemprop=\"headline\"  >Composizione, densit\u00e0 e spessore diversi, in base alle esigenze<\/h3><div class=\"special-heading-border\"><div class=\"special-heading-inner-border\"><\/div><\/div><\/div><\/p><\/div>\n<style type=\"text\/css\" data-created_by=\"avia_inline_auto\" id=\"style-css-av-jztw168i-75b7d40b4a02a848bd84c674dd1ae0fd\">\n#top .hr.hr-invisible.av-jztw168i-75b7d40b4a02a848bd84c674dd1ae0fd{\nheight:50px;\n}\n<\/style>\n<div  class='hr av-jztw168i-75b7d40b4a02a848bd84c674dd1ae0fd hr-invisible  avia-builder-el-22  el_after_av_one_third  avia-builder-el-last '><span class='hr-inner '><span class=\"hr-inner-style\"><\/span><\/span><\/div>\n\n","protected":false},"excerpt":{"rendered":"","protected":false},"author":2,"featured_media":0,"parent":0,"menu_order":0,"comment_status":"closed","ping_status":"closed","template":"template-blank.php","meta":{"inline_featured_image":false,"footnotes":""},"class_list":["post-2792","page","type-page","status-publish","hentry"],"acf":[],"yoast_head":"<!-- This site is optimized with the Yoast SEO plugin v27.3 - https:\/\/yoast.com\/product\/yoast-seo-wordpress\/ -->\n<title>Tappeti - Citywall.eu<\/title>\n<meta name=\"robots\" content=\"index, follow, max-snippet:-1, max-image-preview:large, max-video-preview:-1\" \/>\n<link rel=\"canonical\" href=\"https:\/\/citywall.eu\/it\/tappeti\/\" \/>\n<meta property=\"og:locale\" content=\"it_IT\" \/>\n<meta property=\"og:type\" content=\"article\" \/>\n<meta property=\"og:title\" content=\"Tappeti - Citywall.eu\" \/>\n<meta property=\"og:url\" content=\"https:\/\/citywall.eu\/it\/tappeti\/\" \/>\n<meta property=\"og:site_name\" content=\"Citywall.eu\" \/>\n<meta property=\"article:modified_time\" content=\"2020-04-15T20:46:00+00:00\" \/>\n<meta name=\"twitter:card\" content=\"summary_large_image\" \/>\n<meta name=\"twitter:label1\" content=\"Tempo di lettura stimato\" \/>\n\t<meta name=\"twitter:data1\" content=\"10 minuti\" \/>\n<script type=\"application\/ld+json\" class=\"yoast-schema-graph\">{\"@context\":\"https:\\\/\\\/schema.org\",\"@graph\":[{\"@type\":\"WebPage\",\"@id\":\"https:\\\/\\\/citywall.eu\\\/it\\\/tappeti\\\/\",\"url\":\"https:\\\/\\\/citywall.eu\\\/it\\\/tappeti\\\/\",\"name\":\"Tappeti - Citywall.eu\",\"isPartOf\":{\"@id\":\"https:\\\/\\\/citywall.eu\\\/it\\\/#website\"},\"datePublished\":\"2019-08-26T06:43:07+00:00\",\"dateModified\":\"2020-04-15T20:46:00+00:00\",\"breadcrumb\":{\"@id\":\"https:\\\/\\\/citywall.eu\\\/it\\\/tappeti\\\/#breadcrumb\"},\"inLanguage\":\"it-IT\",\"potentialAction\":[{\"@type\":\"ReadAction\",\"target\":[\"https:\\\/\\\/citywall.eu\\\/it\\\/tappeti\\\/\"]}]},{\"@type\":\"BreadcrumbList\",\"@id\":\"https:\\\/\\\/citywall.eu\\\/it\\\/tappeti\\\/#breadcrumb\",\"itemListElement\":[{\"@type\":\"ListItem\",\"position\":1,\"name\":\"Home\",\"item\":\"https:\\\/\\\/citywall.eu\\\/it\\\/\"},{\"@type\":\"ListItem\",\"position\":2,\"name\":\"Tappeti\"}]},{\"@type\":\"WebSite\",\"@id\":\"https:\\\/\\\/citywall.eu\\\/it\\\/#website\",\"url\":\"https:\\\/\\\/citywall.eu\\\/it\\\/\",\"name\":\"Citywall.eu\",\"description\":\"Produttore di pareti d'arrampicata\",\"potentialAction\":[{\"@type\":\"SearchAction\",\"target\":{\"@type\":\"EntryPoint\",\"urlTemplate\":\"https:\\\/\\\/citywall.eu\\\/it\\\/?s={search_term_string}\"},\"query-input\":{\"@type\":\"PropertyValueSpecification\",\"valueRequired\":true,\"valueName\":\"search_term_string\"}}],\"inLanguage\":\"it-IT\"}]}<\/script>\n<!-- \/ Yoast SEO plugin. -->","yoast_head_json":{"title":"Tappeti - Citywall.eu","robots":{"index":"index","follow":"follow","max-snippet":"max-snippet:-1","max-image-preview":"max-image-preview:large","max-video-preview":"max-video-preview:-1"},"canonical":"https:\/\/citywall.eu\/it\/tappeti\/","og_locale":"it_IT","og_type":"article","og_title":"Tappeti - Citywall.eu","og_url":"https:\/\/citywall.eu\/it\/tappeti\/","og_site_name":"Citywall.eu","article_modified_time":"2020-04-15T20:46:00+00:00","twitter_card":"summary_large_image","twitter_misc":{"Tempo di lettura stimato":"10 minuti"},"schema":{"@context":"https:\/\/schema.org","@graph":[{"@type":"WebPage","@id":"https:\/\/citywall.eu\/it\/tappeti\/","url":"https:\/\/citywall.eu\/it\/tappeti\/","name":"Tappeti - Citywall.eu","isPartOf":{"@id":"https:\/\/citywall.eu\/it\/#website"},"datePublished":"2019-08-26T06:43:07+00:00","dateModified":"2020-04-15T20:46:00+00:00","breadcrumb":{"@id":"https:\/\/citywall.eu\/it\/tappeti\/#breadcrumb"},"inLanguage":"it-IT","potentialAction":[{"@type":"ReadAction","target":["https:\/\/citywall.eu\/it\/tappeti\/"]}]},{"@type":"BreadcrumbList","@id":"https:\/\/citywall.eu\/it\/tappeti\/#breadcrumb","itemListElement":[{"@type":"ListItem","position":1,"name":"Home","item":"https:\/\/citywall.eu\/it\/"},{"@type":"ListItem","position":2,"name":"Tappeti"}]},{"@type":"WebSite","@id":"https:\/\/citywall.eu\/it\/#website","url":"https:\/\/citywall.eu\/it\/","name":"Citywall.eu","description":"Produttore di pareti d'arrampicata","potentialAction":[{"@type":"SearchAction","target":{"@type":"EntryPoint","urlTemplate":"https:\/\/citywall.eu\/it\/?s={search_term_string}"},"query-input":{"@type":"PropertyValueSpecification","valueRequired":true,"valueName":"search_term_string"}}],"inLanguage":"it-IT"}]}},"_links":{"self":[{"href":"https:\/\/citywall.eu\/it\/wp-json\/wp\/v2\/pages\/2792","targetHints":{"allow":["GET"]}}],"collection":[{"href":"https:\/\/citywall.eu\/it\/wp-json\/wp\/v2\/pages"}],"about":[{"href":"https:\/\/citywall.eu\/it\/wp-json\/wp\/v2\/types\/page"}],"author":[{"embeddable":true,"href":"https:\/\/citywall.eu\/it\/wp-json\/wp\/v2\/users\/2"}],"replies":[{"embeddable":true,"href":"https:\/\/citywall.eu\/it\/wp-json\/wp\/v2\/comments?post=2792"}],"version-history":[{"count":0,"href":"https:\/\/citywall.eu\/it\/wp-json\/wp\/v2\/pages\/2792\/revisions"}],"wp:attachment":[{"href":"https:\/\/citywall.eu\/it\/wp-json\/wp\/v2\/media?parent=2792"}],"curies":[{"name":"wp","href":"https:\/\/api.w.org\/{rel}","templated":true}]}}