{"id":12977,"date":"2019-08-23T12:06:11","date_gmt":"2019-08-23T12:06:11","guid":{"rendered":"http:\/\/citywall.eu\/?page_id=12977"},"modified":"2025-01-13T08:53:42","modified_gmt":"2025-01-13T08:53:42","slug":"plezalni-makroji-volumni-in-oprimki","status":"publish","type":"page","link":"https:\/\/citywall.eu\/sl\/plezalni-makroji-volumni-in-oprimki\/","title":{"rendered":"Plezalni makroji, volumni in oprimki"},"content":{"rendered":"\n<style type=\"text\/css\" data-created_by=\"avia_inline_auto\" id=\"style-css-av-jzl895pb-cb3225d90845482a5a10c58bb98b8c2b\">\n.avia-section.av-jzl895pb-cb3225d90845482a5a10c58bb98b8c2b{\nbackground-repeat:no-repeat;\nbackground-image:url(https:\/\/citywall.eu\/wp-content\/uploads\/2024\/09\/macros-volumes-and-holds-1500x630.png);\nbackground-position:50% 50%;\nbackground-attachment:fixed;\n}\n.avia-section.av-jzl895pb-cb3225d90845482a5a10c58bb98b8c2b .av-section-color-overlay{\nopacity:0.5;\nbackground-color:#1c75bc;\n}\n<\/style>\n<div id='av_section_1'  class='avia-section av-jzl895pb-cb3225d90845482a5a10c58bb98b8c2b main_color avia-section-default avia-no-border-styling  avia-builder-el-0  el_before_av_one_full  avia-builder-el-first  avia-full-stretch avia-bg-style-fixed av-section-color-overlay-active av-minimum-height av-minimum-height-custom av-height-custom  container_wrap fullsize'  data-section-bg-repeat='stretch' data-av_minimum_height_px='500'><div class=\"av-section-color-overlay-wrap\"><div class=\"av-section-color-overlay\"><\/div><div class='container av-section-cont-open' style='height:500px'><main  role=\"main\" itemprop=\"mainContentOfPage\"  class='template-page content  av-content-full alpha units'><div class='post-entry post-entry-type-page post-entry-12977'><div class='entry-content-wrapper clearfix'>\n\n<style type=\"text\/css\" data-created_by=\"avia_inline_auto\" id=\"style-css-av-9g9jr-9d20c51e10896fe66a1bd020c73a9bd2\">\n#top .av-special-heading.av-9g9jr-9d20c51e10896fe66a1bd020c73a9bd2{\npadding-bottom:20px;\ncolor:#ffffff;\nfont-size:50px;\n}\nbody .av-special-heading.av-9g9jr-9d20c51e10896fe66a1bd020c73a9bd2 .av-special-heading-tag .heading-char{\nfont-size:25px;\n}\n#top #wrap_all .av-special-heading.av-9g9jr-9d20c51e10896fe66a1bd020c73a9bd2 .av-special-heading-tag{\nfont-size:50px;\n}\n.av-special-heading.av-9g9jr-9d20c51e10896fe66a1bd020c73a9bd2 .special-heading-inner-border{\nborder-color:#ffffff;\n}\n.av-special-heading.av-9g9jr-9d20c51e10896fe66a1bd020c73a9bd2 .av-subheading{\nfont-size:15px;\n}\n\n@media only screen and (min-width: 480px) and (max-width: 767px){ \n#top #wrap_all .av-special-heading.av-9g9jr-9d20c51e10896fe66a1bd020c73a9bd2 .av-special-heading-tag{\nfont-size:0.8em;\n}\n}\n\n@media only screen and (max-width: 479px){ \n#top #wrap_all .av-special-heading.av-9g9jr-9d20c51e10896fe66a1bd020c73a9bd2 .av-special-heading-tag{\nfont-size:0.8em;\n}\n}\n<\/style>\n<div  class='av-special-heading av-9g9jr-9d20c51e10896fe66a1bd020c73a9bd2 av-special-heading-h2 custom-color-heading blockquote modern-quote modern-centered  avia-builder-el-1  el_before_av_heading  avia-builder-el-first  av-inherit-size av-linked-heading'><h2 class='av-special-heading-tag '  itemprop=\"headline\"  >PLEZALNI MAKRI, VOLUMNI IN OPRIMKI<\/h2><div class=\"special-heading-border\"><div class=\"special-heading-inner-border\"><\/div><\/div><\/div>\n\n<style type=\"text\/css\" data-created_by=\"avia_inline_auto\" id=\"style-css-av-m12b9byc-598f7c862260ac356e5654461ada1708\">\n#top .av-special-heading.av-m12b9byc-598f7c862260ac356e5654461ada1708{\npadding-bottom:20px;\ncolor:#ffffff;\nfont-size:40px;\n}\nbody .av-special-heading.av-m12b9byc-598f7c862260ac356e5654461ada1708 .av-special-heading-tag .heading-char{\nfont-size:25px;\n}\n#top #wrap_all .av-special-heading.av-m12b9byc-598f7c862260ac356e5654461ada1708 .av-special-heading-tag{\nfont-size:40px;\n}\n.av-special-heading.av-m12b9byc-598f7c862260ac356e5654461ada1708 .special-heading-inner-border{\nborder-color:#ffffff;\n}\n.av-special-heading.av-m12b9byc-598f7c862260ac356e5654461ada1708 .av-subheading{\nfont-size:15px;\n}\n\n@media only screen and (min-width: 480px) and (max-width: 767px){ \n#top #wrap_all .av-special-heading.av-m12b9byc-598f7c862260ac356e5654461ada1708 .av-special-heading-tag{\nfont-size:0.8em;\n}\n}\n\n@media only screen and (max-width: 479px){ \n#top #wrap_all .av-special-heading.av-m12b9byc-598f7c862260ac356e5654461ada1708 .av-special-heading-tag{\nfont-size:0.8em;\n}\n}\n<\/style>\n<div  class='av-special-heading av-m12b9byc-598f7c862260ac356e5654461ada1708 av-special-heading-h2 custom-color-heading blockquote modern-quote modern-centered  avia-builder-el-2  el_after_av_heading  avia-builder-el-last  av-inherit-size av-linked-heading'><h2 class='av-special-heading-tag '  itemprop=\"headline\"  >Razi\u0161\u010dite popolno prileganje va\u0161i plezalni steni vodilnih blagovnih znamk, znanih po inovativnosti in kakovosti.<\/h2><div class=\"special-heading-border\"><div class=\"special-heading-inner-border\"><\/div><\/div><\/div>\n<\/div><\/div><\/main><!-- close content main element --><\/div><\/div><\/div><div id='after_section_1'  class='main_color av_default_container_wrap container_wrap fullsize'  ><div class='container av-section-cont-open' ><div class='template-page content  av-content-full alpha units'><div class='post-entry post-entry-type-page post-entry-12977'><div class='entry-content-wrapper clearfix'>\n\n<style type=\"text\/css\" data-created_by=\"avia_inline_auto\" id=\"style-css-av-pawd-ca3c9eed0b00d3af6dbf251f79a379b3\">\n.flex_column.av-pawd-ca3c9eed0b00d3af6dbf251f79a379b3{\n-webkit-border-radius:0px 0px 0px 0px;\n-moz-border-radius:0px 0px 0px 0px;\nborder-radius:0px 0px 0px 0px;\npadding:0px 0px 0px 0px;\n}\n<\/style>\n<div  class='flex_column av-pawd-ca3c9eed0b00d3af6dbf251f79a379b3 av_one_full  avia-builder-el-3  el_after_av_section  el_before_av_hr  avia-builder-el-first  first flex_column_div av-zero-column-padding  '     ><style type=\"text\/css\" data-created_by=\"avia_inline_auto\" id=\"style-css-av-160fx-b03e4eb33a8ca7001f5204445434dafb\">\n#top .av_textblock_section.av-160fx-b03e4eb33a8ca7001f5204445434dafb .avia_textblock{\nfont-size:22px;\ncolor:#000000;\n}\n<\/style>\n<section  class='av_textblock_section av-160fx-b03e4eb33a8ca7001f5204445434dafb '   itemscope=\"itemscope\" itemtype=\"https:\/\/schema.org\/CreativeWork\" ><div class='avia_textblock av_inherit_color'  itemprop=\"text\" ><h3 style=\"text-align: center;\">Smo ponosni lastniki blagovnih znamk <span style=\"color: #3366ff;\"><a style=\"color: #3366ff;\" href=\"https:\/\/climbinggymheaven.com\/illusion\/\">Illusion<\/a><\/span> (IFSC), <span style=\"color: #3366ff;\"><a style=\"color: #3366ff;\" href=\"https:\/\/climbinggymheaven.com\/infinity\/\">Infinity<\/a><\/span> in <span style=\"color: #3366ff;\"><a style=\"color: #3366ff;\" href=\"https:\/\/climbinggymheaven.com\/climb-1\/\">Climb1<\/a><\/span>. Sodelujemo tudi z Agripp, So iLL, Expression Holds, Ember, Play in Trinity Original, visoko kakovostnimi in raznolikimi ponudniki plezalnih makrov, volumnov in oprimkov. Njihove izdelke lahko dodamo v po\u0161iljko plo\u0161\u010d plezalnih sten, kar nam omogo\u010da velike prihranke pri stro\u0161kih po\u0161iljanja, kar se odra\u017ea pri na\u0161ih kupcih s popustom na izbrano plezalno opremo.<\/h3>\n<\/div><\/section><\/div>\n\n<style type=\"text\/css\" data-created_by=\"avia_inline_auto\" id=\"style-css-av-jztw168i-75b7d40b4a02a848bd84c674dd1ae0fd\">\n#top .hr.hr-invisible.av-jztw168i-75b7d40b4a02a848bd84c674dd1ae0fd{\nheight:50px;\n}\n<\/style>\n<div  class='hr av-jztw168i-75b7d40b4a02a848bd84c674dd1ae0fd hr-invisible  avia-builder-el-5  el_after_av_one_full  el_before_av_image '><span class='hr-inner '><span class=\"hr-inner-style\"><\/span><\/span><\/div>\n\n<style type=\"text\/css\" data-created_by=\"avia_inline_auto\" id=\"style-css-av-jznz2ubb-6a913675e58d1038f85be3c7b6e29d5f\">\n.avia-image-container.av-jznz2ubb-6a913675e58d1038f85be3c7b6e29d5f img.avia_image{\n-webkit-box-shadow:none;\n-moz-box-shadow:none;\nbox-shadow:none;\n}\n.avia-image-container.av-jznz2ubb-6a913675e58d1038f85be3c7b6e29d5f .av-image-caption-overlay-center{\ncolor:#ffffff;\n}\n<\/style>\n<div  class='avia-image-container av-jznz2ubb-6a913675e58d1038f85be3c7b6e29d5f av-styling- avia-align-center  avia-builder-el-6  el_after_av_hr  el_before_av_hr '   itemprop=\"image\" itemscope=\"itemscope\" itemtype=\"https:\/\/schema.org\/ImageObject\" ><div class=\"avia-image-container-inner\"><div class=\"avia-image-overlay-wrap\"><img class='avia_image ' src='https:\/\/citywall.eu\/wp-content\/uploads\/2019\/08\/Holds-and-volumes.jpg' alt='' title='Holds-and-volumes'  height=\"555\" width=\"1140\"  itemprop=\"thumbnailUrl\"  \/><\/div><\/div><\/div>\n\n<style type=\"text\/css\" data-created_by=\"avia_inline_auto\" id=\"style-css-av-jztw168i-75b7d40b4a02a848bd84c674dd1ae0fd\">\n#top .hr.hr-invisible.av-jztw168i-75b7d40b4a02a848bd84c674dd1ae0fd{\nheight:50px;\n}\n<\/style>\n<div  class='hr av-jztw168i-75b7d40b4a02a848bd84c674dd1ae0fd hr-invisible  avia-builder-el-7  el_after_av_image  el_before_av_section  avia-builder-el-last '><span class='hr-inner '><span class=\"hr-inner-style\"><\/span><\/span><\/div>\n<\/div><\/div><\/div><!-- close content main div --><\/div><\/div>\n<style type=\"text\/css\" data-created_by=\"avia_inline_auto\" id=\"style-css-av-26ttj-62df393aebffc334d59ed2089824ecfb\">\n.avia-section.av-26ttj-62df393aebffc334d59ed2089824ecfb{\nbackground-repeat:repeat;\nbackground-image:url(https:\/\/citywall.eu\/wp-content\/uploads\/2019\/08\/Ozadje-brand_02.jpg);\nbackground-position:50% 100%;\nbackground-attachment:scroll;\n}\n<\/style>\n<div id='av_section_2'  class='avia-section av-26ttj-62df393aebffc334d59ed2089824ecfb main_color avia-section-default avia-no-border-styling  avia-builder-el-8  el_after_av_hr  avia-builder-el-last  avia-bg-style-scroll container_wrap fullsize'  data-section-bg-repeat='repeat'><div class='container av-section-cont-open' ><div class='template-page content  av-content-full alpha units'><div class='post-entry post-entry-type-page post-entry-12977'><div class='entry-content-wrapper clearfix'>\n\n<style type=\"text\/css\" data-created_by=\"avia_inline_auto\" id=\"style-css-av-jz9teztm-eb6ff4ab0de3ecc9e72c789981279088\">\n#top .hr.hr-invisible.av-jz9teztm-eb6ff4ab0de3ecc9e72c789981279088{\nheight:20px;\n}\n<\/style>\n<div  class='hr av-jz9teztm-eb6ff4ab0de3ecc9e72c789981279088 hr-invisible  avia-builder-el-9  el_before_av_one_full  avia-builder-el-first '><span class='hr-inner '><span class=\"hr-inner-style\"><\/span><\/span><\/div>\n\n<style type=\"text\/css\" data-created_by=\"avia_inline_auto\" id=\"style-css-av-y2jz-35f22dadf6deaff7fbad455ada4da7d2\">\n.flex_column.av-y2jz-35f22dadf6deaff7fbad455ada4da7d2{\n-webkit-border-radius:0px 0px 0px 0px;\n-moz-border-radius:0px 0px 0px 0px;\nborder-radius:0px 0px 0px 0px;\npadding:0px 0px 0px 0px;\n}\n<\/style>\n<div  class='flex_column av-y2jz-35f22dadf6deaff7fbad455ada4da7d2 av_one_full  avia-builder-el-10  el_after_av_hr  el_before_av_image  first flex_column_div av-animated-generic fade-in av-zero-column-padding  '     ><style type=\"text\/css\" data-created_by=\"avia_inline_auto\" id=\"style-css-av-m12c44wx-3a12de6cb0e29b6801d3afdc5fa3ef37\">\n#top .av-special-heading.av-m12c44wx-3a12de6cb0e29b6801d3afdc5fa3ef37{\npadding-bottom:10px;\ncolor:#ffffff;\nfont-size:46px;\n}\nbody .av-special-heading.av-m12c44wx-3a12de6cb0e29b6801d3afdc5fa3ef37 .av-special-heading-tag .heading-char{\nfont-size:25px;\n}\n#top #wrap_all .av-special-heading.av-m12c44wx-3a12de6cb0e29b6801d3afdc5fa3ef37 .av-special-heading-tag{\nfont-size:46px;\n}\n.av-special-heading.av-m12c44wx-3a12de6cb0e29b6801d3afdc5fa3ef37 .special-heading-inner-border{\nborder-color:#ffffff;\n}\n.av-special-heading.av-m12c44wx-3a12de6cb0e29b6801d3afdc5fa3ef37 .av-subheading{\nfont-size:15px;\n}\n\n@media only screen and (min-width: 480px) and (max-width: 767px){ \n#top #wrap_all .av-special-heading.av-m12c44wx-3a12de6cb0e29b6801d3afdc5fa3ef37 .av-special-heading-tag{\nfont-size:0.8em;\n}\n}\n\n@media only screen and (max-width: 479px){ \n#top #wrap_all .av-special-heading.av-m12c44wx-3a12de6cb0e29b6801d3afdc5fa3ef37 .av-special-heading-tag{\nfont-size:0.8em;\n}\n}\n<\/style>\n<div  class='av-special-heading av-m12c44wx-3a12de6cb0e29b6801d3afdc5fa3ef37 av-special-heading-h2 custom-color-heading blockquote modern-quote modern-centered  avia-builder-el-11  avia-builder-el-no-sibling  av-inherit-size av-linked-heading'><h2 class='av-special-heading-tag '  itemprop=\"headline\"  >NA\u0160E LASTNE ZNAMKE PLEZALNIH MAKROV, VOLUMNOV IN OPRIMKOV<\/h2><div class=\"special-heading-border\"><div class=\"special-heading-inner-border\"><\/div><\/div><\/div><\/div>\n<style type=\"text\/css\" data-created_by=\"avia_inline_auto\" id=\"style-css-av-m12bgu3r-ca65f872cf9c5e78276154d2dd9eb5fe\">\n.avia-image-container.av-m12bgu3r-ca65f872cf9c5e78276154d2dd9eb5fe img.avia_image{\n-webkit-box-shadow:none;\n-moz-box-shadow:none;\nbox-shadow:none;\n}\n.avia-image-container.av-m12bgu3r-ca65f872cf9c5e78276154d2dd9eb5fe .av-image-caption-overlay-center{\ncolor:#ffffff;\n}\n<\/style>\n<div  class='avia-image-container av-m12bgu3r-ca65f872cf9c5e78276154d2dd9eb5fe av-styling- av-img-linked avia-align-center  avia-builder-el-12  el_after_av_one_full  el_before_av_one_third '   itemprop=\"image\" itemscope=\"itemscope\" itemtype=\"https:\/\/schema.org\/ImageObject\" ><div class=\"avia-image-container-inner\"><div class=\"avia-image-overlay-wrap\"><a href=\"https:\/\/climbinggymheaven.com\/\" class='avia_image '  aria-label='20042_CW_ClimbingGymHeaven_logo_koncen_barven_transparentno_ozadje'><img class='avia_image ' src='https:\/\/citywall.eu\/wp-content\/uploads\/2025\/01\/20042_CW_ClimbingGymHeaven_logo_koncen_barven_transparentno_ozadje.png' alt='' title='20042_CW_ClimbingGymHeaven_logo_koncen_barven_transparentno_ozadje'  height=\"595\" width=\"842\"  itemprop=\"thumbnailUrl\"  \/><\/a><\/div><\/div><\/div>\n\n<style type=\"text\/css\" data-created_by=\"avia_inline_auto\" id=\"style-css-av-1rprf-28da05c25e2159c15a1f0b388d2d9848\">\n.flex_column.av-1rprf-28da05c25e2159c15a1f0b388d2d9848{\n-webkit-border-radius:0px 0px 0px 0px;\n-moz-border-radius:0px 0px 0px 0px;\nborder-radius:0px 0px 0px 0px;\npadding:0px 0px 0px 0px;\n}\n<\/style>\n<div  class='flex_column av-1rprf-28da05c25e2159c15a1f0b388d2d9848 av_one_third  avia-builder-el-13  el_after_av_image  el_before_av_one_third  first flex_column_div av-animated-generic fade-in av-zero-column-padding  '     ><p>\n<style type=\"text\/css\" data-created_by=\"avia_inline_auto\" id=\"style-css-av-jzb2wetb-c79b73e6a497e7dc8af45a2c262a9d1d\">\n.avia-image-container.av-jzb2wetb-c79b73e6a497e7dc8af45a2c262a9d1d img.avia_image{\n-webkit-box-shadow:none;\n-moz-box-shadow:none;\nbox-shadow:none;\n}\n.avia-image-container.av-jzb2wetb-c79b73e6a497e7dc8af45a2c262a9d1d .av-image-caption-overlay-center{\ncolor:#ffffff;\n}\n<\/style>\n<div  class='avia-image-container av-jzb2wetb-c79b73e6a497e7dc8af45a2c262a9d1d av-styling-circle av-img-linked avia-align-center  avia-builder-el-14  el_before_av_textblock  avia-builder-el-first '   itemprop=\"image\" itemscope=\"itemscope\" itemtype=\"https:\/\/schema.org\/ImageObject\" ><div class=\"avia-image-container-inner\"><div class=\"avia-image-overlay-wrap\"><a href=\"https:\/\/climbinggymheaven.com\/illusion\/\" class='avia_image '  aria-label='Illusion_logo_horizontal'><img class='avia_image ' src='https:\/\/citywall.eu\/wp-content\/uploads\/2025\/01\/Illusion_logo_horizontal-300x85.png' alt='' title='Illusion_logo_horizontal'  height=\"85\" width=\"300\"  itemprop=\"thumbnailUrl\"  \/><\/a><\/div><\/div><\/div><br \/>\n\n<style type=\"text\/css\" data-created_by=\"avia_inline_auto\" id=\"style-css-av-jzb4j731-aca31634c3c8f52dfb228f23420e1e61\">\n#top .av_textblock_section.av-jzb4j731-aca31634c3c8f52dfb228f23420e1e61 .avia_textblock{\nfont-size:20px;\ncolor:#ffffff;\n}\n<\/style>\n<section  class='av_textblock_section av-jzb4j731-aca31634c3c8f52dfb228f23420e1e61 '   itemscope=\"itemscope\" itemtype=\"https:\/\/schema.org\/CreativeWork\" ><div class='avia_textblock av_inherit_color'  itemprop=\"text\" ><h3 style=\"text-align: center;\"><strong><a href=\"https:\/\/climbinggymheaven.com\/illusion\/\">Poglejte ve\u010d&#8230;<\/a><\/strong><\/h3>\n<\/div><\/section><\/p><\/div>\n<style type=\"text\/css\" data-created_by=\"avia_inline_auto\" id=\"style-css-av-1rprf-5d55db15caf811370f6851e94ad7b5a2\">\n.flex_column.av-1rprf-5d55db15caf811370f6851e94ad7b5a2{\n-webkit-border-radius:0px 0px 0px 0px;\n-moz-border-radius:0px 0px 0px 0px;\nborder-radius:0px 0px 0px 0px;\npadding:0px 0px 0px 0px;\n}\n<\/style>\n<div  class='flex_column av-1rprf-5d55db15caf811370f6851e94ad7b5a2 av_one_third  avia-builder-el-16  el_after_av_one_third  el_before_av_one_third  flex_column_div av-animated-generic fade-in av-zero-column-padding  '     ><p>\n<style type=\"text\/css\" data-created_by=\"avia_inline_auto\" id=\"style-css-av-m5ut2viy-5ef31d6796f3380e9a4abff5f2fbaba5\">\n.avia-image-container.av-m5ut2viy-5ef31d6796f3380e9a4abff5f2fbaba5 img.avia_image{\n-webkit-box-shadow:none;\n-moz-box-shadow:none;\nbox-shadow:none;\n}\n.avia-image-container.av-m5ut2viy-5ef31d6796f3380e9a4abff5f2fbaba5 .av-image-caption-overlay-center{\ncolor:#ffffff;\n}\n<\/style>\n<div  class='avia-image-container av-m5ut2viy-5ef31d6796f3380e9a4abff5f2fbaba5 av-styling- av-img-linked avia-align-center  avia-builder-el-17  el_before_av_textblock  avia-builder-el-first '   itemprop=\"image\" itemscope=\"itemscope\" itemtype=\"https:\/\/schema.org\/ImageObject\" ><div class=\"avia-image-container-inner\"><div class=\"avia-image-overlay-wrap\"><a href=\"https:\/\/climbinggymheaven.com\/illusion\/\" class='avia_image '  aria-label='Infinity-logo_new_2023-15-e1688451948128'><img class='avia_image ' src='https:\/\/citywall.eu\/wp-content\/uploads\/2025\/01\/Infinity-logo_new_2023-15-e1688451948128-300x174.png' alt='' title='Infinity-logo_new_2023-15-e1688451948128'  height=\"174\" width=\"300\"  itemprop=\"thumbnailUrl\"  \/><\/a><\/div><\/div><\/div><br \/>\n\n<style type=\"text\/css\" data-created_by=\"avia_inline_auto\" id=\"style-css-av-jzb4j731-aca31634c3c8f52dfb228f23420e1e61\">\n#top .av_textblock_section.av-jzb4j731-aca31634c3c8f52dfb228f23420e1e61 .avia_textblock{\nfont-size:20px;\ncolor:#ffffff;\n}\n<\/style>\n<section  class='av_textblock_section av-jzb4j731-aca31634c3c8f52dfb228f23420e1e61 '   itemscope=\"itemscope\" itemtype=\"https:\/\/schema.org\/CreativeWork\" ><div class='avia_textblock av_inherit_color'  itemprop=\"text\" ><h3 style=\"text-align: center;\"><strong><a href=\"https:\/\/climbinggymheaven.com\/infinity\/\">Poglejte ve\u010d&#8230;<\/a><\/strong><\/h3>\n<\/div><\/section><\/p><\/div>\n<style type=\"text\/css\" data-created_by=\"avia_inline_auto\" id=\"style-css-av-1rprf-5d55db15caf811370f6851e94ad7b5a2\">\n.flex_column.av-1rprf-5d55db15caf811370f6851e94ad7b5a2{\n-webkit-border-radius:0px 0px 0px 0px;\n-moz-border-radius:0px 0px 0px 0px;\nborder-radius:0px 0px 0px 0px;\npadding:0px 0px 0px 0px;\n}\n<\/style>\n<div  class='flex_column av-1rprf-5d55db15caf811370f6851e94ad7b5a2 av_one_third  avia-builder-el-19  el_after_av_one_third  el_before_av_hr  flex_column_div av-animated-generic fade-in av-zero-column-padding  '     ><p>\n<style type=\"text\/css\" data-created_by=\"avia_inline_auto\" id=\"style-css-av-jzb2w7sz-f8ccae63d3e3cb229cfdbf5280049e24\">\n.avia-image-container.av-jzb2w7sz-f8ccae63d3e3cb229cfdbf5280049e24 img.avia_image{\n-webkit-box-shadow:none;\n-moz-box-shadow:none;\nbox-shadow:none;\n}\n.avia-image-container.av-jzb2w7sz-f8ccae63d3e3cb229cfdbf5280049e24 .av-image-caption-overlay-center{\ncolor:#ffffff;\n}\n<\/style>\n<div  class='avia-image-container av-jzb2w7sz-f8ccae63d3e3cb229cfdbf5280049e24 av-styling-circle av-img-linked avia-align-center  avia-builder-el-20  el_before_av_textblock  avia-builder-el-first '   itemprop=\"image\" itemscope=\"itemscope\" itemtype=\"https:\/\/schema.org\/ImageObject\" ><div class=\"avia-image-container-inner\"><div class=\"avia-image-overlay-wrap\"><a href=\"https:\/\/climbinggymheaven.com\/climb-1\/\" class='avia_image '  aria-label='20066_CW_CLIMB1_logo_for_white_BG'><img class='avia_image ' src='https:\/\/citywall.eu\/wp-content\/uploads\/2025\/01\/20066_CW_CLIMB1_logo_for_white_BG-300x112.png' alt='' title='20066_CW_CLIMB1_logo_for_white_BG'  height=\"112\" width=\"300\"  itemprop=\"thumbnailUrl\"  \/><\/a><\/div><\/div><\/div><br \/>\n\n<style type=\"text\/css\" data-created_by=\"avia_inline_auto\" id=\"style-css-av-jzb4j731-aca31634c3c8f52dfb228f23420e1e61\">\n#top .av_textblock_section.av-jzb4j731-aca31634c3c8f52dfb228f23420e1e61 .avia_textblock{\nfont-size:20px;\ncolor:#ffffff;\n}\n<\/style>\n<section  class='av_textblock_section av-jzb4j731-aca31634c3c8f52dfb228f23420e1e61 '   itemscope=\"itemscope\" itemtype=\"https:\/\/schema.org\/CreativeWork\" ><div class='avia_textblock av_inherit_color'  itemprop=\"text\" ><h3 style=\"text-align: center;\"><strong><a href=\"https:\/\/climbinggymheaven.com\/climb-1\/\">Poglejte ve\u010d&#8230;<\/a><\/strong><\/h3>\n<\/div><\/section><\/p><\/div>\n<style type=\"text\/css\" data-created_by=\"avia_inline_auto\" id=\"style-css-av-jz9teztm-c9ec008dfb071e2f99e37ddbbcfd364a\">\n#top .hr.hr-invisible.av-jz9teztm-c9ec008dfb071e2f99e37ddbbcfd364a{\nheight:10px;\n}\n<\/style>\n<div  class='hr av-jz9teztm-c9ec008dfb071e2f99e37ddbbcfd364a hr-invisible  avia-builder-el-22  el_after_av_one_third  avia-builder-el-last '><span class='hr-inner '><span class=\"hr-inner-style\"><\/span><\/span><\/div>\n\n","protected":false},"excerpt":{"rendered":"","protected":false},"author":1,"featured_media":0,"parent":0,"menu_order":0,"comment_status":"closed","ping_status":"closed","template":"","meta":{"inline_featured_image":false,"footnotes":""},"class_list":["post-12977","page","type-page","status-publish","hentry"],"acf":[],"yoast_head":"<!-- This site is optimized with the Yoast SEO plugin v27.3 - https:\/\/yoast.com\/product\/yoast-seo-wordpress\/ -->\n<title>Plezalni makroji, volumni in oprimki - Citywall.eu<\/title>\n<meta name=\"robots\" content=\"index, follow, max-snippet:-1, max-image-preview:large, max-video-preview:-1\" \/>\n<link rel=\"canonical\" href=\"https:\/\/citywall.eu\/sl\/plezalni-makroji-volumni-in-oprimki\/\" \/>\n<meta property=\"og:locale\" content=\"sl_SI\" \/>\n<meta property=\"og:type\" content=\"article\" \/>\n<meta property=\"og:title\" content=\"Plezalni makroji, volumni in oprimki - Citywall.eu\" \/>\n<meta property=\"og:url\" content=\"https:\/\/citywall.eu\/sl\/plezalni-makroji-volumni-in-oprimki\/\" \/>\n<meta property=\"og:site_name\" content=\"Citywall.eu\" \/>\n<meta property=\"article:modified_time\" content=\"2025-01-13T08:53:42+00:00\" \/>\n<meta name=\"twitter:card\" content=\"summary_large_image\" \/>\n<meta name=\"twitter:label1\" content=\"Est. reading time\" \/>\n\t<meta name=\"twitter:data1\" content=\"2 minuti\" \/>\n<script type=\"application\/ld+json\" class=\"yoast-schema-graph\">{\"@context\":\"https:\\\/\\\/schema.org\",\"@graph\":[{\"@type\":\"WebPage\",\"@id\":\"https:\\\/\\\/citywall.eu\\\/sl\\\/plezalni-makroji-volumni-in-oprimki\\\/\",\"url\":\"https:\\\/\\\/citywall.eu\\\/sl\\\/plezalni-makroji-volumni-in-oprimki\\\/\",\"name\":\"Plezalni makroji, volumni in oprimki - Citywall.eu\",\"isPartOf\":{\"@id\":\"https:\\\/\\\/citywall.eu\\\/sl\\\/#website\"},\"datePublished\":\"2019-08-23T12:06:11+00:00\",\"dateModified\":\"2025-01-13T08:53:42+00:00\",\"breadcrumb\":{\"@id\":\"https:\\\/\\\/citywall.eu\\\/sl\\\/plezalni-makroji-volumni-in-oprimki\\\/#breadcrumb\"},\"inLanguage\":\"sl-SI\",\"potentialAction\":[{\"@type\":\"ReadAction\",\"target\":[\"https:\\\/\\\/citywall.eu\\\/sl\\\/plezalni-makroji-volumni-in-oprimki\\\/\"]}]},{\"@type\":\"BreadcrumbList\",\"@id\":\"https:\\\/\\\/citywall.eu\\\/sl\\\/plezalni-makroji-volumni-in-oprimki\\\/#breadcrumb\",\"itemListElement\":[{\"@type\":\"ListItem\",\"position\":1,\"name\":\"Home\",\"item\":\"https:\\\/\\\/citywall.eu\\\/sl\\\/homepage\\\/\"},{\"@type\":\"ListItem\",\"position\":2,\"name\":\"Plezalni makroji, volumni in oprimki\"}]},{\"@type\":\"WebSite\",\"@id\":\"https:\\\/\\\/citywall.eu\\\/sl\\\/#website\",\"url\":\"https:\\\/\\\/citywall.eu\\\/sl\\\/\",\"name\":\"Citywall.eu\",\"description\":\"Climbing Walls Manufacturer\",\"potentialAction\":[{\"@type\":\"SearchAction\",\"target\":{\"@type\":\"EntryPoint\",\"urlTemplate\":\"https:\\\/\\\/citywall.eu\\\/sl\\\/?s={search_term_string}\"},\"query-input\":{\"@type\":\"PropertyValueSpecification\",\"valueRequired\":true,\"valueName\":\"search_term_string\"}}],\"inLanguage\":\"sl-SI\"}]}<\/script>\n<!-- \/ Yoast SEO plugin. -->","yoast_head_json":{"title":"Plezalni makroji, volumni in oprimki - Citywall.eu","robots":{"index":"index","follow":"follow","max-snippet":"max-snippet:-1","max-image-preview":"max-image-preview:large","max-video-preview":"max-video-preview:-1"},"canonical":"https:\/\/citywall.eu\/sl\/plezalni-makroji-volumni-in-oprimki\/","og_locale":"sl_SI","og_type":"article","og_title":"Plezalni makroji, volumni in oprimki - Citywall.eu","og_url":"https:\/\/citywall.eu\/sl\/plezalni-makroji-volumni-in-oprimki\/","og_site_name":"Citywall.eu","article_modified_time":"2025-01-13T08:53:42+00:00","twitter_card":"summary_large_image","twitter_misc":{"Est. reading time":"2 minuti"},"schema":{"@context":"https:\/\/schema.org","@graph":[{"@type":"WebPage","@id":"https:\/\/citywall.eu\/sl\/plezalni-makroji-volumni-in-oprimki\/","url":"https:\/\/citywall.eu\/sl\/plezalni-makroji-volumni-in-oprimki\/","name":"Plezalni makroji, volumni in oprimki - Citywall.eu","isPartOf":{"@id":"https:\/\/citywall.eu\/sl\/#website"},"datePublished":"2019-08-23T12:06:11+00:00","dateModified":"2025-01-13T08:53:42+00:00","breadcrumb":{"@id":"https:\/\/citywall.eu\/sl\/plezalni-makroji-volumni-in-oprimki\/#breadcrumb"},"inLanguage":"sl-SI","potentialAction":[{"@type":"ReadAction","target":["https:\/\/citywall.eu\/sl\/plezalni-makroji-volumni-in-oprimki\/"]}]},{"@type":"BreadcrumbList","@id":"https:\/\/citywall.eu\/sl\/plezalni-makroji-volumni-in-oprimki\/#breadcrumb","itemListElement":[{"@type":"ListItem","position":1,"name":"Home","item":"https:\/\/citywall.eu\/sl\/homepage\/"},{"@type":"ListItem","position":2,"name":"Plezalni makroji, volumni in oprimki"}]},{"@type":"WebSite","@id":"https:\/\/citywall.eu\/sl\/#website","url":"https:\/\/citywall.eu\/sl\/","name":"Citywall.eu","description":"Climbing Walls Manufacturer","potentialAction":[{"@type":"SearchAction","target":{"@type":"EntryPoint","urlTemplate":"https:\/\/citywall.eu\/sl\/?s={search_term_string}"},"query-input":{"@type":"PropertyValueSpecification","valueRequired":true,"valueName":"search_term_string"}}],"inLanguage":"sl-SI"}]}},"_links":{"self":[{"href":"https:\/\/citywall.eu\/sl\/wp-json\/wp\/v2\/pages\/12977","targetHints":{"allow":["GET"]}}],"collection":[{"href":"https:\/\/citywall.eu\/sl\/wp-json\/wp\/v2\/pages"}],"about":[{"href":"https:\/\/citywall.eu\/sl\/wp-json\/wp\/v2\/types\/page"}],"author":[{"embeddable":true,"href":"https:\/\/citywall.eu\/sl\/wp-json\/wp\/v2\/users\/1"}],"replies":[{"embeddable":true,"href":"https:\/\/citywall.eu\/sl\/wp-json\/wp\/v2\/comments?post=12977"}],"version-history":[{"count":1,"href":"https:\/\/citywall.eu\/sl\/wp-json\/wp\/v2\/pages\/12977\/revisions"}],"predecessor-version":[{"id":16993,"href":"https:\/\/citywall.eu\/sl\/wp-json\/wp\/v2\/pages\/12977\/revisions\/16993"}],"wp:attachment":[{"href":"https:\/\/citywall.eu\/sl\/wp-json\/wp\/v2\/media?parent=12977"}],"curies":[{"name":"wp","href":"https:\/\/api.w.org\/{rel}","templated":true}]}}